{"id":199,"date":"2022-05-17T10:09:05","date_gmt":"2022-05-17T14:09:05","guid":{"rendered":"https:\/\/sites.smith.edu\/dies-legibiles\/previous-editions\/first-edition-2020-21-copy\/"},"modified":"2025-08-23T18:52:18","modified_gmt":"2025-08-23T22:52:18","slug":"second-edition","status":"publish","type":"page","link":"https:\/\/sites.smith.edu\/dies-legibiles\/editions\/second-edition\/","title":{"rendered":"Second Edition (2021\u201322)"},"content":{"rendered":"<h5><span style=\"color: #993366\"><a style=\"color: #993366\" href=\"https:\/\/sites.smith.edu\/dies-legibiles\/wp-content\/uploads\/sites\/602\/2022\/05\/DLVOLUME2-4.pdf\" target=\"_blank\" rel=\"noopener noreferrer\">Full Volume (PDF)<\/a><\/span><\/h5>\n<h5><span style=\"color: #73346d\"><a style=\"color: #73346d\" href=\"https:\/\/sites.smith.edu\/dies-legibiles\/wp-content\/uploads\/sites\/602\/2022\/05\/DLVOLUME2-Editorial-Staff.pdf\" target=\"_blank\" rel=\"noopener noreferrer\">Editorial Staff<\/a><\/span><\/h5>\n<h5><span style=\"color: #73346d\"><a style=\"color: #73346d\" href=\"https:\/\/sites.smith.edu\/dies-legibiles\/wp-content\/uploads\/sites\/602\/2022\/05\/DLVOLUME2-Contents.pdf\" target=\"_blank\" rel=\"noopener noreferrer\">Table of Contents<\/a><\/span><\/h5>\n<h5><span style=\"color: #73346d\"><a style=\"color: #73346d\" href=\"https:\/\/sites.smith.edu\/dies-legibiles\/wp-content\/uploads\/sites\/602\/2022\/05\/DLVOLUME2-Letter-From-the-Editors.pdf\" target=\"_blank\" rel=\"noopener noreferrer\">Letter from the Editors<\/a><\/span><\/h5>\n<hr \/>\n<h4><span style=\"color: #73346d\"><a style=\"color: #73346d\" href=\"https:\/\/sites.smith.edu\/dies-legibiles\/wp-content\/uploads\/sites\/602\/2022\/05\/DLVOLUME2-An-Acrylic-Reproduction-of-a-14th-Century-Manuscript.pdf\" target=\"_blank\" rel=\"noopener noreferrer\"><b>An Acrylic Reproduction of a 14th Century Manuscript<\/b><\/a><\/span><\/h4>\n<p><em><strong>Jasmine Zhou, Pomona College<\/strong><\/em><\/p>\n<hr \/>\n<h4><span style=\"color: #73346d\"><a style=\"color: #73346d\" href=\"https:\/\/sites.smith.edu\/dies-legibiles\/wp-content\/uploads\/sites\/602\/2022\/05\/DLVOLUME2-Interviews.pdf\" target=\"_blank\" rel=\"noopener noreferrer\">Interviews<\/a><\/span><\/h4>\n<p><strong><em>Conducted by Lily Sickman-Garner, Smith College<\/em><\/strong><\/p>\n<hr \/>\n<h4><span style=\"color: #73346d\"><a style=\"color: #73346d\" href=\"https:\/\/sites.smith.edu\/dies-legibiles\/wp-content\/uploads\/sites\/602\/2022\/05\/DLVOLUME2-Book-Review-on-\u201cThe-Saint-and-the-Count_-A-Case-Study-for-Reading-Like-a-Historian\u201d-by-Leah-Shopkow.pdf\" target=\"_blank\" rel=\"noopener noreferrer\">Book Review on \u201cThe Saint and the Count: A Case Study for Reading Like a Historian\u201d by Leah Shopkow<\/a><\/span><\/h4>\n<p><strong><em>Amy Kitmacher, Smith College<\/em><\/strong><\/p>\n<hr \/>\n<h4><span style=\"color: #993366\"><a style=\"color: #993366\" href=\"https:\/\/sites.smith.edu\/dies-legibiles\/wp-content\/uploads\/sites\/602\/2022\/05\/DLVOLUME2-Book-Review-on-_Alone-Together_-Poetics-of-the-Passions-in-Late-Medieval-Iberia_-by-Henry-Berlin.pdf\" target=\"_blank\" rel=\"noopener noreferrer\">Book Review on <b>\u201cAlone Together: Poetics of the Passion<span style=\"text-decoration: underline\">s in Late Medieval Iberia\u201d by Henry Berlin<\/span><\/b><\/a><\/span><\/h4>\n<p><em><strong>Marian Zens, Smith College<\/strong><\/em><\/p>\n<hr \/>\n<h4><span style=\"color: #73346d\"><a style=\"color: #73346d\" href=\"https:\/\/sites.smith.edu\/dies-legibiles\/wp-content\/uploads\/sites\/602\/2022\/05\/DLVOLUME2-Hildegard-of-Bingen_-A-Self-Made-Saint.pdf\" target=\"_blank\" rel=\"noopener noreferrer\"><b>Hildegard of Bingen: A Self-Made Saint<\/b><\/a><\/span><\/h4>\n<p><strong><em>Jasmine Zhou, Pomona College<\/em><\/strong><\/p>\n<hr \/>\n<h4><span style=\"color: #800080\"><a style=\"color: #800080\" href=\"https:\/\/sites.smith.edu\/dies-legibiles\/wp-content\/uploads\/sites\/602\/2022\/05\/DLVOLUME2-\u201cVictim-Cocktease-Wimp\u201d_-Rethinking-Cecily-Chaumpaigne.pdf\" target=\"_blank\" rel=\"noopener noreferrer\"><b>\u201cVictim, Cocktease, Wimp\u201d: Rethinking Cecily Chaumpaigne<\/b><\/a><\/span><\/h4>\n<p><strong><em>SJ Waring, Smith College<\/em><\/strong><\/p>\n<hr \/>\n<h4><span style=\"color: #73346d\"><a style=\"color: #73346d\" href=\"https:\/\/sites.smith.edu\/dies-legibiles\/wp-content\/uploads\/sites\/602\/2022\/05\/DLVOLUME2-Persians-at-the-Port-of-Pisa_-Diplomatic-and-Trade-Relations-between-the-Carolingians-and-the-Abba\u0304sids-during-the-Reigns-of-Charlemagne-and-Ha\u0304ru\u0304n-al-Rashi\u0304d.pdf\" target=\"_blank\" rel=\"noopener noreferrer\">Persians at the Port of Pisa: Diplomatic and Trade Relations between the Carolingians and the Abb\u0101sids during the Reigns of Charlemagns and H\u0101r\u016bn al-Rash\u012bd<\/a><\/span><\/h4>\n<p><strong><em>Selin Apaydin, Smith College<\/em><\/strong><\/p>\n<hr \/>\n<h4><span style=\"color: #73346d\"><a style=\"color: #73346d\" href=\"https:\/\/sites.smith.edu\/dies-legibiles\/wp-content\/uploads\/sites\/602\/2022\/05\/DLVOLUME2-Women-and-their-Roles-in-Early-Christianity.docx.pdf\" target=\"_blank\" rel=\"noopener noreferrer\"><b>Women and their Roles in Early Christianity <\/b><\/a><\/span><\/h4>\n<p><strong><em>Isabella Double, Smith College<\/em><\/strong><\/p>\n<hr \/>\n<h4><span style=\"color: #73346d\"><a style=\"color: #73346d\" href=\"https:\/\/sites.smith.edu\/dies-legibiles\/wp-content\/uploads\/sites\/602\/2022\/05\/DLVOLUME2-Maryam-Androtokos_-The-Quranic-Mary-Her-Origins-and-Her-Implications.pdf\" target=\"_blank\" rel=\"noopener noreferrer\">Maryam, Androtokos: The Qur&#8217;anic Mary, Her Origins, and Her Implications<\/a><\/span><\/h4>\n<p><strong><em>Selin Apaydin, Smith College<\/em><\/strong><\/p>\n<hr \/>\n<h4><span style=\"color: #73346d\"><a style=\"color: #73346d\" href=\"https:\/\/sites.smith.edu\/dies-legibiles\/wp-content\/uploads\/sites\/602\/2022\/05\/DLVOLUME2-Ma\u00fe\u00feumgyfa-M\u00e6gburh-Mearcstapa_-Colonial-Identity-Building-in-the-Text-and-Treatment-of-Beowulf.pdf\" target=\"_blank\" rel=\"noopener noreferrer\">Ma<b>\u00fe<\/b><b>\u00feumgyfa, M\u00e6gburh, Mearcstapa: Colonial Identity-Building in the Text and Treatment of Beowulf<\/b><\/a><\/span><\/h4>\n<p><strong><em>Colette Calegari, Smith College<\/em><\/strong><\/p>\n<hr \/>\n<h4><span style=\"color: #73346d\"><a style=\"color: #73346d\" href=\"https:\/\/sites.smith.edu\/dies-legibiles\/wp-content\/uploads\/sites\/602\/2022\/05\/DLVOLUME2-Impaired-Gods-and-Holy-Wounds_-Disability-in-the-Eschatology-of-the-Early-Medieval-North-Atlantic.pdf\" target=\"_blank\" rel=\"noopener noreferrer\">Impaired Gods and Holy Wounds: Disability in the Eschatology of the Early Medieval North Atlantic<\/a><\/span><\/h4>\n<p><strong><em>Kaitlin Hapgood, Mount Holyoke College<\/em><\/strong><\/p>\n<hr \/>\n<p>&nbsp;<\/p>\n","protected":false},"excerpt":{"rendered":"<p>Full Volume (PDF) Editorial Staff Table of Contents Letter from the Editors An Acrylic Reproduction of a 14th Century Manuscript Jasmine Zhou, Pomona College Interviews Conducted by Lily Sickman-Garner, Smith College Book Review on \u201cThe Saint and the Count: A Case Study for Reading Like a Historian\u201d by Leah Shopkow Amy Kitmacher, Smith College Book&hellip;<\/p>\n","protected":false},"author":5769,"featured_media":0,"parent":33,"menu_order":2,"comment_status":"closed","ping_status":"closed","template":"","meta":{"footnotes":""},"class_list":["post-199","page","type-page","status-publish","hentry","empty-entry-meta"],"_links":{"self":[{"href":"https:\/\/sites.smith.edu\/dies-legibiles\/wp-json\/wp\/v2\/pages\/199","targetHints":{"allow":["GET"]}}],"collection":[{"href":"https:\/\/sites.smith.edu\/dies-legibiles\/wp-json\/wp\/v2\/pages"}],"about":[{"href":"https:\/\/sites.smith.edu\/dies-legibiles\/wp-json\/wp\/v2\/types\/page"}],"author":[{"embeddable":true,"href":"https:\/\/sites.smith.edu\/dies-legibiles\/wp-json\/wp\/v2\/users\/5769"}],"replies":[{"embeddable":true,"href":"https:\/\/sites.smith.edu\/dies-legibiles\/wp-json\/wp\/v2\/comments?post=199"}],"version-history":[{"count":26,"href":"https:\/\/sites.smith.edu\/dies-legibiles\/wp-json\/wp\/v2\/pages\/199\/revisions"}],"predecessor-version":[{"id":369,"href":"https:\/\/sites.smith.edu\/dies-legibiles\/wp-json\/wp\/v2\/pages\/199\/revisions\/369"}],"up":[{"embeddable":true,"href":"https:\/\/sites.smith.edu\/dies-legibiles\/wp-json\/wp\/v2\/pages\/33"}],"wp:attachment":[{"href":"https:\/\/sites.smith.edu\/dies-legibiles\/wp-json\/wp\/v2\/media?parent=199"}],"curies":[{"name":"wp","href":"https:\/\/api.w.org\/{rel}","templated":true}]}}