{"id":69,"date":"2022-04-29T02:08:42","date_gmt":"2022-04-29T06:08:42","guid":{"rendered":"https:\/\/sites.smith.edu\/dressingtheinvisible\/?page_id=69"},"modified":"2022-04-29T10:39:46","modified_gmt":"2022-04-29T14:39:46","slug":"bibliography","status":"publish","type":"page","link":"https:\/\/sites.smith.edu\/dressingtheinvisible\/bibliography\/","title":{"rendered":"Bibliography"},"content":{"rendered":"<p><strong>Primary Sources<\/strong><\/p>\n<p>Local 211 Records<\/p>\n<p>Patel, Mikayla. \u201c\u2018We get treated like crap\u2019; Housekeepers React to Change in Policy Under New Management.\u201d <em>The Sophian<\/em>, 15 December 2021. <a href=\"https:\/\/thesophian.com\/we-get-treated-like-crap-housekeepers-react-to-change-in-policy-under-new-management\/\">https:\/\/thesophian.com\/we-get-treated-like-crap-housekeepers-react-to-change-in-policy-under-new-management\/<\/a><\/p>\n<p>Phone interview with anonymous housekeeper 1, April 6, 2022.<\/p>\n<p>Phone interview with anonymous housekeeper 2, April 7, 2022.<\/p>\n<p>Sears Catalogue Spring and Summer 1940, Smith College Historic Clothing Collection.<\/p>\n<p>Sears Catalogue Spring and Summer 1942, Smith College Historic Clothing Collection.<\/p>\n<p>Sears Catalogue Spring and Summer 1943, Smith College Historic Clothing Collection.<\/p>\n<p>Smith College Archives, Administration, Head of House Meeting Notes, Box 544.<\/p>\n<p>Smith College Archives, Administration, Head of House Manuals, Box 543.2.<\/p>\n<p>Smith College Archives, Employee records \u2013 Building and Grounds Files, Box 187<\/p>\n<p>Smith College Archives, Faculty and Staff Biographical Files, Employees Individuals A-G, Box 129<\/p>\n<p>Smith College Archives, Faculty and Staff Biographical Files, Employees Individuals H-P, Box 187.1<\/p>\n<p>Smith College Archives, Faculty and Staff Biographical Files, Employees Individuals, Q-Z, Box 187.2<\/p>\n<p>Smith College Archives, Smith College Archivist Reference Files \u2013 Maids, Box 2.<\/p>\n<p>Smith College Historic Costume Collection, JSTOR, https:\/\/www.jstor.org\/stable\/community.19000591<\/p>\n<p>Quallen, Brooklyn. \u201cSmith Students Rally for Workers\u2019 Rights.\u201d 19 April 2022. https:\/\/thesophian.com\/smith-students-rally-for-workers-rights\/<\/p>\n<p>&nbsp;<\/p>\n<p><strong>Secondary Sources<\/strong><\/p>\n<p>Baugh-Helton, Tiffany. \u201cA Woman&#8217;s Place Is in Her Union: The UAW&#8217;s\u00a01944 National Women&#8217;s Conference and Women&#8217;s Labor Activism.\u201d <em>Michigan Historical Review<\/em>, Vol. 40, No. 1 (Spring 2014), pp. 73-95.<\/p>\n<p>Crain, Marion. \u201cFeminizing Unions: Challenging the Gendered Structure of Wage Labor.\u201d\u00a0<em>Michigan Law Review<\/em>, Vol 89, No. 5, March 1991.<\/p>\n<p>&#8220;From Head of House to Head Resident: The Evolution of the House System at Smith College.&#8221;<em> Smith College Alumnae Quarterly<\/em>, April 1972.<\/p>\n<p>Fussel, Paul. <em>Uniforms: Why We are What We Wear <\/em>(Mariner Books 2003).<\/p>\n<p>Godson, Lisa &amp; Tynan, Jane.\u00a0<em>Uniform: Clothing and Discipline in the Modern World\u00a0<\/em>(Bloomsbury, 2019).<\/p>\n<p>Guti\u00e9rrez Rodr\u00edguez, Encarnaci\u00f3n.\u00a0<em>Migration, domestic work and affect: a decolonial approach\u00a0 on value and the feminization of labor\u00a0<\/em>(Routledge 2010).<\/p>\n","protected":false},"excerpt":{"rendered":"<p>Primary Sources Local 211 Records Patel, Mikayla. \u201c\u2018We get treated like crap\u2019; Housekeepers React to Change in Policy Under New Management.\u201d The Sophian, 15 December 2021. https:\/\/thesophian.com\/we-get-treated-like-crap-housekeepers-react-to-change-in-policy-under-new-management\/ Phone interview with anonymous housekeeper 1, April 6, 2022. Phone interview with anonymous housekeeper 2, April 7, 2022. Sears Catalogue Spring and Summer 1940, Smith College Historic Clothing [&hellip;]<\/p>\n","protected":false},"author":1362,"featured_media":0,"parent":0,"menu_order":3,"comment_status":"closed","ping_status":"closed","template":"","meta":{"footnotes":""},"class_list":["post-69","page","type-page","status-publish","hentry"],"_links":{"self":[{"href":"https:\/\/sites.smith.edu\/dressingtheinvisible\/wp-json\/wp\/v2\/pages\/69","targetHints":{"allow":["GET"]}}],"collection":[{"href":"https:\/\/sites.smith.edu\/dressingtheinvisible\/wp-json\/wp\/v2\/pages"}],"about":[{"href":"https:\/\/sites.smith.edu\/dressingtheinvisible\/wp-json\/wp\/v2\/types\/page"}],"author":[{"embeddable":true,"href":"https:\/\/sites.smith.edu\/dressingtheinvisible\/wp-json\/wp\/v2\/users\/1362"}],"replies":[{"embeddable":true,"href":"https:\/\/sites.smith.edu\/dressingtheinvisible\/wp-json\/wp\/v2\/comments?post=69"}],"version-history":[{"count":3,"href":"https:\/\/sites.smith.edu\/dressingtheinvisible\/wp-json\/wp\/v2\/pages\/69\/revisions"}],"predecessor-version":[{"id":74,"href":"https:\/\/sites.smith.edu\/dressingtheinvisible\/wp-json\/wp\/v2\/pages\/69\/revisions\/74"}],"wp:attachment":[{"href":"https:\/\/sites.smith.edu\/dressingtheinvisible\/wp-json\/wp\/v2\/media?parent=69"}],"curies":[{"name":"wp","href":"https:\/\/api.w.org\/{rel}","templated":true}]}}