{"id":2347,"date":"2024-09-01T18:09:03","date_gmt":"2024-09-01T22:09:03","guid":{"rendered":"https:\/\/sites.smith.edu\/frn372-fa24\/?page_id=2347"},"modified":"2024-09-30T11:28:36","modified_gmt":"2024-09-30T15:28:36","slug":"atelier-de-recherche-ii-les-faits-divers","status":"publish","type":"page","link":"https:\/\/sites.smith.edu\/frn372-fa24\/ateliers-de-recherche\/atelier-de-recherche-ii-les-faits-divers\/","title":{"rendered":"Atelier de recherche II \u2013 les faits divers"},"content":{"rendered":"\n<p class=\"has-background\" style=\"background-color:#abb7c266\"><strong>But : <\/strong>Identifier la rubrique \u00abfaits divers\u00bb dans un journal ; lire la rubrique et d\u00e9velopper une impression de son contenu et son style ; analyser un fait divers ; rechercher un fait divers sp\u00e9cifique dans plusieurs journaux ; apprendre \u00e0 utiliser le champ \u00abtous ces mots\u00bb de la Recherche avanc\u00e9e sur RetroNews<\/p>\n\n\n\n<h2 class=\"wp-block-heading\">Consignes<\/h2>\n\n\n\n<details class=\"wp-block-details is-layout-flow wp-block-details-is-layout-flow\"><summary>CLIQUEZ pour lire les consignes<\/summary>\n<h3 class=\"wp-block-heading\">Premi\u00e8re \u00e9tape : <\/h3>\n\n\n\n<ol class=\"wp-block-list\">\n<li><strong>Cr\u00e9ez une nouvelle publication (<em>post<\/em>)<\/strong> sur WordPress, associ\u00e9 \u00e0 la cat\u00e9gorie <strong>Atelier II<\/strong>, o\u00f9 vous rendrez compte de ce que vous trouverez.<\/li>\n\n\n\n<li>Ouvrez <a href=\"https:\/\/libguides.smith.edu\/french\/news\" target=\"_blank\" rel=\"noreferrer noopener\">RetroNews<\/a>. Cliquez sur \u00ab<strong>Recherche avanc\u00e9e<\/strong>\u00bb. Dans le champ \u00ab<strong>Titre de publication<\/strong>\u00bb, entrez le titre <strong><span style=\"text-decoration: underline\">d\u2019un<\/span><\/strong> des journaux suivants: \n<ul class=\"wp-block-list\">\n<li><em>Le Petit Journal<\/em>, <em>L\u2019\u00c9cho de Paris<\/em>, ou <em>Le Petit Parisien<\/em>&nbsp;<\/li>\n<\/ul>\n<\/li>\n\n\n\n<li>Dans le champ \u00ab<strong>Date de publication<\/strong>\u00bb choisissez une <strong>ann\u00e9e<\/strong> entre <strong>1885<\/strong> et <strong>1895<\/strong> et un <strong>mois<\/strong>. Mettez le d\u00e9but et la fin du mois et de l&#8217;ann\u00e9e choisis dans les champs.<\/li>\n\n\n\n<li><strong>Choisissez un num\u00e9ro du journal<\/strong> par hasard et essayez de <strong>trouver la rubrique \u00abfaits divers\u00bb<\/strong> qui appara\u00eet habituellement \u00e0 la 3e ou 4e page&nbsp;<\/li>\n\n\n\n<li><strong>Lisez<\/strong> la rubrique.<\/li>\n\n\n\n<li>Dans votre publication, notez le <strong>titre<\/strong> et la <strong>date<\/strong> du journal choisi, et<strong> r\u00e9sumez en quelques mots le genre de \u00abfaits\u00bb<\/strong> qui sont racont\u00e9s dans la rubrique des faits divers (par exemple, crime, catastrophe, bizarrerie, etc.).<\/li>\n\n\n\n<li>Ensuite, <strong>choisissez <\/strong><strong>un<\/strong><strong> fait divers<\/strong> qui vous int\u00e9resse.&nbsp;<\/li>\n\n\n\n<li>En utilisant l\u2019outil \u00ab<strong>Extraire<\/strong>\u00bb et l\u2019outil <a href=\"https:\/\/sites.smith.edu\/project-resources\/adding-retronews-to-a-post-with-h5p\/\">\u00abH5P\u2013Iframe embedder\u00bb<\/a> sur <strong>WordPress<\/strong>, ajoutez l\u2019extrait du journal o\u00f9 para\u00eet le fait divers \u00e0 votre publication.\n<ul class=\"wp-block-list\">\n<li style=\"font-size:16px\"><strong><em>astuce<\/em><\/strong> : jouez avec le \u201cheight\u201d et \u201cwidth\u201d dans l\u2019outil Extraire pour pouvoir bien cibler le texte que vous voulez ; les faits divers sont souvent des nouvelles tr\u00e8s courtes (par exemple, mes extraits ci-dessous sont \u00e0 300 par 300 px)<\/li>\n<\/ul>\n<\/li>\n<\/ol>\n\n\n\n<h4 class=\"wp-block-heading\">Exemples de fait divers :<\/h4>\n\n\n\n<p><code><div class=\"h5p-content\" data-content-id=\"5\"><\/div><\/code><\/p>\n\n\n\n<p><code><div class=\"h5p-content\" data-content-id=\"10\"><\/div><\/code><\/p>\n\n\n\n<h3 class=\"wp-block-heading\"><strong>Seconde \u00e9tape :<\/strong><\/h3>\n\n\n\n<ol class=\"wp-block-list\">\n<li>Ensuite, vous allez chercher dans d\u2019autres journaux pour voir s\u2019ils ont aussi mentionn\u00e9 ce m\u00eame \u00e9v\u00e9nement. Pour ce faire, <strong>notez la <span style=\"text-decoration: underline\">date<\/span> du num\u00e9ro du journal et quelques <span style=\"text-decoration: underline\">mots cl\u00e9s<\/span> dans le fait divers<\/strong>.<\/li>\n\n\n\n<li>Retournez \u00e0 la \u00ab<strong>Recherche avanc\u00e9e<\/strong>\u00bb. Tapez les mots cl\u00e9s dans le champ \u00ab<strong>Tous ces mots<\/strong>\u00bb et choisissez l\u2019option \u00ab<strong>la colonne<\/strong>\u00bb juste au-dessus. <\/li>\n\n\n\n<li>Dans les champs de recherche, <strong><span style=\"text-decoration: underline\">excluez<\/span> le journal o\u00f9 le fait divers choisi a paru<\/strong>, et <strong>modifiez les dates<\/strong> pour aller <span style=\"text-decoration: underline\">du m\u00eame jour de sa premi\u00e8re parution \u00e0 quelques jours ou une semaine plus tard<\/span>.&nbsp;<\/li>\n\n\n\n<li>Si vous trouvez d\u2019autres mentions du m\u00eame fait divers, en utilisant l\u2019outil \u00ab<strong>Extraire<\/strong>\u00bb et l\u2019outil <a href=\"https:\/\/sites.smith.edu\/project-resources\/adding-retronews-to-a-post-with-h5p\/\" target=\"_blank\" rel=\"noreferrer noopener\">\u00abH5P\u2013Iframe embedder\u00bb<\/a> sur <strong>WordPress<\/strong>, <span style=\"text-decoration: underline\">ajoutez<\/span> les extraits \u00e0 votre post.<\/li>\n<\/ol>\n<\/details>\n\n\n\n<hr class=\"wp-block-separator has-alpha-channel-opacity is-style-dots\" \/>\n\n\n<ul class=\"wp-block-latest-posts__list has-dates has-author wp-block-latest-posts\"><li><a class=\"wp-block-latest-posts__post-title\" href=\"https:\/\/sites.smith.edu\/frn372-fa24\/faits-divers-deux-exemples\/\">Faits Divers, Deux Exemples<\/a><div class=\"wp-block-latest-posts__post-author\">by Sophie Hauck<\/div><time datetime=\"2024-12-21T04:30:59-05:00\" class=\"wp-block-latest-posts__post-date\">December 21, 2024<\/time><div class=\"wp-block-latest-posts__post-full-content\"><!-- wp:paragraph -->\n<p>En cherchant pour les faits divers, j&#8217;ai trouv\u00e9 deux exemples. Le <a href=\"https:\/\/www-retronews-fr.libproxy.smith.edu\/journal\/la-france-edition-regionale-paris\/11-mai-1887\/1285\/4175991\/3?from=%2Fsearch%23allTerms%3DFaits%2520Divers%26sort%3Dscore%26publishedStart%3D1850-01-01%26publishedEnd%3D1899-12-31%26publishedBounds%3Dfrom%26indexedBounds%3Dfrom%26advancedUi%3Dtrue%26page%3D6%26searchIn%3Dall%26total%3D2253482&amp;index=138\" data-type=\"link\" data-id=\"https:\/\/www-retronews-fr.libproxy.smith.edu\/journal\/la-france-edition-regionale-paris\/11-mai-1887\/1285\/4175991\/3?from=%2Fsearch%23allTerms%3DFaits%2520Divers%26sort%3Dscore%26publishedStart%3D1850-01-01%26publishedEnd%3D1899-12-31%26publishedBounds%3Dfrom%26indexedBounds%3Dfrom%26advancedUi%3Dtrue%26page%3D6%26searchIn%3Dall%26total%3D2253482&amp;index=138\">premier exemple<\/a> vient d&#8217;une page de <em>La France<\/em> sur le 11 Mai 1887. L&#8217;autre <a href=\"https:\/\/www-retronews-fr.libproxy.smith.edu\/journal\/la-petite-republique\/7-aout-1887\/667\/1871289\/3?from=%2Fsearch%23allTerms%3Dfaits%2520divers%26sort%3Dscore%26publishedStart%3D1887-01-01%26publishedEnd%3D1887-12-31%26publishedBounds%3Dfrom%26indexedBounds%3Dfrom%26page%3D3%26searchIn%3Dall%26total%3D67927&amp;index=59\" data-type=\"link\" data-id=\"https:\/\/www-retronews-fr.libproxy.smith.edu\/journal\/la-petite-republique\/7-aout-1887\/667\/1871289\/3?from=%2Fsearch%23allTerms%3Dfaits%2520divers%26sort%3Dscore%26publishedStart%3D1887-01-01%26publishedEnd%3D1887-12-31%26publishedBounds%3Dfrom%26indexedBounds%3Dfrom%26page%3D3%26searchIn%3Dall%26total%3D67927&amp;index=59\">exemple<\/a> vient de <em>La Petite R\u00e9publique<\/em>,\u00a0sur le 7 ao\u00fbt 1887. Tous les deux pr\u00e9sentent les petits d\u00e9tails sur la vie quotidienne: des morte, des arriv\u00e9es, et plus.<\/p>\n<!-- \/wp:paragraph -->\n\n<!-- wp:image {\"id\":4242,\"width\":\"311px\",\"height\":\"auto\",\"sizeSlug\":\"full\",\"linkDestination\":\"none\"} -->\n<figure class=\"wp-block-image size-full is-resized\"><img loading=\"lazy\" decoding=\"async\" width=\"444\" height=\"610\" src=\"https:\/\/sites.smith.edu\/frn372-fa24\/wp-content\/uploads\/sites\/1111\/2024\/12\/Screen-Shot-2024-12-21-at-4.18.42-AM.png\" alt=\"\" class=\"wp-image-4242\" style=\"width:311px;height:auto\" srcset=\"https:\/\/sites.smith.edu\/frn372-fa24\/wp-content\/uploads\/sites\/1111\/2024\/12\/Screen-Shot-2024-12-21-at-4.18.42-AM.png 444w, https:\/\/sites.smith.edu\/frn372-fa24\/wp-content\/uploads\/sites\/1111\/2024\/12\/Screen-Shot-2024-12-21-at-4.18.42-AM-218x300.png 218w\" sizes=\"auto, (max-width: 444px) 100vw, 444px\" \/><\/figure>\n<!-- \/wp:image -->\n\n<!-- wp:image {\"id\":4243,\"sizeSlug\":\"full\",\"linkDestination\":\"none\"} -->\n<figure class=\"wp-block-image size-full\"><img loading=\"lazy\" decoding=\"async\" width=\"272\" height=\"770\" src=\"https:\/\/sites.smith.edu\/frn372-fa24\/wp-content\/uploads\/sites\/1111\/2024\/12\/Screen-Shot-2024-12-21-at-4.27.19-AM.png\" alt=\"\" class=\"wp-image-4243\" srcset=\"https:\/\/sites.smith.edu\/frn372-fa24\/wp-content\/uploads\/sites\/1111\/2024\/12\/Screen-Shot-2024-12-21-at-4.27.19-AM.png 272w, https:\/\/sites.smith.edu\/frn372-fa24\/wp-content\/uploads\/sites\/1111\/2024\/12\/Screen-Shot-2024-12-21-at-4.27.19-AM-106x300.png 106w\" sizes=\"auto, (max-width: 272px) 100vw, 272px\" \/><\/figure>\n<!-- \/wp:image --><\/div><\/li>\n<li><a class=\"wp-block-latest-posts__post-title\" href=\"https:\/\/sites.smith.edu\/frn372-fa24\/atelier-de-recherche-ii\/\">Atelier de recherche II<\/a><div class=\"wp-block-latest-posts__post-author\">by Annie Karitonze<\/div><time datetime=\"2024-09-30T13:55:29-04:00\" class=\"wp-block-latest-posts__post-date\">September 30, 2024<\/time><div class=\"wp-block-latest-posts__post-full-content\"><!-- wp:heading -->\n<h2 class=\"wp-block-heading\">Faits Divers<\/h2>\n<!-- \/wp:heading -->\n\n<!-- wp:heading {\"level\":3} -->\n<h3 class=\"wp-block-heading\">Premi\u00e8re \u00e9tape<\/h3>\n<!-- \/wp:heading -->\n\n<!-- wp:paragraph -->\n<p>Titre et Date du Journal: Le Petit Parisien, 12 Juillet 1989<\/p>\n<!-- \/wp:paragraph -->\n\n<!-- wp:paragraph -->\n<p>Les faits divers de ce journal sont une collection de paragraphes sous le titre de Paris. Ils parlent principalement d&#8217;histoires de crime, meurtre, d&#8217;escroquerie et de cas de vols. <\/p>\n<!-- \/wp:paragraph -->\n\n<!-- wp:paragraph -->\n<div class=\"h5p-content\" data-content-id=\"37\"><\/div>\n<!-- \/wp:paragraph -->\n\n<!-- wp:heading {\"level\":3} -->\n<h3 class=\"wp-block-heading\">Seconde \u00e9tape<\/h3>\n<!-- \/wp:heading -->\n\n<!-- wp:paragraph -->\n<p>Je n&#8217;ai pas pu trouver un autre journal parlant du m\u00eame \u00e9v\u00e9nement.<\/p>\n<!-- \/wp:paragraph --><\/div><\/li>\n<li><a class=\"wp-block-latest-posts__post-title\" href=\"https:\/\/sites.smith.edu\/frn372-fa24\/lecho-de-paris-le-21-avril-1891\/\">L&#8217;\u00c9cho de Paris, le 21 avril 1891<\/a><div class=\"wp-block-latest-posts__post-author\">by Hannah Davydov<\/div><time datetime=\"2024-09-27T21:53:31-04:00\" class=\"wp-block-latest-posts__post-date\">September 27, 2024<\/time><div class=\"wp-block-latest-posts__post-full-content\"><!-- wp:paragraph -->\n<p>Parmi les faits divers dans ce num\u00e9ro il y a des histoires d&#8217;un accident qui a men\u00e9 \u00e0 une noyade, l&#8217;enqu\u00eate d&#8217;un assassinat, l&#8217;arrestation de trois personnes, la trouvaille d&#8217;un tr\u00e9sor, et une tentative de suicide. Ce sont toutes des histoires tristes et choquantes \u00e0 part le d\u00e9couvert.<\/p>\n<!-- \/wp:paragraph -->\n\n<!-- wp:paragraph -->\n<p><code><div class=\"h5p-content\" data-content-id=\"33\"><\/div><\/code><\/p>\n<!-- \/wp:paragraph -->\n\n<!-- wp:paragraph -->\n<div class=\"h5p-content\" data-content-id=\"49\"><\/div>\n<!-- \/wp:paragraph -->\n\n<!-- wp:paragraph -->\n<div class=\"h5p-content\" data-content-id=\"50\"><\/div>\n<!-- \/wp:paragraph -->\n\n<!-- wp:paragraph -->\n<div class=\"h5p-content\" data-content-id=\"52\"><\/div>\n<!-- \/wp:paragraph --><\/div><\/li>\n<li><a class=\"wp-block-latest-posts__post-title\" href=\"https:\/\/sites.smith.edu\/frn372-fa24\/un-cadavre-trouve-au-canal-dans-lecho-de-paris-et-le-petit-quotidien\/\">Un Cadavre Trouv\u00e9 Au Canal, dans L&#8217;\u00c9cho de Paris et Le Petit Quotidien<\/a><div class=\"wp-block-latest-posts__post-author\">by Miriam Saletan<\/div><time datetime=\"2024-09-26T00:36:57-04:00\" class=\"wp-block-latest-posts__post-date\">September 26, 2024<\/time><div class=\"wp-block-latest-posts__post-full-content\"><!-- wp:paragraph -->\n<p><code><div class=\"h5p-content\" data-content-id=\"47\"><\/div><\/code><\/p>\n<!-- \/wp:paragraph -->\n\n<!-- wp:paragraph -->\n<p><code><div class=\"h5p-content\" data-content-id=\"48\"><\/div><\/code><\/p>\n<!-- \/wp:paragraph -->\n\n<!-- wp:paragraph -->\n<p><\/p>\n<!-- \/wp:paragraph --><\/div><\/li>\n<li><a class=\"wp-block-latest-posts__post-title\" href=\"https:\/\/sites.smith.edu\/frn372-fa24\/lecho-de-paris\/\">L&#8217;\u00c9cho de Paris<\/a><div class=\"wp-block-latest-posts__post-author\">by Olivia Weiner<\/div><time datetime=\"2024-09-25T14:35:18-04:00\" class=\"wp-block-latest-posts__post-date\">September 25, 2024<\/time><div class=\"wp-block-latest-posts__post-full-content\"><!-- wp:paragraph -->\n<p>L&#8217;\u00c9cho de Paris, 5 D\u00e9cembre 1892. <\/p>\n<!-- \/wp:paragraph -->\n\n<!-- wp:paragraph -->\n<p>Observations:  Le journal contient cinq sujets tr\u00e8s diff\u00e9rents, tous tr\u00e8s courts. Il y a d&#8217;abord le temps puis des articles sur des crimes tels que des meurtres et des troubles, et m\u00eame des informations sur le service de police.<\/p>\n<!-- \/wp:paragraph -->\n\n<!-- wp:paragraph -->\n<div class=\"h5p-content\" data-content-id=\"40\"><\/div>\n<!-- \/wp:paragraph -->\n\n<!-- wp:paragraph -->\n<div class=\"h5p-content\" data-content-id=\"56\"><\/div>\n<!-- \/wp:paragraph -->\n\n<!-- wp:paragraph -->\n<p>Le Mot d\u2019ordre,\u00a06 D\u00e9cembre 1892<\/p>\n<!-- \/wp:paragraph -->\n\n<!-- wp:paragraph -->\n<p><\/p>\n<!-- \/wp:paragraph --><\/div><\/li>\n<li><a class=\"wp-block-latest-posts__post-title\" href=\"https:\/\/sites.smith.edu\/frn372-fa24\/le-petit-parisien-11-janvier-1890\/\">Le Petit Parisien,\u00a011 janvier 1890<\/a><div class=\"wp-block-latest-posts__post-author\">by Josie Dolan-Edmondson<\/div><time datetime=\"2024-09-25T14:34:07-04:00\" class=\"wp-block-latest-posts__post-date\">September 25, 2024<\/time><div class=\"wp-block-latest-posts__post-full-content\"><!-- wp:paragraph -->\n<p>Ce fait divers d\u00e9crit des vols, un renversement\/accident au voiture, un assasination d&#8217;un brocanteur, les probl\u00e8mes avec la sant\u00e9 \u00e0 cause d&#8217;une accident en voiture, <\/p>\n<!-- \/wp:paragraph -->\n\n<!-- wp:paragraph -->\n<div class=\"h5p-content\" data-content-id=\"38\"><\/div>\n<!-- \/wp:paragraph -->\n\n<!-- wp:paragraph -->\n<p>Ceci d\u00e9crit le m\u00eame fait divers, \u00e0 propos de l&#8217;assassin du brocanteur Gouriou.<\/p>\n<!-- \/wp:paragraph -->\n\n<!-- wp:paragraph -->\n<div class=\"h5p-content\" data-content-id=\"54\"><\/div>\n<!-- \/wp:paragraph -->\n\n<!-- wp:paragraph -->\n<p><\/p>\n<!-- \/wp:paragraph --><\/div><\/li>\n<li><a class=\"wp-block-latest-posts__post-title\" href=\"https:\/\/sites.smith.edu\/frn372-fa24\/atelier-ii-le-petit-journal-15-mai-1889\/\">ATELIER II: Le Petit Journal, 15 Mai 1889<\/a><div class=\"wp-block-latest-posts__post-author\">by Riley Weaver<\/div><time datetime=\"2024-09-25T14:33:15-04:00\" class=\"wp-block-latest-posts__post-date\">September 25, 2024<\/time><div class=\"wp-block-latest-posts__post-full-content\"><!-- wp:paragraph -->\n<p>Ces faits divers raconte des crimes, morts, maladies, et blessures. Celui du page 3\/4, le moins violent, d\u00e9crit une vol dans une boutique des chaussures par une femme bien habill\u00e9e. Le voleuse, Claire Lemaire \u00e9tait prise par le police en train de quitter le magasin et il l&#8217;a transport\u00e9 au bureau de police.<\/p>\n<!-- \/wp:paragraph -->\n\n<!-- wp:paragraph -->\n<div class=\"h5p-content\" data-content-id=\"44\"><\/div>\n<!-- \/wp:paragraph -->\n\n<!-- wp:paragraph -->\n<p><\/p>\n<!-- \/wp:paragraph --><\/div><\/li>\n<li><a class=\"wp-block-latest-posts__post-title\" href=\"https:\/\/sites.smith.edu\/frn372-fa24\/le-petit-parisien-4-mai-1895\/\">Le Petit Parisien; (4 mai, 1895)<\/a><div class=\"wp-block-latest-posts__post-author\">by Mary Huffaker<\/div><time datetime=\"2024-09-25T14:31:01-04:00\" class=\"wp-block-latest-posts__post-date\">September 25, 2024<\/time><div class=\"wp-block-latest-posts__post-full-content\"><!-- wp:paragraph -->\n<p>Les faits divers ont les sujets; crime, les affaires, et les judiciaires. <\/p>\n<!-- \/wp:paragraph -->\n\n<!-- wp:paragraph -->\n<div class=\"h5p-content\" data-content-id=\"32\"><\/div>\n<!-- \/wp:paragraph -->\n\n<!-- wp:paragraph -->\n<p>Les fait divers de &#8220;Paris&#8221; -\u00e9voque aussi l&#8217;affaire Oscar Wilde<\/p>\n<!-- \/wp:paragraph -->\n\n<!-- wp:paragraph -->\n<div class=\"h5p-content\" data-content-id=\"53\"><\/div>\n<!-- \/wp:paragraph --><\/div><\/li>\n<li><a class=\"wp-block-latest-posts__post-title\" href=\"https:\/\/sites.smith.edu\/frn372-fa24\/lecho-de-paris-janvier-6-1887\/\">L&#8217;\u00c9cho de Paris: Janvier 6, 1887<\/a><div class=\"wp-block-latest-posts__post-author\">by Trudie Seterdahl<\/div><time datetime=\"2024-09-25T14:29:18-04:00\" class=\"wp-block-latest-posts__post-date\">September 25, 2024<\/time><div class=\"wp-block-latest-posts__post-full-content\"><!-- wp:paragraph -->\n<p>Les mots le genre de &lt;&gt;<\/p>\n<!-- \/wp:paragraph -->\n\n<!-- wp:list -->\n<ul><!-- wp:list-item -->\n<li>Le myst\u00e8re<\/li>\n<!-- \/wp:list-item -->\n\n<!-- wp:list-item -->\n<li>Le mort<\/li>\n<!-- \/wp:list-item -->\n\n<!-- wp:list-item -->\n<li>Le suicide<\/li>\n<!-- \/wp:list-item -->\n\n<!-- wp:list-item -->\n<li>&#8220;Terrible accident&#8221;<\/li>\n<!-- \/wp:list-item -->\n\n<!-- wp:list-item -->\n<li>Un Vitriol<\/li>\n<!-- \/wp:list-item --><\/ul>\n<!-- \/wp:list -->\n\n<!-- wp:paragraph -->\n<div class=\"h5p-content\" data-content-id=\"34\"><\/div>\n<!-- \/wp:paragraph -->\n\n<!-- wp:paragraph -->\n<p>L&#8217;autre article qui mentionne the La Mystery de la Rue du Vertbois:<\/p>\n<!-- \/wp:paragraph -->\n\n<!-- wp:paragraph -->\n<div class=\"h5p-content\" data-content-id=\"57\"><\/div>\n<!-- \/wp:paragraph --><\/div><\/li>\n<li><a class=\"wp-block-latest-posts__post-title\" href=\"https:\/\/sites.smith.edu\/frn372-fa24\/le-petit-parisien-8-janvier-1890\/\">Le Petit Parisien, 8 Janvier 1890<\/a><div class=\"wp-block-latest-posts__post-author\">by Annika Lof<\/div><time datetime=\"2024-09-25T14:23:46-04:00\" class=\"wp-block-latest-posts__post-date\">September 25, 2024<\/time><div class=\"wp-block-latest-posts__post-full-content\"><!-- wp:paragraph -->\n<p>Le plupart des faits ici parlent du mort ou crime, en particulier du vol. <\/p>\n<!-- \/wp:paragraph -->\n\n<!-- wp:paragraph -->\n<div class=\"h5p-content\" data-content-id=\"30\"><\/div>\n<!-- \/wp:paragraph -->\n\n<!-- wp:paragraph -->\n<p><\/p>\n<!-- \/wp:paragraph --><\/div><\/li>\n<\/ul>","protected":false},"excerpt":{"rendered":"<p>But : Identifier la rubrique \u00abfaits divers\u00bb dans un journal ; lire la rubrique et d\u00e9velopper une impression de son contenu et son style ; analyser un fait divers ; rechercher un fait divers sp\u00e9cifique dans plusieurs journaux ; apprendre \u00e0 utiliser le champ \u00abtous ces mots\u00bb de la Recherche avanc\u00e9e sur RetroNews Consignes<\/p>\n","protected":false},"author":4992,"featured_media":0,"parent":2328,"menu_order":2,"comment_status":"closed","ping_status":"closed","template":"","meta":{"footnotes":""},"class_list":["post-2347","page","type-page","status-publish","hentry"],"_links":{"self":[{"href":"https:\/\/sites.smith.edu\/frn372-fa24\/wp-json\/wp\/v2\/pages\/2347","targetHints":{"allow":["GET"]}}],"collection":[{"href":"https:\/\/sites.smith.edu\/frn372-fa24\/wp-json\/wp\/v2\/pages"}],"about":[{"href":"https:\/\/sites.smith.edu\/frn372-fa24\/wp-json\/wp\/v2\/types\/page"}],"author":[{"embeddable":true,"href":"https:\/\/sites.smith.edu\/frn372-fa24\/wp-json\/wp\/v2\/users\/4992"}],"replies":[{"embeddable":true,"href":"https:\/\/sites.smith.edu\/frn372-fa24\/wp-json\/wp\/v2\/comments?post=2347"}],"version-history":[{"count":11,"href":"https:\/\/sites.smith.edu\/frn372-fa24\/wp-json\/wp\/v2\/pages\/2347\/revisions"}],"predecessor-version":[{"id":2838,"href":"https:\/\/sites.smith.edu\/frn372-fa24\/wp-json\/wp\/v2\/pages\/2347\/revisions\/2838"}],"up":[{"embeddable":true,"href":"https:\/\/sites.smith.edu\/frn372-fa24\/wp-json\/wp\/v2\/pages\/2328"}],"wp:attachment":[{"href":"https:\/\/sites.smith.edu\/frn372-fa24\/wp-json\/wp\/v2\/media?parent=2347"}],"curies":[{"name":"wp","href":"https:\/\/api.w.org\/{rel}","templated":true}]}}