{"id":3409,"date":"2024-10-28T10:27:34","date_gmt":"2024-10-28T14:27:34","guid":{"rendered":"https:\/\/sites.smith.edu\/frn372-fa24\/?page_id=3409"},"modified":"2024-10-28T10:27:54","modified_gmt":"2024-10-28T14:27:54","slug":"atelier-v-les-echos","status":"publish","type":"page","link":"https:\/\/sites.smith.edu\/frn372-fa24\/ateliers-de-recherche\/atelier-v-les-echos\/","title":{"rendered":"Atelier de recherche V \u2013 les \u00e9chos"},"content":{"rendered":"\n<p class=\"has-background\" style=\"background-color:#abb7c266\"><strong>But: <\/strong>comprendre les \u00e9chos dans <em>Bel-Ami<\/em> ; identifier la rubrique des <strong>\u00e9chos<\/strong> dans divers journaux ; lire les \u00e9chos dans plusieurs num\u00e9ros ; formuler des impressions de ce que contient cette rubrique et de comment elle est sign\u00e9 ; choisir et extraire des \u00e9chos int\u00e9ressants <\/p>\n\n\n\n<h2 class=\"wp-block-heading\">Pr\u00e9paration en amont<\/h2>\n\n\n\n<ul class=\"wp-block-list\">\n<li>Qu\u2019est-ce qui caract\u00e9rise la <strong>rubrique des \u00c9chos<\/strong> selon <em>Bel-Ami<\/em> ? Voir ch. VI, pp. 150-152.<\/li>\n<\/ul>\n\n\n\n<h2 class=\"wp-block-heading\">Consignes<\/h2>\n\n\n\n<ul class=\"wp-block-list\">\n<li>Mettez-vous en <strong>groupe de 2<\/strong>. <\/li>\n<\/ul>\n\n\n\n<figure class=\"wp-block-table aligncenter\"><table class=\"has-fixed-layout\"><tbody><tr><td><strong>Partenaire A<\/strong> \u2013 WordPress<\/td><td><strong>Partenaire B<\/strong> \u2013 RetroNews + H5P<\/td><\/tr><tr><td><strong>Cr\u00e9ez une nouvelle publication<\/strong> sur WordPress, associ\u00e9e \u00e0 la <strong>cat\u00e9gorie<\/strong> \u00ab<strong>Atelier V<\/strong>\u00bb, o\u00f9 vous rendrez compte de ce que vous trouverez. Incluez vos deux <strong>pr\u00e9noms<\/strong> dans la publication.<\/td><td>Ouvrez <a href=\"https:\/\/libguides.smith.edu\/french\/news\">RetroNews<\/a> et connectez-vous \u00e0 votre compte. Ouvrez la \u00ab<strong>Recherche avanc\u00e9e<\/strong>\u00bb.<\/td><\/tr><tr><td colspan=\"2\"><strong>Choisissez<\/strong> <strong>un<\/strong> de ces deux journaux \u00e0 explorer : <em><strong>Le Figaro<\/strong><\/em> (1854\u2026) ou <em><strong>Le Gaulois<\/strong><\/em>.<\/td><\/tr><tr><td><\/td><td>Dans le champ \u00ab<strong>Titre de publication<\/strong>\u00bb de la \u00abRecherche avanc\u00e9e\u00bb, entrez le <strong>titre<\/strong> du journal que vous avez choisi. Pour la <strong>date<\/strong>, mettez les ann\u00e9es <strong>1884-1885<\/strong>.<\/td><\/tr><tr><td colspan=\"2\"><strong>Parcourez<\/strong> ensemble quelques num\u00e9ros du journal, et identifiez <strong>la rubrique des \u00e9chos<\/strong>. Comment s\u2019appelle cette rubrique dans votre journal ? Qui signe la rubrique ?<\/td><\/tr><tr><td>Tapez <strong>le titre de la rubrique<\/strong> et le <strong>nom<\/strong> ou le <strong>pseudonyme<\/strong> de son auteur\u00b7e dans votre publication.<\/td><td>Ouvrez <strong>quelques num\u00e9ros<\/strong> \u00e0 des <strong>dates diff\u00e9rentes<\/strong> du journal que vous \u00e9tudiez.<\/td><\/tr><tr><td colspan=\"2\"><strong>Parcourez la rubrique des \u00e9chos<\/strong> dans ces num\u00e9ros, et discutez : qu\u2019est-ce qui vous frappe ? De quoi parle-t-on ? Le ton est-il toujours le m\u00eame, ou varie-t-il ?<\/td><\/tr><tr><td>En quelques phrases, <strong>notez vos impressions<\/strong> dans votre publication.<\/td><td><\/td><\/tr><tr><td colspan=\"2\"><strong>Choisissez<\/strong> ensemble <strong>deux<\/strong><strong> ou <\/strong><strong>trois<\/strong><strong> \u00e9chos<\/strong> qui vous int\u00e9ressent.<\/td><\/tr><tr><td><\/td><td>En utilisant l\u2019outil \u00ab<strong>Extraire<\/strong>\u00bb de RetroNews, ajoutez les \u00e9chos \u00e0 l\u2019outil <a href=\"https:\/\/sites.smith.edu\/project-resources\/adding-retronews-to-a-post-with-h5p\/\">\u00abH5P\u2013Iframe embedder\u00bb<\/a>.<\/td><\/tr><tr><td>Trouvez <strong>les \u00e9l\u00e9ments H5P<\/strong> que votre partenaire a ajout\u00e9s, et copiez-les dans votre publication. Puis, <strong>publiez !<\/strong><\/td><td><\/td><\/tr><\/tbody><\/table><\/figure>\n\n\n\n<hr class=\"wp-block-separator has-alpha-channel-opacity is-style-dots\" \/>\n\n\n<ul class=\"wp-block-latest-posts__list has-dates has-author wp-block-latest-posts\"><li><a class=\"wp-block-latest-posts__post-title\" href=\"https:\/\/sites.smith.edu\/frn372-fa24\/atelier-de-recherche-v-les-echos\/\">Atelier de recherche V: Les Echos<\/a><div class=\"wp-block-latest-posts__post-author\">by Annie Karitonze<\/div><time datetime=\"2024-10-30T13:38:48-04:00\" class=\"wp-block-latest-posts__post-date\">October 30, 2024<\/time><div class=\"wp-block-latest-posts__post-full-content\"><!-- wp:paragraph -->\n<p>Par Annie Karitonze et Trudie Seterdahl<\/p>\n<!-- \/wp:paragraph -->\n\n<!-- wp:paragraph -->\n<p>Journal Choisi: Le Gaulois, le 2 Janvier 1884<\/p>\n<!-- \/wp:paragraph -->\n\n<!-- wp:paragraph -->\n<p>Le titre de la rubrique: Nos Echos<\/p>\n<!-- \/wp:paragraph -->\n\n<!-- wp:paragraph -->\n<p>Pseudonyme de l&#8217;Auteur: Un Domino<\/p>\n<!-- \/wp:paragraph -->\n\n<!-- wp:paragraph -->\n<p><\/p>\n<!-- \/wp:paragraph -->\n\n<!-- wp:paragraph -->\n<div class=\"h5p-content\" data-content-id=\"115\"><\/div>\n<!-- \/wp:paragraph -->\n\n<!-- wp:paragraph -->\n<div class=\"h5p-content\" data-content-id=\"123\"><\/div>\n<!-- \/wp:paragraph --><\/div><\/li>\n<li><a class=\"wp-block-latest-posts__post-title\" href=\"https:\/\/sites.smith.edu\/frn372-fa24\/atelier-v-josie-et-hannah\/\">Atelier V: Josie et Hannah<\/a><div class=\"wp-block-latest-posts__post-author\">by Josie Dolan-Edmondson<\/div><time datetime=\"2024-10-30T11:28:22-04:00\" class=\"wp-block-latest-posts__post-date\">October 30, 2024<\/time><div class=\"wp-block-latest-posts__post-full-content\"><!-- wp:paragraph -->\n<p>Le journal: Le Figaro. Titre de la rubrique: \u00c9chos de Paris &#8211; La Politique. Le pseudonyme qui signe: F.M.<\/p>\n<!-- \/wp:paragraph -->\n\n<!-- wp:paragraph -->\n<p>Un autre pseudonyme: le masque de fer. <\/p>\n<!-- \/wp:paragraph -->\n\n<!-- wp:paragraph -->\n<p>Nos impressions: on parle beaucoup de gens de politique (la ministre de la justice, l&#8217;acad\u00e9mie fran\u00e7aise, l&#8217;ambassadeur). Aussi on parle des mariages, mais toujours entre les gens &#8216;importants&#8217; ou c\u00e9l\u00e8bre (un prince par exemple). On parle d&#8217;une gr\u00e8ve, les prix &#8212; les personnes qui gagnent les prix. <\/p>\n<!-- \/wp:paragraph -->\n\n<!-- wp:shortcode -->\n<div class=\"h5p-content\" data-content-id=\"117\"><\/div>\n<!-- \/wp:shortcode -->\n\n<!-- wp:shortcode -->\n<div class=\"h5p-content\" data-content-id=\"119\"><\/div>\n<!-- \/wp:shortcode -->\n\n<!-- wp:shortcode -->\n<div class=\"h5p-content\" data-content-id=\"120\"><\/div>\n<!-- \/wp:shortcode --><\/div><\/li>\n<li><a class=\"wp-block-latest-posts__post-title\" href=\"https:\/\/sites.smith.edu\/frn372-fa24\/nos-echos-le-gaulois\/\">Nos \u00c9chos, Le Gaulois<\/a><div class=\"wp-block-latest-posts__post-author\">by Miriam Saletan<\/div><time datetime=\"2024-10-30T11:00:08-04:00\" class=\"wp-block-latest-posts__post-date\">October 30, 2024<\/time><div class=\"wp-block-latest-posts__post-full-content\"><!-- wp:paragraph -->\n<p>Sophie et Miriam<\/p>\n<!-- \/wp:paragraph -->\n\n<!-- wp:paragraph -->\n<p>Voici deux extraits des \u00e9chos dans <em>Le Gaulois<\/em>, le 2 janvier 1884 et le 3 janvier 1884. Les \u00e9chos sont trouv\u00e9s sur la premi\u00e8re page en bas sous le titre, <em>Nos \u00c9chos<\/em>, et le pseudonyme d&#8217;auteur est Un Domino. Les \u00e9chos comprisent des bourses, des expositions du th\u00e9\u00e2tre, des \u00e9v\u00e9nements dans l&#8217;eglise catholique, une lettre d&#8217;un abonn\u00e9, un mus\u00e9e rouvert, et des d\u00e9esses et des maladies des personnes c\u00e9l\u00e8bres. Le ton de cette rubrique est tr\u00e8s d\u00e9tendu.<\/p>\n<!-- \/wp:paragraph -->\n\n<!-- wp:paragraph -->\n<p><code><div class=\"h5p-content\" data-content-id=\"121\"><\/div><\/code><\/p>\n<!-- \/wp:paragraph -->\n\n<!-- wp:paragraph -->\n<p><code><div class=\"h5p-content\" data-content-id=\"122\"><\/div><\/code><\/p>\n<!-- \/wp:paragraph --><\/div><\/li>\n<li><a class=\"wp-block-latest-posts__post-title\" href=\"https:\/\/sites.smith.edu\/frn372-fa24\/echos-de-paris-par-le-masque-de-fer-jan-3-1884\/\">&#8220;\u00c9chos de Paris&#8221; par Le Masque de Fer. Jan 3, 1884.<\/a><div class=\"wp-block-latest-posts__post-author\">by Olivia Weiner<\/div><time datetime=\"2024-10-28T15:24:37-04:00\" class=\"wp-block-latest-posts__post-date\">October 28, 2024<\/time><div class=\"wp-block-latest-posts__post-full-content\"><!-- wp:paragraph -->\n<p>Oliva, Annika, Mary-Virginia. <\/p>\n<!-- \/wp:paragraph -->\n\n<!-- wp:paragraph -->\n<div class=\"h5p-content\" data-content-id=\"114\"><\/div>\n<!-- \/wp:paragraph -->\n\n<!-- wp:paragraph -->\n<p>Ces \u00e9chos d\u00e9crivent des histoires\/\u00e9v\u00e9nements divers, y compris une dispute familiale, mais aussi des histoires plus importantes impliquant la politique et des personnages importants. Certains exemples sont plus petits, d&#8217;autres plus d\u00e9taill\u00e9s. Il y est question de m\u00e9t\u00e9o, de politique et de discours divers.\u00a0<\/p>\n<!-- \/wp:paragraph -->\n\n<!-- wp:paragraph -->\n<div class=\"h5p-content\" data-content-id=\"118\"><\/div>\n<!-- \/wp:paragraph -->\n\n<!-- wp:paragraph -->\n<p>Cet \u00e9cho parle d&#8217;un chronique de Guy de Maupassant, titr\u00e9 &#8220;Au Soleil&#8221;, qui traite de la domination et de la colonisation fran\u00e7aises en Annam. Il y est question de l&#8217;\u00e9tablissement d&#8217;un protectorat pacifique dans une r\u00e9gion o\u00f9 la population se d\u00e9fend plus.\u00a0<\/p>\n<!-- \/wp:paragraph --><\/div><\/li>\n<\/ul>","protected":false},"excerpt":{"rendered":"<p>But: comprendre les \u00e9chos dans Bel-Ami ; identifier la rubrique des \u00e9chos dans divers journaux ; lire les \u00e9chos dans plusieurs num\u00e9ros ; formuler des impressions de ce que contient cette rubrique et de comment elle est sign\u00e9 ; choisir et extraire des \u00e9chos int\u00e9ressants Pr\u00e9paration en amont Consignes Partenaire A \u2013 WordPress Partenaire B&hellip; <a class=\"more-link\" href=\"https:\/\/sites.smith.edu\/frn372-fa24\/ateliers-de-recherche\/atelier-v-les-echos\/\">Continue reading <span class=\"screen-reader-text\">Atelier de recherche V \u2013 les \u00e9chos<\/span> <span class=\"meta-nav\" aria-hidden=\"true\">&rarr;<\/span><\/a><\/p>\n","protected":false},"author":4992,"featured_media":0,"parent":2328,"menu_order":5,"comment_status":"closed","ping_status":"closed","template":"","meta":{"footnotes":""},"class_list":["post-3409","page","type-page","status-publish","hentry"],"_links":{"self":[{"href":"https:\/\/sites.smith.edu\/frn372-fa24\/wp-json\/wp\/v2\/pages\/3409","targetHints":{"allow":["GET"]}}],"collection":[{"href":"https:\/\/sites.smith.edu\/frn372-fa24\/wp-json\/wp\/v2\/pages"}],"about":[{"href":"https:\/\/sites.smith.edu\/frn372-fa24\/wp-json\/wp\/v2\/types\/page"}],"author":[{"embeddable":true,"href":"https:\/\/sites.smith.edu\/frn372-fa24\/wp-json\/wp\/v2\/users\/4992"}],"replies":[{"embeddable":true,"href":"https:\/\/sites.smith.edu\/frn372-fa24\/wp-json\/wp\/v2\/comments?post=3409"}],"version-history":[{"count":2,"href":"https:\/\/sites.smith.edu\/frn372-fa24\/wp-json\/wp\/v2\/pages\/3409\/revisions"}],"predecessor-version":[{"id":3412,"href":"https:\/\/sites.smith.edu\/frn372-fa24\/wp-json\/wp\/v2\/pages\/3409\/revisions\/3412"}],"up":[{"embeddable":true,"href":"https:\/\/sites.smith.edu\/frn372-fa24\/wp-json\/wp\/v2\/pages\/2328"}],"wp:attachment":[{"href":"https:\/\/sites.smith.edu\/frn372-fa24\/wp-json\/wp\/v2\/media?parent=3409"}],"curies":[{"name":"wp","href":"https:\/\/api.w.org\/{rel}","templated":true}]}}