{"id":24,"date":"2016-12-07T20:14:29","date_gmt":"2016-12-07T20:14:29","guid":{"rendered":"https:\/\/sites.smith.edu\/global-modern-women-artists\/?page_id=24"},"modified":"2017-03-06T17:57:57","modified_gmt":"2017-03-06T17:57:57","slug":"biography","status":"publish","type":"page","link":"https:\/\/sites.smith.edu\/global-modern-women-artists\/amelia-palaez\/biography\/","title":{"rendered":"Biography"},"content":{"rendered":"<p>Amelia Pel\u00e1ez y de Casal was born in the second year of Cuba&#8217;s final liberation war against Spain on January 5th, 1896 in Yaguajay, the province of Las Villas, Cuba. Her family was part of the Cuban-Creole middle class, and was well-off both economically and socially as her father was the County Doctor Manuel Pel\u00e1ez y Laredo. In addition, her mother Maria del Carmen del Casal y Lastra was the sister of the great Hispano-American modernist poet Julian del Casal. This association brought Pel\u00e1ez\u2019s family into the highest intellectual circles of Cuba.<\/p>\n<p>Pel\u00e1ez was born to a family of many children, and they all began their schooling under Sra. Carmen del Casal y Lastra who had attended the Covenant and Academy of Visitation in Mobile, Alabama. Because of Cuba&#8217;s position under Spain, education was dominated by Spanish Roman Catholic elite. Homeschooling in the case of the Pel\u00e1ez children likely gave them a less bias education and allowed their mother to teach them as she wished, not under a Spanish curriculum. Pel\u00e1ez\u2019s first education in the world of art was under a painter named Do\u00f1a Magdalena, who had previously been an activist in the independence movement that coincided with the war from 1895 to 1898.<\/p>\n<figure id=\"attachment_126\" aria-describedby=\"caption-attachment-126\" style=\"width: 300px\" class=\"wp-caption alignleft\"><img loading=\"lazy\" decoding=\"async\" class=\"wp-image-126 size-medium\" src=\"https:\/\/sites.smith.edu\/global-modern-women-artists\/wp-content\/uploads\/sites\/45\/2016\/12\/Screen-Shot-2016-12-14-at-2.48.35-PM-300x226.png\" alt=\"Villa Carmela\" width=\"300\" height=\"226\" srcset=\"https:\/\/sites.smith.edu\/global-modern-women-artists\/wp-content\/uploads\/sites\/45\/2016\/12\/Screen-Shot-2016-12-14-at-2.48.35-PM-300x226.png 300w, https:\/\/sites.smith.edu\/global-modern-women-artists\/wp-content\/uploads\/sites\/45\/2016\/12\/Screen-Shot-2016-12-14-at-2.48.35-PM-768x579.png 768w, https:\/\/sites.smith.edu\/global-modern-women-artists\/wp-content\/uploads\/sites\/45\/2016\/12\/Screen-Shot-2016-12-14-at-2.48.35-PM.png 998w\" sizes=\"auto, (max-width: 300px) 100vw, 300px\" \/><figcaption id=\"caption-attachment-126\" class=\"wp-caption-text\">La Villa Carmela<\/figcaption><\/figure>\n<p>In 1915 Doctor Manuel Pel\u00e1ez y Laredo became sick and relocated his family to Havana where they could live in more comfort. Although he died within the year, the house within which he had established his family would last them a lifetime. Number 261 on the street Estrada Palma in the neighborhood of La Vibora came to be both the dwelling of and inspiration for Pel\u00e1ez in her later years. The house, called Villa Carmela after Pel\u00e1ez&#8217;s mother, was built in 1912 and incorporated aspects of both neoclassical design and more traditional Cuban Creole architecture. The towering white facade and columns brought in neoclassical design elements, and columns such as these can be seen in the background of numerous Pel\u00e1ez paintings. Creole architecture brought in more decorative elements, and the wrought iron fence as well as ornate windows are the best examples of this in La Villa Carmela. In the backyard a pavilion surrounded by plants and birds would become Pel\u00e1ez\u2019s primary workshop, and this natural insparation would come through in some of her paintings as well. Pieces of Pel\u00e1ez&#8217;s art\u00a0 would line the walls and the hallways in La Villa Carmela, filling the house with paintings that it helped to inspire (G\u00f3mez-Sicre 12).<\/p>\n<p>In 1916 Pel\u00e1ez began to study painting at the San Alejandro School of Fine Arts, where many members Cuban painters in her time began their studies. The majority of the artists teaching there practiced the French neoclassical styles that drew inspiration from similar Greek and Roman styles. These practices did not speak to Pel\u00e1ez and her own feelings about art, but she managed to find a cultural and artistic mentor in a 1918 color class with teacher Leopoldo Roma\u00f1ach (G\u00f3mez-Sicre 13). Roma\u00f1ach, although he practiced romantic realism, was tolerant and accepting of many more forms of artistic expression. His influence on the art of Pel\u00e1ez can be seen in her painting <i>Veleros<\/i> from 1925, which has a maritime subject similar to all work by Roma\u00f1ach and uses his palette and soft brushwork (Gaztambide 86). In 1924 Pel\u00e1ez spent her break studying at the Arts Students League in New York under Professor Bridgman (G\u00f3mez-Sicre 13) which was a trip unique to her education, but that trip also left her largely unsatisfied with the limited styles of art that she had been exposed to. Taking matters into her own hands, she traveled to Paris in 1927 with a scholarship from her Alma Mater as many of her peers were doing.<\/p>\n<p style=\"text-align: left\">Accompanied by fellow aspiring artist Lydia Cabrera, Pel\u00e1ez took classes all over the city at the Acad\u00e9mie de la Grande Chaumi\u00e8re, \u00c9cole des Beaux-Arts, and the \u00c9cole du Louvre. After four years of studying French artistic styles Pel\u00e1ez had still not found her niche in painting and enrolled in Fernand L\u00e9ger\u2019s Acad\u00e9mie Moderne. Here she studied scene design and color dynamics under Alexandra Exter (G\u00f3mez-Sicre 14), a woman who had a huge impact on the art and life of Pel\u00e1ez. Exter introduced Pel\u00e1ez to modernism (Blanc 14), abstraction, and new and unique ways to express forms and use color. Pel\u00e1ez also learned from Exter a sense of self and determination as a professional female artist (Gaztambide 86).<\/p>\n<figure id=\"attachment_239\" aria-describedby=\"caption-attachment-239\" style=\"width: 238px\" class=\"wp-caption alignleft\"><img loading=\"lazy\" decoding=\"async\" class=\"wp-image-239 size-medium\" src=\"https:\/\/sites.smith.edu\/global-modern-women-artists\/wp-content\/uploads\/sites\/45\/2016\/12\/Naturalezamuerta1931-238x300.jpg\" alt=\"naturalezamuerta1931\" width=\"238\" height=\"300\" srcset=\"https:\/\/sites.smith.edu\/global-modern-women-artists\/wp-content\/uploads\/sites\/45\/2016\/12\/Naturalezamuerta1931-238x300.jpg 238w, https:\/\/sites.smith.edu\/global-modern-women-artists\/wp-content\/uploads\/sites\/45\/2016\/12\/Naturalezamuerta1931-768x969.jpg 768w, https:\/\/sites.smith.edu\/global-modern-women-artists\/wp-content\/uploads\/sites\/45\/2016\/12\/Naturalezamuerta1931-812x1024.jpg 812w, https:\/\/sites.smith.edu\/global-modern-women-artists\/wp-content\/uploads\/sites\/45\/2016\/12\/Naturalezamuerta1931.jpg 1585w\" sizes=\"auto, (max-width: 238px) 100vw, 238px\" \/><figcaption id=\"caption-attachment-239\" class=\"wp-caption-text\">Naturaleza muerta, 1931<\/figcaption><\/figure>\n<p>In 1933, Pel\u00e1ez showed 33 works at the Galerie Zak, located on the Rue de l\u2019Abbaye in Paris. Her collection there consisted of 21 still life paintings, nine landscapes, and eight portraits of women. \u00a0The exhibition was very well received (G\u00f3mez-Sicre 14), and the year later she returned to Cuba in the wake of that success.<\/p>\n<p>38 years old and back in Cuba, Pel\u00e1ez found herself in the middle of a country in economic and political frenzy. Her first solo exhibition back home was at the Lyceum in 1935, a women&#8217;s organization with the goal of promoting Cuban culture through art, music, and literature. Additionally, upon Pel\u00e1ez&#8217;s return she became a member of the Cuban avant-garde movement, the vanguardia.<\/p>\n<p>One of the sources of the political activity in Cuba was the cry for autonomy and hope for a new governing system. The vanguardia helped to promote nationalism in this time (Gaztambide 88) by using art to explore and define Cuban culture as its own entity. While other artists explored <i>afrocubanismo<\/i> and <i>criollismo<\/i>, which studied afro-cuban and euro-cuban descent respectively, Pel\u00e1ez focused on her experience with <i>cubanidad<\/i> (Gaztambide 88)which explored the roles of the secluded and often controlled upper class women, as her family roots in native Cuban culture allowed her to do (Lu\u00eds sect. 3: Amelia Pel\u00e1ez).<\/p>\n<figure id=\"attachment_112\" aria-describedby=\"caption-attachment-112\" style=\"width: 269px\" class=\"wp-caption alignleft\"><img loading=\"lazy\" decoding=\"async\" class=\"wp-image-112\" src=\"https:\/\/sites.smith.edu\/global-modern-women-artists\/wp-content\/uploads\/sites\/45\/2016\/12\/Screen-Shot-2016-12-14-at-10.09.49-AM-300x231.png\" width=\"269\" height=\"207\" srcset=\"https:\/\/sites.smith.edu\/global-modern-women-artists\/wp-content\/uploads\/sites\/45\/2016\/12\/Screen-Shot-2016-12-14-at-10.09.49-AM-300x231.png 300w, https:\/\/sites.smith.edu\/global-modern-women-artists\/wp-content\/uploads\/sites\/45\/2016\/12\/Screen-Shot-2016-12-14-at-10.09.49-AM-768x590.png 768w, https:\/\/sites.smith.edu\/global-modern-women-artists\/wp-content\/uploads\/sites\/45\/2016\/12\/Screen-Shot-2016-12-14-at-10.09.49-AM.png 999w\" sizes=\"auto, (max-width: 269px) 100vw, 269px\" \/><figcaption id=\"caption-attachment-112\" class=\"wp-caption-text\">Marapac\u00edfico, 1936<\/figcaption><\/figure>\n<p>Her paintings grew to have a more feminine and feminist focus (Blanc 14) as Pel\u00e1ez returned home to Cuba. Her work completed at home is a demonstration of the development of her signature style with inspiration from fruit, architecture, and traditional Cuban stained glass (Lu\u00eds sect. 3: Amelia Pel\u00e1ez). Two examples of her works that show feminine themes are <em>Marapac\u00edfico<\/em> (1936) and <em>Naturaleza muerta en rojo<\/em> (1938). <em>Marapac\u00edfico<\/em> represents many of the lessons that Pel\u00e1ez learned from Exter (Blanc 14), and shows the hibiscus, which is a very feminine and sexual flower especially in red, and is accented by curved lines that imply abundance. These thick lines that organize the painting are representative of Exter&#8217;s work. <em>Naturaleza muerta en rojo<\/em> also plays with fruits such as the<\/p>\n<figure id=\"attachment_114\" aria-describedby=\"caption-attachment-114\" style=\"width: 232px\" class=\"wp-caption alignright\"><img loading=\"lazy\" decoding=\"async\" class=\"wp-image-114\" src=\"https:\/\/sites.smith.edu\/global-modern-women-artists\/wp-content\/uploads\/sites\/45\/2016\/12\/Screen-Shot-2016-12-14-at-10.14.03-AM-300x242.png\" alt=\"Naturaleza muerta en rojo, 1938\" width=\"232\" height=\"187\" srcset=\"https:\/\/sites.smith.edu\/global-modern-women-artists\/wp-content\/uploads\/sites\/45\/2016\/12\/Screen-Shot-2016-12-14-at-10.14.03-AM-300x242.png 300w, https:\/\/sites.smith.edu\/global-modern-women-artists\/wp-content\/uploads\/sites\/45\/2016\/12\/Screen-Shot-2016-12-14-at-10.14.03-AM-768x619.png 768w, https:\/\/sites.smith.edu\/global-modern-women-artists\/wp-content\/uploads\/sites\/45\/2016\/12\/Screen-Shot-2016-12-14-at-10.14.03-AM.png 953w\" sizes=\"auto, (max-width: 232px) 100vw, 232px\" \/><figcaption id=\"caption-attachment-114\" class=\"wp-caption-text\">Naturaleza muerta en rojo, 1938<\/figcaption><\/figure>\n<p>guanabana and the pomegranate to convey a sense of fertility. In the background of this painting there is also play with thick black lines, which evolves in later paintings to show Cuban colonial architecture (Pau-Llosa 7-8). <em>Siesta<\/em> (1941) expands on the architectural elements that she hinted at in previous works, and this expression of architecture only became more pronounced through the 40s (Mart\u00ednez 128).<\/p>\n<p>While her artistic style was developing, Pel\u00e1ez also spent periods of time working exclusively in one medium.\u00a0 She worked almost exclusively in pencil between 1935 and 36, taking small detours to construct two fresco murals (G\u00f3mez-Sicre 15). Another one of these periods occurred in the early 1950s, when she focused on pottery and constructed the ceramic mural for the National Accounting Office (G\u00f3mez-Sicre 12,16).<\/p>\n<p>Although paintings by Pel\u00e1ez can now be sold for thousands of dollars, it was extremely hard for her to make a living as an artist. Her first exhibition in Cuba after returning from Paris sold no paintings, and she spent a lot of time teaching art locally to supplement her occasional income from sold works (Mart\u00ednez 28-29). Another difficulty she faced was the acceptance of modern art. It was a growing practice but many people did not accept the stylistic approach. The 1940s finally put Cuban modernists on the map with a traveling Modern Cuban Art exhibition that visited the U.S, Europe, and Latin America (Mart\u00ednez 26). In 1941 Pel\u00e1ez&#8217;s work was shown for the first time in New York for the magazine Norte, and this led to multiple purchases of her art by the Museum of Modern Art in the following years (G\u00f3mez-Sicre 16).<\/p>\n<p>Her perspective as a woman gave Pel\u00e1ez a special place in the world of the vanguardia because she was able to look at Cuban life and tradition from a different perspective. She existed much more privately than her fellow vanguardia painters, and was only one of a few women to participate in the movement of Latin American art (Pau-Llosa 7-8). Pel\u00e1ez&#8217;s perspective on <i>cubanismo<\/i> contributed in special ways to the realization of Cuban tradition, and her unique visual language conveyed her social concerns and emotions to her audience.<\/p>\n","protected":false},"excerpt":{"rendered":"<p>Amelia Pel\u00e1ez y de Casal was born in the second year of Cuba&#8217;s final liberation war against Spain on January 5th, 1896 in Yaguajay, the province of Las Villas, Cuba. Her family was part of the Cuban-Creole middle class, and was well-off both economically and socially as her father was the County Doctor Manuel Pel\u00e1ez &hellip; <a href=\"https:\/\/sites.smith.edu\/global-modern-women-artists\/amelia-palaez\/biography\/\" class=\"more-link\">Continue reading <span class=\"screen-reader-text\">Biography<\/span> <span class=\"meta-nav\">&rarr;<\/span><\/a><\/p>\n","protected":false},"author":282,"featured_media":0,"parent":13,"menu_order":2,"comment_status":"closed","ping_status":"closed","template":"","meta":{"footnotes":""},"class_list":["post-24","page","type-page","status-publish","hentry"],"_links":{"self":[{"href":"https:\/\/sites.smith.edu\/global-modern-women-artists\/wp-json\/wp\/v2\/pages\/24","targetHints":{"allow":["GET"]}}],"collection":[{"href":"https:\/\/sites.smith.edu\/global-modern-women-artists\/wp-json\/wp\/v2\/pages"}],"about":[{"href":"https:\/\/sites.smith.edu\/global-modern-women-artists\/wp-json\/wp\/v2\/types\/page"}],"author":[{"embeddable":true,"href":"https:\/\/sites.smith.edu\/global-modern-women-artists\/wp-json\/wp\/v2\/users\/282"}],"replies":[{"embeddable":true,"href":"https:\/\/sites.smith.edu\/global-modern-women-artists\/wp-json\/wp\/v2\/comments?post=24"}],"version-history":[{"count":17,"href":"https:\/\/sites.smith.edu\/global-modern-women-artists\/wp-json\/wp\/v2\/pages\/24\/revisions"}],"predecessor-version":[{"id":691,"href":"https:\/\/sites.smith.edu\/global-modern-women-artists\/wp-json\/wp\/v2\/pages\/24\/revisions\/691"}],"up":[{"embeddable":true,"href":"https:\/\/sites.smith.edu\/global-modern-women-artists\/wp-json\/wp\/v2\/pages\/13"}],"wp:attachment":[{"href":"https:\/\/sites.smith.edu\/global-modern-women-artists\/wp-json\/wp\/v2\/media?parent=24"}],"curies":[{"name":"wp","href":"https:\/\/api.w.org\/{rel}","templated":true}]}}