{"id":441,"date":"2017-03-05T23:49:19","date_gmt":"2017-03-05T23:49:19","guid":{"rendered":"https:\/\/sites.smith.edu\/global-modern-women-artists\/?page_id=441"},"modified":"2017-05-01T19:11:20","modified_gmt":"2017-05-01T19:11:20","slug":"videos","status":"publish","type":"page","link":"https:\/\/sites.smith.edu\/global-modern-women-artists\/lygia-clark\/videos\/","title":{"rendered":"Videos"},"content":{"rendered":"<p>Here, we see some of Lygia Clark&#8217;s participatory pieces brought to life through retrospectives. These videos are meant to give a clearer sense of the process and the tone of her interactive works.<\/p>\n<p><iframe loading=\"lazy\" title=\"MASCARAS SENSORIAIS\" width=\"604\" height=\"453\" src=\"https:\/\/www.youtube.com\/embed\/0kZ-WIORsZg?feature=oembed\" frameborder=\"0\" allow=\"accelerometer; autoplay; clipboard-write; encrypted-media; gyroscope; picture-in-picture; web-share\" referrerpolicy=\"strict-origin-when-cross-origin\" allowfullscreen><\/iframe><\/p>\n<div id=\"accordion-1\" class=\"accordion no-js\">\n\n\t\t\t\t\t<h3 role=\"button\" id=\"accordion-1-t1\" class=\"accordion-title js-accordion-controller\" aria-controls=\"accordion-1-c1\" aria-expanded=\"false\" tabindex=\"0\">\n\t\t\t\tMascaras Sensoriais\t\t\t<\/h3>\n\t\t\n\t\t<div id=\"accordion-1-c1\" class=\"accordion-content\" aria-hidden=\"true\">\n\t\t\tLygia Clark&#8217;s &#8220;Mascaras Sensoriais,&#8221; part of her Nostalgia of the Body series, put the participant in a position to experience reality through an altered perspective.\t\t<\/div>\n\n\t\t\n<\/div>\n<p><a href=\"https:\/\/youtu.be\/ynq7JMXvWvA\">https:\/\/youtu.be\/ynq7JMXvWvA<\/a><\/p>\n<div id=\"accordion-2\" class=\"accordion no-js\">\n\n\t\t\t\t\t<h3 role=\"button\" id=\"accordion-2-t1\" class=\"accordion-title js-accordion-controller\" aria-controls=\"accordion-2-c1\" aria-expanded=\"false\" tabindex=\"0\">\n\t\t\t\tBaba Antropofagica\t\t\t<\/h3>\n\t\t\n\t\t<div id=\"accordion-2-c1\" class=\"accordion-content\" aria-hidden=\"true\">\n\t\t\tIn Clark&#8217;s Baba Antropofagica proposition, participants unspool thread from spools they hold in their mouths onto another participant that lies on the ground.\t\t<\/div>\n\n\t\t\n<\/div>\n<p><iframe loading=\"lazy\" title=\"Proposi\u00e7\u00e3o &quot;Rede de El\u00e1sticos&quot; - Lygia Clark: uma retrospectiva\" width=\"604\" height=\"340\" src=\"https:\/\/www.youtube.com\/embed\/eLBtgVDs3qs?feature=oembed\" frameborder=\"0\" allow=\"accelerometer; autoplay; clipboard-write; encrypted-media; gyroscope; picture-in-picture; web-share\" referrerpolicy=\"strict-origin-when-cross-origin\" allowfullscreen><\/iframe><\/p>\n<div id=\"accordion-3\" class=\"accordion no-js\">\n\n\t\t\t\t\t<h3 role=\"button\" id=\"accordion-3-t1\" class=\"accordion-title js-accordion-controller\" aria-controls=\"accordion-3-c1\" aria-expanded=\"false\" tabindex=\"0\">\n\t\t\t\tR\u00e9de de Elasticos\t\t\t<\/h3>\n\t\t\n\t\t<div id=\"accordion-3-c1\" class=\"accordion-content\" aria-hidden=\"true\">\n\t\t\tIn &#8220;Red\u00e9 de Elasticos,&#8221; or &#8220;Net of Elastic,&#8221; participants create a net of rubber bands and then gather under the net to create movement and interact with one another.\t\t<\/div>\n\n\t\t\n<\/div>\n<p><iframe loading=\"lazy\" title=\"Proposi\u00e7\u00e3o &quot;T\u00fanel&quot; - Lygia Clark: uma retrospectiva\" width=\"604\" height=\"340\" src=\"https:\/\/www.youtube.com\/embed\/nsmk5L_OkCI?feature=oembed\" frameborder=\"0\" allow=\"accelerometer; autoplay; clipboard-write; encrypted-media; gyroscope; picture-in-picture; web-share\" referrerpolicy=\"strict-origin-when-cross-origin\" allowfullscreen><\/iframe><\/p>\n<div id=\"accordion-4\" class=\"accordion no-js\">\n\n\t\t\t\t\t<h3 role=\"button\" id=\"accordion-4-t1\" class=\"accordion-title js-accordion-controller\" aria-controls=\"accordion-4-c1\" aria-expanded=\"false\" tabindex=\"0\">\n\t\t\t\tT\u00fanel\t\t\t<\/h3>\n\t\t\n\t\t<div id=\"accordion-4-c1\" class=\"accordion-content\" aria-hidden=\"true\">\n\t\t\tT\u00fanel,&#8221; one of Lygia Clark&#8217;s propositions, involves participants making their way through a cloth tunnel and emerging; though it may seem silly, the emergence from envelopment the process of birth and provided an opportunity for participants to interact in an unusual way.\t\t<\/div>\n\n\t\t\n<\/div>\n<p><iframe loading=\"lazy\" title=\"Proposi\u00e7\u00e3o &quot;Eu e o Tu&quot; - Lygia Clark: uma retrospectiva\" width=\"604\" height=\"340\" src=\"https:\/\/www.youtube.com\/embed\/5oxfmJpfVY4?feature=oembed\" frameborder=\"0\" allow=\"accelerometer; autoplay; clipboard-write; encrypted-media; gyroscope; picture-in-picture; web-share\" referrerpolicy=\"strict-origin-when-cross-origin\" allowfullscreen><\/iframe><\/p>\n<div id=\"accordion-5\" class=\"accordion no-js\">\n\n\t\t\t\t\t<h3 role=\"button\" id=\"accordion-5-t1\" class=\"accordion-title js-accordion-controller\" aria-controls=\"accordion-5-c1\" aria-expanded=\"false\" tabindex=\"0\">\n\t\t\t\tEu e o Tu\t\t\t<\/h3>\n\t\t\n\t\t<div id=\"accordion-5-c1\" class=\"accordion-content\" aria-hidden=\"true\">\n\t\t\t&#8220;Eu e o Tu&#8221; is a proposition that creates a strange and intimate interaction between two participants, described by Clark as &#8220;psychosexual.&#8221; The textures found inside the suits were meant to evoke emotion in participants through this exploratory experience.\t\t<\/div>\n\n\t\t\n<\/div>\n<p><iframe loading=\"lazy\" title=\"Proposi\u00e7\u00e3o &quot;Canibalismo&quot; - Lygia Clark: uma retrospectiva\" width=\"604\" height=\"340\" src=\"https:\/\/www.youtube.com\/embed\/jTcnMeVBbns?feature=oembed\" frameborder=\"0\" allow=\"accelerometer; autoplay; clipboard-write; encrypted-media; gyroscope; picture-in-picture; web-share\" referrerpolicy=\"strict-origin-when-cross-origin\" allowfullscreen><\/iframe><\/p>\n<div id=\"accordion-6\" class=\"accordion no-js\">\n\n\t\t\t\t\t<h3 role=\"button\" id=\"accordion-6-t1\" class=\"accordion-title js-accordion-controller\" aria-controls=\"accordion-6-c1\" aria-expanded=\"false\" tabindex=\"0\">\n\t\t\t\tCanibal\u00edsmo\t\t\t<\/h3>\n\t\t\n\t\t<div id=\"accordion-6-c1\" class=\"accordion-content\" aria-hidden=\"true\">\n\t\t\tIn this proposition, &#8220;Canibal\u00edsmo,&#8221; blindfolded participants removed fruit from a pocket in a bodysuit, eating it and feeding it to the person in the suit. This work was meant to suggest the unsettling illusion of the group feeding off of the person on the floor.\t\t<\/div>\n\n\t\t\n<\/div>\n","protected":false},"excerpt":{"rendered":"<p>Here, we see some of Lygia Clark&#8217;s participatory pieces brought to life through retrospectives. These videos are meant to give a clearer sense of the process and the tone of her interactive works.<\/p>\n","protected":false},"author":325,"featured_media":0,"parent":418,"menu_order":16,"comment_status":"closed","ping_status":"closed","template":"","meta":{"footnotes":""},"class_list":["post-441","page","type-page","status-publish","hentry"],"_links":{"self":[{"href":"https:\/\/sites.smith.edu\/global-modern-women-artists\/wp-json\/wp\/v2\/pages\/441","targetHints":{"allow":["GET"]}}],"collection":[{"href":"https:\/\/sites.smith.edu\/global-modern-women-artists\/wp-json\/wp\/v2\/pages"}],"about":[{"href":"https:\/\/sites.smith.edu\/global-modern-women-artists\/wp-json\/wp\/v2\/types\/page"}],"author":[{"embeddable":true,"href":"https:\/\/sites.smith.edu\/global-modern-women-artists\/wp-json\/wp\/v2\/users\/325"}],"replies":[{"embeddable":true,"href":"https:\/\/sites.smith.edu\/global-modern-women-artists\/wp-json\/wp\/v2\/comments?post=441"}],"version-history":[{"count":13,"href":"https:\/\/sites.smith.edu\/global-modern-women-artists\/wp-json\/wp\/v2\/pages\/441\/revisions"}],"predecessor-version":[{"id":657,"href":"https:\/\/sites.smith.edu\/global-modern-women-artists\/wp-json\/wp\/v2\/pages\/441\/revisions\/657"}],"up":[{"embeddable":true,"href":"https:\/\/sites.smith.edu\/global-modern-women-artists\/wp-json\/wp\/v2\/pages\/418"}],"wp:attachment":[{"href":"https:\/\/sites.smith.edu\/global-modern-women-artists\/wp-json\/wp\/v2\/media?parent=441"}],"curies":[{"name":"wp","href":"https:\/\/api.w.org\/{rel}","templated":true}]}}