{"id":484,"date":"2025-03-27T18:00:59","date_gmt":"2025-03-27T22:00:59","guid":{"rendered":"https:\/\/sites.smith.edu\/humanrightsandlanguages\/?page_id=484"},"modified":"2025-04-22T10:02:46","modified_gmt":"2025-04-22T14:02:46","slug":"francais","status":"publish","type":"page","link":"https:\/\/sites.smith.edu\/humanrightsandlanguages\/francais\/","title":{"rendered":"Fran\u00e7ais"},"content":{"rendered":"\n<h2 class=\"wp-block-heading\">Les d\u00e9clarations des droits en France et en Europe<br><br><\/h2>\n\n\n<ul class=\"wp-block-latest-posts__list is-grid columns-3 wp-block-latest-posts\"><li><div class=\"wp-block-latest-posts__featured-image\"><a href=\"https:\/\/sites.smith.edu\/humanrightsandlanguages\/la-declaration-universelle-des-droits-de-lhomme\/\" aria-label=\"La D\u00e9claration universelle des droits de l&#8217;homme\"><img loading=\"lazy\" decoding=\"async\" width=\"300\" height=\"213\" src=\"https:\/\/sites.smith.edu\/humanrightsandlanguages\/wp-content\/uploads\/sites\/1159\/2025\/04\/Plaque_50e_Anniversaire_Declaration_Universelle_Droits_Homme_Parc_Nelson_Mandela_-_Pierrefitte-sur-Seine_FR93_-_2022-08-14_-_1-300x213.jpg\" class=\"attachment-medium size-medium wp-post-image\" alt=\"Plaque o\u00f9 est inscrit l&#039;article premier de la D\u00e9claration Universelle des droits de l&#039;homme\" style=\"\" srcset=\"https:\/\/sites.smith.edu\/humanrightsandlanguages\/wp-content\/uploads\/sites\/1159\/2025\/04\/Plaque_50e_Anniversaire_Declaration_Universelle_Droits_Homme_Parc_Nelson_Mandela_-_Pierrefitte-sur-Seine_FR93_-_2022-08-14_-_1-300x213.jpg 300w, https:\/\/sites.smith.edu\/humanrightsandlanguages\/wp-content\/uploads\/sites\/1159\/2025\/04\/Plaque_50e_Anniversaire_Declaration_Universelle_Droits_Homme_Parc_Nelson_Mandela_-_Pierrefitte-sur-Seine_FR93_-_2022-08-14_-_1-1024x728.jpg 1024w, https:\/\/sites.smith.edu\/humanrightsandlanguages\/wp-content\/uploads\/sites\/1159\/2025\/04\/Plaque_50e_Anniversaire_Declaration_Universelle_Droits_Homme_Parc_Nelson_Mandela_-_Pierrefitte-sur-Seine_FR93_-_2022-08-14_-_1-768x546.jpg 768w, https:\/\/sites.smith.edu\/humanrightsandlanguages\/wp-content\/uploads\/sites\/1159\/2025\/04\/Plaque_50e_Anniversaire_Declaration_Universelle_Droits_Homme_Parc_Nelson_Mandela_-_Pierrefitte-sur-Seine_FR93_-_2022-08-14_-_1-1536x1092.jpg 1536w, https:\/\/sites.smith.edu\/humanrightsandlanguages\/wp-content\/uploads\/sites\/1159\/2025\/04\/Plaque_50e_Anniversaire_Declaration_Universelle_Droits_Homme_Parc_Nelson_Mandela_-_Pierrefitte-sur-Seine_FR93_-_2022-08-14_-_1-2048x1456.jpg 2048w\" sizes=\"auto, (max-width: 300px) 100vw, 300px\" \/><\/a><\/div><a class=\"wp-block-latest-posts__post-title\" href=\"https:\/\/sites.smith.edu\/humanrightsandlanguages\/la-declaration-universelle-des-droits-de-lhomme\/\">La D\u00e9claration universelle des droits de l&#8217;homme<\/a><\/li>\n<li><div class=\"wp-block-latest-posts__featured-image\"><a href=\"https:\/\/sites.smith.edu\/humanrightsandlanguages\/la-declaration-des-droits-de-la-femme-et-de-la-citoyenne-en-france\/\" aria-label=\"La d\u00e9claration des droits de la femme et de la citoyenne en France\"><img loading=\"lazy\" decoding=\"async\" width=\"138\" height=\"300\" src=\"https:\/\/sites.smith.edu\/humanrightsandlanguages\/wp-content\/uploads\/sites\/1159\/2025\/03\/Louis_XVI_a_son_peuple_.Frussotte_C_btv1b6941702h_1-138x300.jpeg\" class=\"attachment-medium size-medium wp-post-image\" alt=\"Olympe de Gouges offre sa D\u00e9claration \u00e0 Marie-Antoinette, qui est \u00e0 c\u00f4t\u00e9 du roi Louis XVI\" style=\"\" srcset=\"https:\/\/sites.smith.edu\/humanrightsandlanguages\/wp-content\/uploads\/sites\/1159\/2025\/03\/Louis_XVI_a_son_peuple_.Frussotte_C_btv1b6941702h_1-138x300.jpeg 138w, https:\/\/sites.smith.edu\/humanrightsandlanguages\/wp-content\/uploads\/sites\/1159\/2025\/03\/Louis_XVI_a_son_peuple_.Frussotte_C_btv1b6941702h_1-469x1024.jpeg 469w, https:\/\/sites.smith.edu\/humanrightsandlanguages\/wp-content\/uploads\/sites\/1159\/2025\/03\/Louis_XVI_a_son_peuple_.Frussotte_C_btv1b6941702h_1-704x1536.jpeg 704w, https:\/\/sites.smith.edu\/humanrightsandlanguages\/wp-content\/uploads\/sites\/1159\/2025\/03\/Louis_XVI_a_son_peuple_.Frussotte_C_btv1b6941702h_1.jpeg 718w\" sizes=\"auto, (max-width: 138px) 100vw, 138px\" \/><\/a><\/div><a class=\"wp-block-latest-posts__post-title\" href=\"https:\/\/sites.smith.edu\/humanrightsandlanguages\/la-declaration-des-droits-de-la-femme-et-de-la-citoyenne-en-france\/\">La d\u00e9claration des droits de la femme et de la citoyenne en France<\/a><\/li>\n<li><div class=\"wp-block-latest-posts__featured-image\"><a href=\"https:\/\/sites.smith.edu\/humanrightsandlanguages\/la-declaration-des-droits-de-lhomme-et-du-citoyen\/\" aria-label=\"La d\u00e9claration des droits de l&#8217;homme et du citoyen\"><img loading=\"lazy\" decoding=\"async\" width=\"300\" height=\"234\" src=\"https:\/\/sites.smith.edu\/humanrightsandlanguages\/wp-content\/uploads\/sites\/1159\/2025\/02\/Declaration-des-droits-de-lhomme-et-du-citoyen-engraving-Claude-Niquet-BNF-Gallica-1-300x234.jpeg\" class=\"attachment-medium size-medium wp-post-image\" alt=\"Une femme regarde un grand tableau o\u00f9 sont inscrits les droits de l&#039;homme et du citoyen\" style=\"\" srcset=\"https:\/\/sites.smith.edu\/humanrightsandlanguages\/wp-content\/uploads\/sites\/1159\/2025\/02\/Declaration-des-droits-de-lhomme-et-du-citoyen-engraving-Claude-Niquet-BNF-Gallica-1-300x234.jpeg 300w, https:\/\/sites.smith.edu\/humanrightsandlanguages\/wp-content\/uploads\/sites\/1159\/2025\/02\/Declaration-des-droits-de-lhomme-et-du-citoyen-engraving-Claude-Niquet-BNF-Gallica-1-1024x799.jpeg 1024w, https:\/\/sites.smith.edu\/humanrightsandlanguages\/wp-content\/uploads\/sites\/1159\/2025\/02\/Declaration-des-droits-de-lhomme-et-du-citoyen-engraving-Claude-Niquet-BNF-Gallica-1-768x599.jpeg 768w, https:\/\/sites.smith.edu\/humanrightsandlanguages\/wp-content\/uploads\/sites\/1159\/2025\/02\/Declaration-des-droits-de-lhomme-et-du-citoyen-engraving-Claude-Niquet-BNF-Gallica-1.jpeg 1350w\" sizes=\"auto, (max-width: 300px) 100vw, 300px\" \/><\/a><\/div><a class=\"wp-block-latest-posts__post-title\" href=\"https:\/\/sites.smith.edu\/humanrightsandlanguages\/la-declaration-des-droits-de-lhomme-et-du-citoyen\/\">La d\u00e9claration des droits de l&#8217;homme et du citoyen<\/a><\/li>\n<\/ul>","protected":false},"excerpt":{"rendered":"<p>Les d\u00e9clarations des droits en France et en Europe<\/p>\n","protected":false},"author":8144,"featured_media":0,"parent":0,"menu_order":0,"comment_status":"closed","ping_status":"closed","template":"fullwidth-page.php","meta":{"footnotes":""},"class_list":["post-484","page","type-page","status-publish","hentry"],"_links":{"self":[{"href":"https:\/\/sites.smith.edu\/humanrightsandlanguages\/wp-json\/wp\/v2\/pages\/484","targetHints":{"allow":["GET"]}}],"collection":[{"href":"https:\/\/sites.smith.edu\/humanrightsandlanguages\/wp-json\/wp\/v2\/pages"}],"about":[{"href":"https:\/\/sites.smith.edu\/humanrightsandlanguages\/wp-json\/wp\/v2\/types\/page"}],"author":[{"embeddable":true,"href":"https:\/\/sites.smith.edu\/humanrightsandlanguages\/wp-json\/wp\/v2\/users\/8144"}],"replies":[{"embeddable":true,"href":"https:\/\/sites.smith.edu\/humanrightsandlanguages\/wp-json\/wp\/v2\/comments?post=484"}],"version-history":[{"count":10,"href":"https:\/\/sites.smith.edu\/humanrightsandlanguages\/wp-json\/wp\/v2\/pages\/484\/revisions"}],"predecessor-version":[{"id":674,"href":"https:\/\/sites.smith.edu\/humanrightsandlanguages\/wp-json\/wp\/v2\/pages\/484\/revisions\/674"}],"wp:attachment":[{"href":"https:\/\/sites.smith.edu\/humanrightsandlanguages\/wp-json\/wp\/v2\/media?parent=484"}],"curies":[{"name":"wp","href":"https:\/\/api.w.org\/{rel}","templated":true}]}}