{"id":486,"date":"2023-05-06T15:29:45","date_gmt":"2023-05-06T19:29:45","guid":{"rendered":"https:\/\/sites.smith.edu\/las310-sp23\/?page_id=486"},"modified":"2023-05-12T16:37:18","modified_gmt":"2023-05-12T20:37:18","slug":"practicas-de-archivo-activismo-y-resistencia","status":"publish","type":"page","link":"https:\/\/sites.smith.edu\/las310-sp23\/practicas-de-archivo-activismo-y-resistencia\/","title":{"rendered":"Pr\u00e1cticas de archivo, activismo y resistencia"},"content":{"rendered":"<p style=\"text-align: center\"><span style=\"font-weight: 400\">Mi nombre es Miren Neyra Alc\u00e1ntara, soy estudiante de Estudios Latinoamericanos con especializaci\u00f3n en Arte de Estudio. Este proyecto llamado &#8220;Reimaginando Archivos&#8221; [Reimagining Archives] parte de una investigaci\u00f3n que he estado realizando y surge de mi LAS 310 Senior Capstone. He estado trabajando en la creaci\u00f3n de una l\u00ednea de tiempo digital sobre la historia de la organizaci\u00f3n de los trabajadores agr\u00edcolas. Uno de mis objetivos ha sido ampliar mi conocimiento sobre por qu\u00e9 las l\u00edneas de tiempo digitales son importantes y c\u00f3mo pueden servir como activismo digital. Adem\u00e1s, estoy interesada en aprender m\u00e1s sobre c\u00f3mo los archivos y la grabaci\u00f3n de nuestras historias tambi\u00e9n se cruzan con la producci\u00f3n y preservaci\u00f3n cultural y patrimonial.<\/span><\/p>\n<p style=\"text-align: center\"><span style=\"font-weight: 400\">Quisiera reconocer y expresar mi agradecimiento a todas las personas que me han apoyado y retroalimentado a lo largo de este proceso. Quisiera agradecer a mi asesora y profesora Michelle Joffroy, mi amiga y organizadora laboral durante 20 a\u00f1os Alfonso Herrera Neal, as\u00ed como a mi profesora Dana Leibsohn cuya clase sobre \u00e9tica y m\u00e9todos en estudios latinoamericanos ayud\u00f3 a formar mi enfoque para &#8220;Reimaginando Archivos&#8221;. A Abril Navarro y Travis Grandy por ayudarme a construir mi sitio de WordPress y ofrecer un soporte sin fin. Tambi\u00e9n me gustar\u00eda agradecer a todos los trabajadores agr\u00edcolas, trabajadores migrantes y trabajadores indocumentados que he conocido a lo largo de mi carrera de organizaci\u00f3n laboral, quienes gentilmente han compartido sus historias conmigo y me han mostrado la necesidad de un cambio, y m\u00e1s en t\u00e9rminos de este proyecto, c\u00f3mo grabamos historias.<\/span><\/p>\n<p style=\"text-align: center\"><span style=\"font-weight: 400\">Tambi\u00e9n me gustar\u00eda agradecer a Holyoke Community College (HCC), espec\u00edficamente a Camille Close, bibliotecaria de investigaci\u00f3n de HCC, y a Ra\u00fal Guti\u00e9rrez, profesor asociado y presidente del Departamento de Lenguaje\/Latinx de HCC. A lo largo del desarrollo de este proyecto he estado trabajando con ellos y recibiendo comentarios de ellos. El proyecto Reimagining Archives se alojar\u00e1 en el sitio web de la biblioteca de HCC como un recurso para los estudiantes y la comunidad circundante. Adem\u00e1s, el proyecto tambi\u00e9n se utilizar\u00e1 para las clases de Estudios Latinx de HCC, espec\u00edficamente las que giran en torno a la justicia social y la organizaci\u00f3n comunitaria.<\/span><\/p>\n<p style=\"text-align: center\"><span style=\"font-weight: 400\">La descripci\u00f3n completa del proyecto Reimagining Archives se proporciona a continuaci\u00f3n en el cuadro &#8220;Acerca de&#8221;. Los recuadros restantes: &#8220;Activismo digital y resistencia&#8221;, &#8220;\u00bfC\u00f3mo se han grabado nuestras historias?&#8221;, &#8220;Archivos An\u00e1rquicos: un ejemplo de caminos posibles&#8221;, &#8220;\u00bfC\u00f3mo empiezo a crear mi propia l\u00ednea de tiempo o archivo?&#8221;, y &#8220;Ejemplos y Recursos\u201d proporcionan una inmersi\u00f3n profunda en c\u00f3mo el proyecto crea un nuevo marco para abordar los archivos y el registro hist\u00f3rico.<\/span><\/p>\n<table>\n<tbody>\n<tr>\n<td><a href=\"https:\/\/sites.smith.edu\/las310-sp23\/acerca-de\/\"><img loading=\"lazy\" decoding=\"async\" class=\"alignnone wp-image-684 size-thumbnail\" src=\"https:\/\/sites.smith.edu\/las310-sp23\/wp-content\/uploads\/sites\/926\/2023\/04\/reimagine_1-e1683922641160-150x150.jpg\" alt=\"Picture of a collage with that reads &quot;ReImagine Archives&quot;. The collage is on a bright yellow background and features a mixture of flowers, birds, and butterflies.\" width=\"150\" height=\"150\" \/><\/a><\/td>\n<td><a href=\"https:\/\/sites.smith.edu\/las310-sp23\/activismo-y-resistencia-digital\/\"><img loading=\"lazy\" decoding=\"async\" class=\"alignnone wp-image-681 size-thumbnail\" src=\"https:\/\/sites.smith.edu\/las310-sp23\/wp-content\/uploads\/sites\/926\/2023\/04\/digital-activism_1-e1683922764758-150x150.jpg\" alt=\"Picture of a collage with text that reads &quot;Digital Activism Resistance&quot;. The collage is on a dark purple background and features multicolored shapes and lines.\" width=\"150\" height=\"150\" \/><\/a><\/td>\n<td><a href=\"https:\/\/sites.smith.edu\/las310-sp23\/como-se-han-grabado-nuestras-historias\/\"><img loading=\"lazy\" decoding=\"async\" class=\"alignnone wp-image-683 size-thumbnail\" src=\"https:\/\/sites.smith.edu\/las310-sp23\/wp-content\/uploads\/sites\/926\/2023\/04\/recorded-hist_1-e1683922834355-150x150.jpg\" alt=\"Picture of a collage with text that reads &quot;Recorded Histories?&quot;. The collage is on a bright hot pink background and features pictures of grafitti and artwork.\" width=\"150\" height=\"150\" \/><\/a><\/td>\n<\/tr>\n<\/tbody>\n<tbody>\n<tr>\n<td><a href=\"https:\/\/sites.smith.edu\/las310-sp23\/archivos-anarquicos\/\"><img loading=\"lazy\" decoding=\"async\" class=\"alignnone wp-image-679 size-thumbnail\" src=\"https:\/\/sites.smith.edu\/las310-sp23\/wp-content\/uploads\/sites\/926\/2023\/04\/anarchic_1-e1683922906297-150x150.jpg\" alt=\"Picture of a collage with text that reads &quot;Anarchic Archive&quot;. The collage is on a bright orange background and features images of plants, flowers, and animals.\" width=\"150\" height=\"150\" \/><\/a><\/td>\n<td><a href=\"https:\/\/sites.smith.edu\/las310-sp23\/como-comienzo-a-crear-mi-propia-linea-de-tiempo-o-archivo\/\"><img loading=\"lazy\" decoding=\"async\" class=\"alignnone wp-image-680 size-thumbnail\" src=\"https:\/\/sites.smith.edu\/las310-sp23\/wp-content\/uploads\/sites\/926\/2023\/04\/build_1-e1683922972760-150x150.jpg\" alt=\"Picture of a collage with text that reads &quot;Build&quot;. The collage is on a bright green background and features images of a building, a car, two bodies embracing, and flowers.\" width=\"150\" height=\"150\" \/><\/a><\/td>\n<td><a href=\"https:\/\/sites.smith.edu\/las310-sp23\/ejemplos-y-recursos\/\"><img loading=\"lazy\" decoding=\"async\" class=\"alignnone wp-image-682 size-thumbnail\" src=\"https:\/\/sites.smith.edu\/las310-sp23\/wp-content\/uploads\/sites\/926\/2023\/04\/find_1-scaled-e1683923037521-150x150.jpg\" alt=\"Picture of a collage with text that reads &quot;Find&quot;. The collage is on a yellow background and features images of lamps, music equipment, flowers, plants.\" width=\"150\" height=\"150\" \/><\/a><\/td>\n<\/tr>\n<\/tbody>\n<\/table>\n<p>&lt; <a href=\"https:\/\/sites.smith.edu\/las310-sp23\/archival-practices-activism-resistance\/\">Back to English<\/a><\/p>\n","protected":false},"excerpt":{"rendered":"<p>Mi nombre es Miren Neyra Alc\u00e1ntara, soy estudiante de Estudios Latinoamericanos con especializaci\u00f3n en Arte de Estudio. Este proyecto llamado &#8220;Reimaginando Archivos&#8221; [Reimagining Archives] parte de una investigaci\u00f3n que he estado realizando y surge de mi LAS 310 Senior Capstone. He estado trabajando en la creaci\u00f3n de una l\u00ednea de tiempo digital sobre la historia [&hellip;]<\/p>\n","protected":false},"author":6742,"featured_media":684,"parent":0,"menu_order":0,"comment_status":"closed","ping_status":"closed","template":"","meta":{"footnotes":""},"class_list":["post-486","page","type-page","status-publish","has-post-thumbnail","hentry"],"_links":{"self":[{"href":"https:\/\/sites.smith.edu\/las310-sp23\/wp-json\/wp\/v2\/pages\/486","targetHints":{"allow":["GET"]}}],"collection":[{"href":"https:\/\/sites.smith.edu\/las310-sp23\/wp-json\/wp\/v2\/pages"}],"about":[{"href":"https:\/\/sites.smith.edu\/las310-sp23\/wp-json\/wp\/v2\/types\/page"}],"author":[{"embeddable":true,"href":"https:\/\/sites.smith.edu\/las310-sp23\/wp-json\/wp\/v2\/users\/6742"}],"replies":[{"embeddable":true,"href":"https:\/\/sites.smith.edu\/las310-sp23\/wp-json\/wp\/v2\/comments?post=486"}],"version-history":[{"count":11,"href":"https:\/\/sites.smith.edu\/las310-sp23\/wp-json\/wp\/v2\/pages\/486\/revisions"}],"predecessor-version":[{"id":687,"href":"https:\/\/sites.smith.edu\/las310-sp23\/wp-json\/wp\/v2\/pages\/486\/revisions\/687"}],"wp:featuredmedia":[{"embeddable":true,"href":"https:\/\/sites.smith.edu\/las310-sp23\/wp-json\/wp\/v2\/media\/684"}],"wp:attachment":[{"href":"https:\/\/sites.smith.edu\/las310-sp23\/wp-json\/wp\/v2\/media?parent=486"}],"curies":[{"name":"wp","href":"https:\/\/api.w.org\/{rel}","templated":true}]}}