{"id":493,"date":"2023-05-06T15:34:23","date_gmt":"2023-05-06T19:34:23","guid":{"rendered":"https:\/\/sites.smith.edu\/las310-sp23\/?page_id=493"},"modified":"2023-05-06T15:35:57","modified_gmt":"2023-05-06T19:35:57","slug":"activismo-y-resistencia-digital","status":"publish","type":"page","link":"https:\/\/sites.smith.edu\/las310-sp23\/activismo-y-resistencia-digital\/","title":{"rendered":"Activismo y resistencia digital"},"content":{"rendered":"<p><span style=\"font-weight: 400\">El activismo y la resistencia digital han demostrado ser herramientas poderosas para movilizar a las comunidades y abogar por un cambio pol\u00edtico de base. Un ejemplo reciente de esto es el derrocamiento del ex gobernador de Puerto Rico, Ricardo Rosell\u00f3, en 2019. En este caso, el activismo digital sirvi\u00f3 como una herramienta para difundir el mensaje de indignaci\u00f3n y resistencia del pueblo puertorrique\u00f1o a un gobierno corrupto a una audiencia global. El <a href=\"https:\/\/www.noticel.com\/article\/20190728\/rickyrenuncia-how-social-media-helped-take-down-puerto-ricos-governor\/\">movimiento<\/a> acumul\u00f3 innumerables vistas e involucr\u00f3 a artistas populares, lo que result\u00f3 en un cierre total de San Juan con m\u00e1s de 500,000 manifestantes (<a href=\"https:\/\/www.nytimes.com\/2019\/07\/22\/us\/puerto-rico-protests-politics.html\">Robles y Rosa<\/a>). Un ejemplo de esto es el uso de hashtags como una forma de comunicar y mostrar solidaridad entre plataformas, lugares y personas. El pueblo puertorrique\u00f1o no solo logr\u00f3 difundir su mensaje sino que logr\u00f3 la renuncia de Rosell\u00f3. La combinaci\u00f3n de la organizaci\u00f3n presencial y la creaci\u00f3n de espacios \u00fanicos de memoria y resistencia dan paso a acciones duraderas. Acciones en l\u00ednea <a href=\"https:\/\/blog.castac.org\/2019\/07\/our-governor-resigned-via-facebook-rickyrenuncia-puerto-ricos-summer-of-protest\/\">como estas<\/a>, cobran gran importancia en pa\u00edses donde los espacios p\u00fablicos est\u00e1n regulados o bajo control militar. El activismo digital tambi\u00e9n se puede utilizar para resistir a las instituciones transnacionales globales.<\/span><\/p>\n<p><span style=\"font-weight: 400\">Cuando pensamos en los archivos como activismo y resistencia digital, nos involucramos en el cambio pol\u00edtico y la resistencia, as\u00ed como en la resistencia y el reconocimiento cultural. Registrar y digitalizar historias que han sido desatendidas o mal interpretadas, es resistir a los sistemas de poder que dictan la historia. Los archivos digitales se convierten en una herramienta para reescribir historias y crear una \u201coportunidad transformadora para inyectar nuevas narrativas o cambiar las narrativas y la forma en que hablamos de las cosas\u201d (<a href=\"https:\/\/www.cfr.org\/blog\/promise-digital-activism-and-its-dangers-0\">Powell<\/a>).<\/span><\/p>\n<p>M\u00e1s ejemplos de activismo digital: <a href=\"https:\/\/blog.castac.org\/2019\/07\/our-governor-resigned-via-facebook-rickyrenuncia-puerto-ricos-summer-of-protest\/\">1<\/a>, <a href=\"https:\/\/blacklivesmatter.com\/8-years-strong\/\">2<\/a>, <a href=\"https:\/\/www.washingtonpost.com\/national\/on-leadership\/what-is-occupy-wall-street-the-history-of-leaderless-movements\/2011\/10\/10\/gIQAwkFjaL_story.html\">3<\/a>.<\/p>\n<p>&lt;<a href=\"https:\/\/sites.smith.edu\/las310-sp23\/practicas-de-archivo-activismo-y-resistencia\/\"> Regreso a la p\u00e1gina principal<\/a><\/p>\n","protected":false},"excerpt":{"rendered":"<p>El activismo y la resistencia digital han demostrado ser herramientas poderosas para movilizar a las comunidades y abogar por un cambio pol\u00edtico de base. Un ejemplo reciente de esto es el derrocamiento del ex gobernador de Puerto Rico, Ricardo Rosell\u00f3, en 2019. En este caso, el activismo digital sirvi\u00f3 como una herramienta para difundir el [&hellip;]<\/p>\n","protected":false},"author":6742,"featured_media":0,"parent":0,"menu_order":0,"comment_status":"closed","ping_status":"closed","template":"","meta":{"footnotes":""},"class_list":["post-493","page","type-page","status-publish","hentry"],"_links":{"self":[{"href":"https:\/\/sites.smith.edu\/las310-sp23\/wp-json\/wp\/v2\/pages\/493","targetHints":{"allow":["GET"]}}],"collection":[{"href":"https:\/\/sites.smith.edu\/las310-sp23\/wp-json\/wp\/v2\/pages"}],"about":[{"href":"https:\/\/sites.smith.edu\/las310-sp23\/wp-json\/wp\/v2\/types\/page"}],"author":[{"embeddable":true,"href":"https:\/\/sites.smith.edu\/las310-sp23\/wp-json\/wp\/v2\/users\/6742"}],"replies":[{"embeddable":true,"href":"https:\/\/sites.smith.edu\/las310-sp23\/wp-json\/wp\/v2\/comments?post=493"}],"version-history":[{"count":3,"href":"https:\/\/sites.smith.edu\/las310-sp23\/wp-json\/wp\/v2\/pages\/493\/revisions"}],"predecessor-version":[{"id":496,"href":"https:\/\/sites.smith.edu\/las310-sp23\/wp-json\/wp\/v2\/pages\/493\/revisions\/496"}],"wp:attachment":[{"href":"https:\/\/sites.smith.edu\/las310-sp23\/wp-json\/wp\/v2\/media?parent=493"}],"curies":[{"name":"wp","href":"https:\/\/api.w.org\/{rel}","templated":true}]}}