{"id":499,"date":"2023-05-06T15:37:40","date_gmt":"2023-05-06T19:37:40","guid":{"rendered":"https:\/\/sites.smith.edu\/las310-sp23\/?page_id=499"},"modified":"2023-05-06T15:37:40","modified_gmt":"2023-05-06T19:37:40","slug":"archivos-anarquicos","status":"publish","type":"page","link":"https:\/\/sites.smith.edu\/las310-sp23\/archivos-anarquicos\/","title":{"rendered":"Archivos An\u00e1rquicos"},"content":{"rendered":"<p><span style=\"font-weight: 400\">La definici\u00f3n de an\u00e1rquico, seg\u00fan lo determina el Diccionario de Cambridge, es &#8220;no mostrar respeto por las reglas, el comportamiento, las organizaciones, los l\u00edderes, etc., oficiales o aceptados&#8221;. El diccionario Merriam-Webster lo define como \u201cfalta de orden, regularidad o definici\u00f3n\u201d. Cuando miramos las definiciones del diccionario, vemos una idea de c\u00f3mo se podr\u00eda usar la palabra, la construcci\u00f3n social y la implicaci\u00f3n de la palabra, en este caso an\u00e1rquica. Sin embargo, las definiciones del diccionario no siempre incluyen un contexto hist\u00f3rico directo de lo que la palabra realmente significa y representa en relaci\u00f3n con las condiciones hist\u00f3ricas. Por ejemplo, la definici\u00f3n del diccionario de comunismo se us\u00f3 como arma durante la guerra fr\u00eda para ser la ant\u00edtesis de todo lo que es la democracia occidental. Lo mismo puede decirse de los sistemas an\u00e1rquicos porque desaf\u00edan las estructuras de poder social y pol\u00edtico que ya existen.<\/span><\/p>\n<p><span style=\"font-weight: 400\">Las definiciones de los diccionarios nos dan una idea del uso social y las implicaciones nos se\u00f1alan el camino para profundizar en la historia ling\u00fc\u00edstica. La informaci\u00f3n clave que falta en estas definiciones de diccionario es que el an\u00e1rquico no muestra respeto por las reglas oficiales o el gobierno <\/span><i><span style=\"font-weight: 400\">actual<\/span><\/i><span style=\"font-weight: 400\">. La anarqu\u00eda ve las fallas dentro del actual sistema socioecon\u00f3mico y pol\u00edtico. La anarqu\u00eda, para decirlo simplemente, es orden. La anarqu\u00eda propone una organizaci\u00f3n de la sociedad basada en la cooperaci\u00f3n voluntaria sin instituciones pol\u00edticas ni gobierno jer\u00e1rquico. Por tanto, el archivo an\u00e1rquico busca eliminar la jerarquizaci\u00f3n de los archivos tradicionales e introducir la cooperaci\u00f3n de aquellos que han sido dejados atr\u00e1s por la historia. Ulf Vierke, director de Iwalewahaus, el centro de arte africano contempor\u00e1neo de la Universidad de Bayreuth, Alemania, describe el archivo an\u00e1rquico de la siguiente manera:<\/span><\/p>\n<p>&nbsp;<\/p>\n<p><span style=\"font-weight: 400\">Si la anarqu\u00eda se entiende como la ausencia de poder pero no de reglas, un archivo an\u00e1rquico podr\u00eda ser un espacio donde la distinci\u00f3n entre producci\u00f3n, archivo y recepci\u00f3n se estar\u00eda desvaneciendo. Un archivo m\u00e1s l\u00edquido podr\u00eda perder el aura del objeto pero tambi\u00e9n podr\u00eda ofrecer un cosmos de informaci\u00f3n m\u00e1s rico. Una caracter\u00edstica importante de que este archivo sea m\u00e1s permeable permite que el contenido del archivo se conecte y se enriquezca con informaci\u00f3n fuera del archivo (13).<\/span><\/p>\n<p><span style=\"font-weight: 400\">\u00a0<\/span><\/p>\n<p><span style=\"font-weight: 400\">Debido a que el elemento an\u00e1rquico desaf\u00eda las estructuras de poder y ofrece una nueva v\u00eda, hacer el archivo an\u00e1rquico es una forma de activismo y resistencia digital. Se crea un espacio para que las voces y los participantes ajenos tengan plena participaci\u00f3n. Un archivo an\u00e1rquico esencialmente crear\u00eda y promover\u00eda una forma m\u00e1s horizontal de documentaci\u00f3n hist\u00f3rica, una que cultive la dimensi\u00f3n de cooperaci\u00f3n aut\u00f3noma y voluntaria de la anarqu\u00eda. Cuando consideramos la \u00e9tica de la historia oral y la documentaci\u00f3n oral, tambi\u00e9n tenemos que considerar los sistemas de poder y poder de an\u00e1lisis. Tambi\u00e9n consideramos el poder que tenemos en los espacios invitados y el poder que tenemos en los espacios no invitados. En general, el archivo an\u00e1rquico destaca los marcos \u00e9ticos y morales en su falta de un sistema de poder estructurado que domine y permita una diversidad de pensamiento, representaci\u00f3n e historia.<\/span><\/p>\n<p>&lt; <a href=\"https:\/\/sites.smith.edu\/las310-sp23\/practicas-de-archivo-activismo-y-resistencia\/\">Regreso a la p\u00e1gina principal<\/a><\/p>\n","protected":false},"excerpt":{"rendered":"<p>La definici\u00f3n de an\u00e1rquico, seg\u00fan lo determina el Diccionario de Cambridge, es &#8220;no mostrar respeto por las reglas, el comportamiento, las organizaciones, los l\u00edderes, etc., oficiales o aceptados&#8221;. El diccionario Merriam-Webster lo define como \u201cfalta de orden, regularidad o definici\u00f3n\u201d. Cuando miramos las definiciones del diccionario, vemos una idea de c\u00f3mo se podr\u00eda usar la [&hellip;]<\/p>\n","protected":false},"author":6742,"featured_media":0,"parent":0,"menu_order":0,"comment_status":"closed","ping_status":"closed","template":"","meta":{"footnotes":""},"class_list":["post-499","page","type-page","status-publish","hentry"],"_links":{"self":[{"href":"https:\/\/sites.smith.edu\/las310-sp23\/wp-json\/wp\/v2\/pages\/499","targetHints":{"allow":["GET"]}}],"collection":[{"href":"https:\/\/sites.smith.edu\/las310-sp23\/wp-json\/wp\/v2\/pages"}],"about":[{"href":"https:\/\/sites.smith.edu\/las310-sp23\/wp-json\/wp\/v2\/types\/page"}],"author":[{"embeddable":true,"href":"https:\/\/sites.smith.edu\/las310-sp23\/wp-json\/wp\/v2\/users\/6742"}],"replies":[{"embeddable":true,"href":"https:\/\/sites.smith.edu\/las310-sp23\/wp-json\/wp\/v2\/comments?post=499"}],"version-history":[{"count":1,"href":"https:\/\/sites.smith.edu\/las310-sp23\/wp-json\/wp\/v2\/pages\/499\/revisions"}],"predecessor-version":[{"id":500,"href":"https:\/\/sites.smith.edu\/las310-sp23\/wp-json\/wp\/v2\/pages\/499\/revisions\/500"}],"wp:attachment":[{"href":"https:\/\/sites.smith.edu\/las310-sp23\/wp-json\/wp\/v2\/media?parent=499"}],"curies":[{"name":"wp","href":"https:\/\/api.w.org\/{rel}","templated":true}]}}