{"id":520,"date":"2023-05-08T18:33:24","date_gmt":"2023-05-08T22:33:24","guid":{"rendered":"https:\/\/sites.smith.edu\/las310-sp23\/?page_id=520"},"modified":"2023-05-08T18:33:24","modified_gmt":"2023-05-08T22:33:24","slug":"como-comienzo-a-crear-mi-propia-linea-de-tiempo-o-archivo","status":"publish","type":"page","link":"https:\/\/sites.smith.edu\/las310-sp23\/como-comienzo-a-crear-mi-propia-linea-de-tiempo-o-archivo\/","title":{"rendered":"\u00bfC\u00f3mo comienzo a crear mi propia l\u00ednea de tiempo o archivo?"},"content":{"rendered":"<p><span style=\"font-weight: 400\">Esta parte del proyecto Re-Imagining Archives tiene como objetivo ofrecer recursos para crear su propio archivo. Estos recursos han sido probados y pueden adaptarse a diferentes necesidades e historias. Es importante trabajar con la herramienta con la que se sienta m\u00e1s c\u00f3modo y que proporcione el espacio adecuado para contar su historia. Estos recursos no son de ninguna manera una lista completa. Aqu\u00ed se presentan dos recursos gratuitos. Sin embargo, hay m\u00e1s recursos disponibles con una suscripci\u00f3n de pago. La intenci\u00f3n de este proyecto es ofrecer una forma de crear y registrar historias sin la necesidad de pagar a empresas y crear barreras para los proyectos de preservaci\u00f3n cultural y patrimonial.<\/span><\/p>\n<p>&nbsp;<\/p>\n<p><span style=\"font-weight: 400\">L\u00ednea de tiempo JS: <\/span><a href=\"https:\/\/timeline.knightlab.com\/\"><span style=\"font-weight: 400\">https:\/\/timeline.knightlab.com\/<\/span><\/a><span style=\"font-weight: 400\">\u00a0<\/span><\/p>\n<p><span style=\"font-weight: 400\">TimelineJS es una herramienta de c\u00f3digo abierto que permite a cualquier persona crear l\u00edneas de tiempo interactivas y visualmente ricas. Los principiantes pueden crear una l\u00ednea de tiempo usando nada m\u00e1s que una hoja de c\u00e1lculo de Google (Timeline JS).<\/span><\/p>\n<p>&nbsp;<\/p>\n<p><span style=\"font-weight: 400\">Ventajas:<\/span><\/p>\n<ul>\n<li style=\"font-weight: 400\"><span style=\"font-weight: 400\">TimelineJS puede extraer medios de una variedad de fuentes. Twitter, Flickr, YouTube, Vimeo, Vine, Dailymotion, Google Maps, Wikipedia, SoundCloud, Document Cloud y m\u00e1s.<\/span><\/li>\n<li style=\"font-weight: 400\"><span style=\"font-weight: 400\">De uso gratuito y accesible.<\/span><\/li>\n<li style=\"font-weight: 400\"><span style=\"font-weight: 400\">Proporciona recursos y tutoriales para ayudar a crear l\u00edneas de tiempo.<\/span><\/li>\n<li style=\"font-weight: 400\"><span style=\"font-weight: 400\">Facilidad de uso, compartibilidad.<\/span><\/li>\n<\/ul>\n<p><span style=\"font-weight: 400\">Contras:<\/span><\/p>\n<ul>\n<li style=\"font-weight: 400\"><span style=\"font-weight: 400\">No funciona bien para l\u00edneas de tiempo largas con cientos de diapositivas. Sin embargo, puede crear varias l\u00edneas de tiempo y vincularlas entre s\u00ed para facilitar la inclusi\u00f3n de m\u00e1s contenido.<\/span><\/li>\n<\/ul>\n<p>&nbsp;<\/p>\n<p><span style=\"font-weight: 400\">Canva: <\/span><a href=\"https:\/\/www.canva.com\/\"><span style=\"font-weight: 400\">https:\/\/www.canva.com\/<\/span><\/a><span style=\"font-weight: 400\">\u00a0<\/span><\/p>\n<p><span style=\"font-weight: 400\">Canva es una herramienta de dise\u00f1o gr\u00e1fico en l\u00ednea de uso gratuito. Se puede usar para crear publicaciones en redes sociales, presentaciones, carteles, videos, logotipos y m\u00e1s.<\/span><\/p>\n<p>&nbsp;<\/p>\n<p><span style=\"font-weight: 400\">Ventajas:<\/span><\/p>\n<ul>\n<li style=\"font-weight: 400\"><span style=\"font-weight: 400\">F\u00e1cil de usar.<\/span><\/li>\n<li style=\"font-weight: 400\"><span style=\"font-weight: 400\">Proporciona una variedad de plantillas y elementos.<\/span><\/li>\n<li style=\"font-weight: 400\"><span style=\"font-weight: 400\">Ofrece uso de fotograf\u00eda de stock (si es necesario).<\/span><\/li>\n<li style=\"font-weight: 400\"><span style=\"font-weight: 400\">Crea equipos: varias personas pueden trabajar juntas en un proyecto.<\/span><\/li>\n<\/ul>\n<p><span style=\"font-weight: 400\">Contras:<\/span><\/p>\n<ul>\n<li style=\"font-weight: 400\"><span style=\"font-weight: 400\">Es gratis pero requiere una cuenta y limita el acceso a ciertas funciones. Sin embargo, la versi\u00f3n gratuita de canva tiene una amplia selecci\u00f3n de elementos y plantillas.<\/span><\/li>\n<li style=\"font-weight: 400\"><span style=\"font-weight: 400\">No se puede mover un dise\u00f1o a otro dise\u00f1o.<\/span><\/li>\n<li style=\"font-weight: 400\"><span style=\"font-weight: 400\">La propiedad intelectual pertenece a Canva.<\/span><\/li>\n<li style=\"font-weight: 400\"><span style=\"font-weight: 400\">Canva puede eliminar tu cuenta en cualquier momento.<\/span><\/li>\n<\/ul>\n<p>&lt; <a href=\"https:\/\/sites.smith.edu\/las310-sp23\/practicas-de-archivo-activismo-y-resistencia\/\">Regreso a la p\u00e1gina principal<\/a><\/p>\n","protected":false},"excerpt":{"rendered":"<p>Esta parte del proyecto Re-Imagining Archives tiene como objetivo ofrecer recursos para crear su propio archivo. Estos recursos han sido probados y pueden adaptarse a diferentes necesidades e historias. Es importante trabajar con la herramienta con la que se sienta m\u00e1s c\u00f3modo y que proporcione el espacio adecuado para contar su historia. Estos recursos no [&hellip;]<\/p>\n","protected":false},"author":6742,"featured_media":0,"parent":0,"menu_order":0,"comment_status":"closed","ping_status":"closed","template":"","meta":{"footnotes":""},"class_list":["post-520","page","type-page","status-publish","hentry"],"_links":{"self":[{"href":"https:\/\/sites.smith.edu\/las310-sp23\/wp-json\/wp\/v2\/pages\/520","targetHints":{"allow":["GET"]}}],"collection":[{"href":"https:\/\/sites.smith.edu\/las310-sp23\/wp-json\/wp\/v2\/pages"}],"about":[{"href":"https:\/\/sites.smith.edu\/las310-sp23\/wp-json\/wp\/v2\/types\/page"}],"author":[{"embeddable":true,"href":"https:\/\/sites.smith.edu\/las310-sp23\/wp-json\/wp\/v2\/users\/6742"}],"replies":[{"embeddable":true,"href":"https:\/\/sites.smith.edu\/las310-sp23\/wp-json\/wp\/v2\/comments?post=520"}],"version-history":[{"count":1,"href":"https:\/\/sites.smith.edu\/las310-sp23\/wp-json\/wp\/v2\/pages\/520\/revisions"}],"predecessor-version":[{"id":521,"href":"https:\/\/sites.smith.edu\/las310-sp23\/wp-json\/wp\/v2\/pages\/520\/revisions\/521"}],"wp:attachment":[{"href":"https:\/\/sites.smith.edu\/las310-sp23\/wp-json\/wp\/v2\/media?parent=520"}],"curies":[{"name":"wp","href":"https:\/\/api.w.org\/{rel}","templated":true}]}}