{"id":1067,"date":"2025-01-15T18:44:37","date_gmt":"2025-01-15T23:44:37","guid":{"rendered":"https:\/\/sites.smith.edu\/meridians25thanniversary\/?page_id=1067"},"modified":"2025-02-17T13:07:04","modified_gmt":"2025-02-17T18:07:04","slug":"americas","status":"publish","type":"page","link":"https:\/\/sites.smith.edu\/meridians\/issues\/articles-by-region\/americas\/","title":{"rendered":"Americas"},"content":{"rendered":"\n<h2 class=\"wp-block-heading has-text-align-center\">Americas<\/h2>\n\n\n\n<hr class=\"wp-block-separator has-alpha-channel-opacity\" \/>\n\n\n\n<div class=\"wp-block-buttons is-content-justification-center is-layout-flex wp-container-core-buttons-is-layout-a89b3969 wp-block-buttons-is-layout-flex\">\n<div class=\"wp-block-button is-style-fill\"><a class=\"wp-block-button__link has-custom-color-1-color has-text-color has-link-color wp-element-button\" href=\"https:\/\/sites.smith.edu\/meridians\/issues\/articles-by-region\/\">Back to Map<\/a><\/div>\n<\/div>\n\n\n\n<div class=\"wp-block-columns is-layout-flex wp-container-core-columns-is-layout-28f84493 wp-block-columns-is-layout-flex\">\n<div class=\"wp-block-column is-layout-flow wp-block-column-is-layout-flow\">\n<h4 class=\"wp-block-heading\" id=\"latinamerica\"><strong>Latin America<\/strong>&nbsp;\u2013<\/h4>\n\n\n\n<p>23.1: \u201cMes del viento \/ Month of wind\u201d by Cece Roth-Eagle (<a href=\"https:\/\/muse.jhu.edu\/pub\/4\/article\/932616\">p. 14<\/a>)<\/p>\n\n\n\n<p>\u201cIndigenous Women on the Frontlines of Climate Activism: The Battle for Environmental Justice in the Amazon\u201d by S\u00f4nia Bone Guajajara and C\u00e9lia Xakriab\u00e1 with an introductory note by Malcolm McNee and translation by Elena Langdon (<a href=\"https:\/\/muse.jhu.edu\/pub\/4\/article\/932620\">p. 82<\/a>)<\/p>\n\n\n\n<p><\/p>\n<\/div>\n\n\n\n<div class=\"wp-block-column is-layout-flow wp-block-column-is-layout-flow\">\n<div style=\"height:0px\" aria-hidden=\"true\" class=\"wp-block-spacer\"><\/div>\n\n\n\n<p><\/p>\n\n\n\n<h6 class=\"wp-block-heading has-text-align-right\">Jump to:<\/h6>\n\n\n\n<p class=\"has-text-align-right\"><a href=\"#latinamerica\">Latin America<\/a><\/p>\n\n\n\n<p class=\"has-text-align-right wp-container-content-69bc4bdf\"><a href=\"#caribbean\">The Caribbean<\/a><\/p>\n\n\n\n<p class=\"has-text-align-right wp-container-content-69bc4bdf\"><a href=\"#americansouth\">US American South<\/a><\/p>\n\n\n\n<p class=\"has-text-align-right wp-container-content-69bc4bdf\"><a href=\"#canada\">US and Canada<\/a><\/p>\n\n\n\n<p class=\"has-text-align-right\"><a href=\"#mexico\">US\/Mexico Borderlands<\/a><\/p>\n<\/div>\n<\/div>\n\n\n\n<p>19.2: \u201cPrecursor to Women of Color Feminism: The International Council of Women of the Darker Races of the World and Their Internationalist Orientation\u201d by Sheilena M. Downey (<a href=\"https:\/\/muse.jhu.edu\/pub\/4\/article\/774533\">p. 271<\/a>)<\/p>\n\n\n\n<p>\u201cPetition for a Comprehensive Law Against Gender-Based Violence in Cuba\u201d by Luc\u00eda M. Su\u00e1rez (<a href=\"https:\/\/muse.jhu.edu\/pub\/4\/article\/774540\">p. 383<\/a>)<\/p>\n\n\n\n<p>19.1: \u201cFederada Testimonios on the Ground: Revealing the Gendered Limits in Operationalizing the Cuban Revolution\u2019s Campaign against Prostitution\u201d by Alyssa Garcia (<a href=\"https:\/\/muse.jhu.edu\/pub\/4\/article\/759145\">p. 149<\/a>)<\/p>\n\n\n\n<p>18.2: \u201cGenealogies of Transnational Activism: The Somos Hermanas Project in<br>Central America\u201d by Denisse D. Vel\u00e1zquez (<a href=\"https:\/\/muse.jhu.edu\/pub\/4\/article\/746126\">p. 394<\/a>)<\/p>\n\n\n\n<p>\u201cPetition for a Comprehensive Law against Gender-Based Violence in Cuba\u201d by Deema Kaedbey, Nadine Naber (<a href=\"https:\/\/muse.jhu.edu\/pub\/4\/article\/746129\">p. 457<\/a>)<\/p>\n\n\n\n<p>14.2: <a href=\"https:\/\/muse.jhu.edu\/issue\/35964\">SPECIAL ISSUE<\/a> \u201cAfrican Descendant Feminisms in Latin America Part II: South and Central America and the Spanish-speaking Caribbean\u201d<\/p>\n\n\n\n<p>14.1: <a href=\"https:\/\/muse.jhu.edu\/issue\/34305\">SPECIAL ISSUE<\/a> \u201cAfrican Descendant Feminisms in Latin America Part I: Brazil\u201d<\/p>\n\n\n\n<p>13.2: \u201cIndo-Caribbean Women from Trinidad and Guyana: Hardships, Conflict, and Resiliency\u201d by Odessa D. Despot (<a href=\"https:\/\/muse.jhu.edu\/pub\/3\/article\/620247\">p. 1<\/a>)<\/p>\n\n\n\n<p>13.1: \u201cThe Dirty Body that Cleans: Representations of Domestic Workers in Brazilian Common Sense\u201d by Patricia de Santana Pinho (<a href=\"https:\/\/muse.jhu.edu\/pub\/3\/article\/592341\">p. 103<\/a>)<\/p>\n\n\n\n<p>5.1: \u201cPlace, Language, and Identity in Afro-Costa Rican Literature\u201d by Kwame Dixon (<a href=\"https:\/\/muse.jhu.edu\/pub\/3\/article\/175370\">p. 264<\/a>)<\/p>\n\n\n\n<p>3.1: \u201cThe Grandmothers of the Plaza de Mayo and the Struggle Against Impunity in Argentina\u201d by Rita Arditti (<a href=\"https:\/\/muse.jhu.edu\/pub\/3\/article\/407894\/pdf\">p. 19<\/a>)<\/p>\n\n\n\n<p>1.1: \u201cTranslating the Global: Effects of Transnational Organizing on Local Feminist<br>Discourses and Practices in Latin America\u201d by Sonia E. Alvarez (<a href=\"https:\/\/read.dukeupress.edu\/meridians\/article\/1\/1\/29\/137825\/Translating-the-GlobalEffects-of-Transnational\">p. 29<\/a>)<\/p>\n\n\n\n<h4 class=\"wp-block-heading\" id=\"caribbean\"><br><strong>The Caribbean<\/strong>&nbsp;\u2013 <\/h4>\n\n\n\n<p>19.2: \u201cDominican Futurism: The Speculative Use of Negative Aesthetics in the Work of Rita Indiana\u201d by Kristie Soares (<a href=\"https:\/\/muse.jhu.edu\/pub\/4\/article\/774541\">p. 401<\/a>)<\/p>\n\n\n\n<p>17.1: \u201cWitchcrafts of Color: Suzanne C\u00e9saire, Mayotte Cap\u00e9cia, and the Shapeshifting Doudou in Vichy Martinique\u201d by Marina Magloire (<a href=\"https:\/\/muse.jhu.edu\/pub\/4\/article\/706745\">p. 97<\/a>)<\/p>\n\n\n\n<p>16.2: \u201cThe Dance Chose Me: Womanist Reflections on B\u00e8l\u00e8 Performance in Contemporary Martinique\u201d by Camee Maddox-Wingfield (<a href=\"https:\/\/muse.jhu.edu\/pub\/3\/article\/696142\">p. 295<\/a>)<\/p>\n\n\n\n<p>15.2: \u201cThe International Engagements of Working-Class Jamaican Women: Listening to Louise Bennett and Her Routes Women\u201d by Ifeoma Kiddoe Nwankwo (<a href=\"https:\/\/muse.jhu.edu\/pub\/3\/article\/672861\">p. 412<\/a>)<\/p>\n\n\n\n<p>\u201cTriangular Voyages: Locating the Transnational Caribbean Woman in Paule Marshall\u2019s \u2018To Da-duh, in Memoriam\u2019\u201d by Sam V\u00e1squez (<a href=\"https:\/\/muse.jhu.edu\/pub\/3\/article\/672863\">p. 464<\/a>)<\/p>\n\n\n\n<p>14.2: <a href=\"https:\/\/muse.jhu.edu\/issue\/35964\">SPECIAL ISSUE<\/a> \u201cAfrican Descendant Feminisms in Latin America Part II: South and Central America and the Spanish-speaking Caribbean\u201d<\/p>\n\n\n\n<p>13.2: \u201cIndo-Caribbean Women from Trinidad and Guyana: Hardships, Conflict, and Resiliency\u201d by Odessa D. Despot (<a href=\"https:\/\/muse.jhu.edu\/pub\/3\/article\/620247\">p. 1<\/a>)<\/p>\n\n\n\n<p>11.1: <a href=\"https:\/\/muse.jhu.edu\/issue\/24756\">SPECIAL ISSUE<\/a> \u201cMemory\u201d<\/p>\n\n\n\n<p>10.1: \u201c\u2018Why Must All Girls Want to be Flag Women?\u2019: Postcolonial Sexualities, National Reception, and Caribbean Soca Performance\u201d by Samantha Pinto (<a href=\"https:\/\/muse.jhu.edu\/pub\/3\/article\/379650\">p. 137<\/a>)<\/p>\n\n\n\n<p>9.1: \u201cQueering Puerto Rican Women\u2019s Narratives: Gaps and Silences in the Memoirs of Antonia Pantoja and Luisita L\u00f3pez Torregrosa\u201d by Lourdes Torres (<a href=\"https:\/\/muse.jhu.edu\/pub\/3\/article\/265493\">p. 83<\/a>)<\/p>\n\n\n\n<p>7.2: \u201cReconfigurations of Caribbean History: Michelle Cliff\u2019s \u2018Rebel Women\u2019\u201d by Jennifer Thorington Springer (<a href=\"https:\/\/muse.jhu.edu\/pub\/3\/article\/217604\">p. 43<\/a>)<\/p>\n\n\n\n<p>7.1: \u201cSize Matters: Figuring Gender in the (Black) Jamaican Nation\u201d by Winnifred Brown-Glaude (<a href=\"https:\/\/muse.jhu.edu\/pub\/3\/article\/209998\">p. 38<\/a>)<\/p>\n\n\n\n<p>\u201cFrom Trigue\u00f1ita to Afro\u2013Puerto Rican: Intersections of the Racialized, Gendered, and Sexualized Body in Puerto Rico and the U.S. Mainland\u201d by Maritza Qui\u00f1ones Rivera (<a href=\"https:\/\/muse.jhu.edu\/pub\/3\/article\/210007\">p. 162<\/a>)<\/p>\n\n\n\n<p>5.1: <a href=\"https:\/\/muse.jhu.edu\/pub\/3\/article\/175366\">SPECIAL SECTION<\/a> \u201cVoices from Hispaniola\u201d<\/p>\n\n\n\n<p>3.2: \u201cConfronting Power and Politics: A Feminist Theorizing of Gender in Commonwealth Caribbean Societies\u201d by Violet Eudine Barriteau (<a href=\"https:\/\/muse.jhu.edu\/pub\/3\/article\/407881\/pdf\">p. 57<\/a>)<\/p>\n\n\n\n<p>1.1: \u201cHair Race-ing: Dominican Beauty Culture and Identity Production\u201d by Ginetta Candelario (<a href=\"https:\/\/read.dukeupress.edu\/meridians\/article\/1\/1\/128\/137839\/Hair-Race-ingDominican-Beauty-Culture-and-Identity\">p. 128<\/a>)<br><\/p>\n\n\n\n<h4 class=\"wp-block-heading\" id=\"americansouth\"><strong>US American South<\/strong>&nbsp;\u2013 <\/h4>\n\n\n\n<p>19.2: \u201cPlaying the \u2018Lady Sambo\u2019: Poor Black Women\u2019s Legal Strategies in the Post\u2013Civil War South\u2019s Civil Courts\u201d by Leigh-Anne Francis (<a href=\"https:\/\/muse.jhu.edu\/pub\/4\/article\/774532\">p. 250<\/a>)<\/p>\n\n\n\n<p>16.2: \u201cThe 1938 Mississippi Health Project\u201d by Alpha Kappa Alpha Sorority (<a href=\"https:\/\/muse.jhu.edu\/pub\/3\/article\/696152\">p. 393<\/a>)<\/p>\n\n\n\n<p>3.2: \u201cDreaming in the Delta: A Memoir Essay\u201d by Kristal Brent Zook (<a href=\"https:\/\/muse.jhu.edu\/pub\/3\/article\/407889\/pdf\">p. 278<\/a>)<\/p>\n\n\n\n<h4 class=\"wp-block-heading\" id=\"canada\"><br><strong>US and Canada<\/strong>&nbsp;\u2013 <\/h4>\n\n\n\n<p>23.1: \u201cThe Contemporary Origins of Smum\u2019iem Matriarchy in Sinixt T\u0259mxw\u00fala\u0294xw\u201d<\/p>\n\n\n\n<p>Transcribed from recordings with Marilyn James, Sinixt Smum\u2019iem Matriarch<br>Marilyn James with an introductory note by Lori Barkley and transcription by Sarah Beauchamp (<a href=\"https:\/\/muse.jhu.edu\/pub\/4\/article\/932628\">p. 259<\/a>)<\/p>\n\n\n\n<p>21.1: \u201cAn Intersectional Approach to Interrogating Rights: How the United States Does Not Comply with the Racial Equality Treaty\u201d by Malia Lee Womack (<a href=\"https:\/\/muse.jhu.edu\/pub\/4\/article\/863329\">p. 236<\/a>)<\/p>\n\n\n\n<p>20.2: \u201cBetween Orientalism and Anti-Muslim Racism: Pakistan, the United States, and Women\u2019s Transnational Activism in the Early Cold War Interlude\u201d by Elora Shehabuddin (<a href=\"https:\/\/muse.jhu.edu\/pub\/4\/article\/856878\">p. 340<\/a>)<\/p>\n\n\n\n<p>\u201cQueering Islam and Muslim Americanness: Perversity, Recognition, and Failure in Usama Alshaibi\u2019s \u2018Profane\u2019\u201d by Taneem Husain (<a href=\"https:\/\/muse.jhu.edu\/pub\/4\/article\/856883\">p. 466<\/a>)<\/p>\n\n\n\n<p>17.1: \u201cSassy Mouths, Unfettered Spirits, and the Neo-Lynching of Korryn Gaines and Sandra Bland: Conceptualizing Post Traumatic Slave Master Syndrome and the Familiar \u2018Policing\u2019 of Black Women\u2019s Resistance in Twenty-First-Century America\u201d by Zoe Spencer and Olivia N. Perlow (<a href=\"https:\/\/muse.jhu.edu\/pub\/4\/article\/706749\">p. 163<\/a>)<\/p>\n\n\n\n<p>16.1: \u201cHow to Write about Hawai\u2019i: A Guide to the Handling of Indigenous Characters, Inspired by Binyavanga Wainaina\u2019s \u2018How to Write About Africa\u2019\u201d by Leilani Rania Ganser (<a href=\"https:\/\/muse.jhu.edu\/pub\/3\/article\/679257\">p. 157<\/a>)<\/p>\n\n\n\n<p>15.1: \u201cMourning in America: A Black Mother\u2019s Blues Song for the Mothers of Tamir Rice &amp; Tyre King\u201d by Karsonya Wise Whitehead (<a href=\"https:\/\/muse.jhu.edu\/pub\/3\/article\/651246\">p. 1<\/a>)<\/p>\n\n\n\n<p>\u201cChallenging Convictions: Indigenous and Black Race-Radical Feminists Theorizing the Carceral State and Abolitionist Praxis in the United States and Canada\u201d by Lena Palacios (<a href=\"https:\/\/muse.jhu.edu\/pub\/3\/article\/651252\">p. 137<\/a>)<\/p>\n\n\n\n<p>10.1: \u201cRevisiting Blu\u2019s Hanging: A Critique of Queer Transgression in the Lois-Ann Yamanaka Controversy\u201d by Cynthia Wu (<a href=\"https:\/\/muse.jhu.edu\/pub\/3\/article\/379644\">p. 32<\/a>)<\/p>\n\n\n\n<p>9.1: \u201cMaroon Abolitionists: Black Gender-oppressed Activists in the Anti-Prison Movement in the U.S. and Canada\u201d by Julia Sudbury (<a href=\"https:\/\/muse.jhu.edu\/pub\/3\/article\/265488\">p. 1<\/a>)<\/p>\n\n\n\n<p>\u201cThe Formation of a Chinese Immigrant Working-class Patriarchy: Reinventing Gendered Expectations within the Structural Confines of U.S. Society\u201d by Yu Shi (<a href=\"https:\/\/muse.jhu.edu\/pub\/3\/article\/265490\">p. 31<\/a>)<\/p>\n\n\n\n<p><a href=\"https:\/\/muse.jhu.edu\/pub\/3\/article\/265498\">SPECIAL SECTION<\/a>: \u201cFrom the Archives: 2008 U.S. Election\u201d<\/p>\n\n\n\n<p>7.2: \u201c\u2018Interrupted Life: Incarcerated Mothers in the United States,\u2019 A Traveling Public Art Exhibition\u201d by Rickie Solinger (<a href=\"https:\/\/muse.jhu.edu\/pub\/3\/article\/217602\">p. 63<\/a>)<\/p>\n\n\n\n<p>7.1: \u201c\u2018Cruel Enough to Stop the Blood\u2019: Global Feminisms and the U.S. Body Politic, Or: \u2018They Done Taken My Blues and Gone\u2019\u201d by Karla F. C. Holloway (<a href=\"https:\/\/muse.jhu.edu\/pub\/3\/article\/210002\">p. 1<\/a>)<\/p>\n\n\n\n<p>\u201cFrom Trigue\u00f1ita to Afro\u2013Puerto Rican: Intersections of the Racialized, Gendered, and Sexualized Body in Puerto Rico and the U.S. Mainland\u201d by Maritza Qui\u00f1ones Rivera (<a href=\"https:\/\/muse.jhu.edu\/pub\/3\/article\/210007\">p. 162<\/a>)<\/p>\n\n\n\n<p>6.2: \u201cGuantanamo: A Feminist Perspective on U.S. Human Rights Violations\u201d by Victoria Brittain (<a href=\"https:\/\/muse.jhu.edu\/pub\/3\/article\/204914\">p. 209<\/a>)<\/p>\n\n\n\n<p>4.2: \u201cLegislative Tactics in a Movement Strategy: The Economic Human Rights \u2013 Pennsylvania Campaign\u201d by Mary Bricker-Jenkins (<a href=\"https:\/\/muse.jhu.edu\/pub\/3\/article\/168456\">p. 108<\/a>)<\/p>\n\n\n\n<p>\u201cFrom the Center to the Margins: The Radicalization of Human Rights in the United States\u201d by Laura Roskos (<a href=\"https:\/\/muse.jhu.edu\/pub\/3\/article\/168467\">p. 129<\/a>)<\/p>\n\n\n\n<p>2.1: \u201cRace, Gender, and the Prison Industrial Complex California and Beyond\u201d by Angela Y. Davis and Cassandra Shaylor (<a href=\"https:\/\/muse.jhu.edu\/pub\/3\/article\/407849\/pdf\">p. 1<\/a>)<\/p>\n\n\n\n<p>\u201cHistories and Heresies: Engendering the Harlem Renaissance\u201d by Cheryl A. Wall (<a href=\"https:\/\/muse.jhu.edu\/pub\/3\/article\/407854\/pdf\">p. 59<\/a>)<\/p>\n\n\n\n<p>1.1: Poems by Miyoko Sugano, Cathy Kanoelani Ikeda, Muriel M. Ah Sing Hughes, <\/p>\n\n\n\n<p>Tamara Wong-Morrison, Juliet S. Kono, and Cathy Song  with a note on Hawai\u2019i\u2019s local literature by Miyoko Sugano (<a href=\"https:\/\/read.dukeupress.edu\/meridians\/article\/1\/1\/123\/137827\/Hawai-i-s-Local-Literature\">p. 110<\/a>)<\/p>\n\n\n\n<h4 class=\"wp-block-heading\" id=\"mexico\"><br><strong>US-Mexican Borderlands<\/strong>&nbsp;\u2013 <\/h4>\n\n\n\n<p>13.1: \u201cGlorientalization: Specters of Asia and Feminized Cyborg Workers in the<br>US\u2013Mexico Borderlands\u201d by Long Thanh Bui (<a href=\"https:\/\/muse.jhu.edu\/pub\/3\/article\/592342\">p. 129<\/a>)<\/p>\n\n\n\n<p>11.2: \u201cSolidarity across Borders: An Interview with Artist Andrea Arroyo\u201d by Vanessa P\u00e9rez Rosario (<a href=\"https:\/\/muse.jhu.edu\/pub\/3\/article\/505435\">p. 91<\/a>)<\/p>\n\n\n\n<p>5.2: \u201cCoyotes, Comadres, y Colegas: Theorizing the Personal in Ruth Behar\u2019s \u2018Translated Woman: Crossing the Border with Esperanza\u2019s Story\u2019\u201d by Susana S. Martinez (<a href=\"https:\/\/muse.jhu.edu\/pub\/3\/article\/181384\">p. 149<\/a>)<\/p>\n","protected":false},"excerpt":{"rendered":"<p>Americas Latin America&nbsp;\u2013 23.1: \u201cMes del viento \/ Month of wind\u201d by Cece Roth-Eagle (p. 14) \u201cIndigenous Women on the Frontlines of Climate Activism: The Battle for Environmental Justice in the Amazon\u201d by S\u00f4nia Bone Guajajara and C\u00e9lia Xakriab\u00e1 with an introductory note by Malcolm McNee and translation by Elena Langdon (p. 82) Jump to: [&hellip;]<\/p>\n","protected":false},"author":6381,"featured_media":0,"parent":969,"menu_order":0,"comment_status":"closed","ping_status":"closed","template":"wp-custom-template-blank","meta":{"footnotes":""},"class_list":["post-1067","page","type-page","status-publish","hentry"],"_links":{"self":[{"href":"https:\/\/sites.smith.edu\/meridians\/wp-json\/wp\/v2\/pages\/1067","targetHints":{"allow":["GET"]}}],"collection":[{"href":"https:\/\/sites.smith.edu\/meridians\/wp-json\/wp\/v2\/pages"}],"about":[{"href":"https:\/\/sites.smith.edu\/meridians\/wp-json\/wp\/v2\/types\/page"}],"author":[{"embeddable":true,"href":"https:\/\/sites.smith.edu\/meridians\/wp-json\/wp\/v2\/users\/6381"}],"replies":[{"embeddable":true,"href":"https:\/\/sites.smith.edu\/meridians\/wp-json\/wp\/v2\/comments?post=1067"}],"version-history":[{"count":18,"href":"https:\/\/sites.smith.edu\/meridians\/wp-json\/wp\/v2\/pages\/1067\/revisions"}],"predecessor-version":[{"id":2257,"href":"https:\/\/sites.smith.edu\/meridians\/wp-json\/wp\/v2\/pages\/1067\/revisions\/2257"}],"up":[{"embeddable":true,"href":"https:\/\/sites.smith.edu\/meridians\/wp-json\/wp\/v2\/pages\/969"}],"wp:attachment":[{"href":"https:\/\/sites.smith.edu\/meridians\/wp-json\/wp\/v2\/media?parent=1067"}],"curies":[{"name":"wp","href":"https:\/\/api.w.org\/{rel}","templated":true}]}}