{"id":271,"date":"2019-04-03T12:57:26","date_gmt":"2019-04-03T16:57:26","guid":{"rendered":"https:\/\/sites.smith.edu\/metamorphoses\/?page_id=271"},"modified":"2020-01-11T20:53:37","modified_gmt":"2020-01-12T01:53:37","slug":"april-1993","status":"publish","type":"page","link":"https:\/\/sites.smith.edu\/metamorphoses\/issues\/april-1993\/","title":{"rendered":"April 1993"},"content":{"rendered":"<p align=\"center\"><span class=\"style2\">April 1993<\/span><br \/>\n<span class=\"style2\">1.2<\/span><\/p>\n<p class=\"style3\" align=\"center\">The following is the Table of Contents from the April 1993 edition of\u00a0<em>Metamorphoses<\/em>. The complete edition, including the original language versions for poetry, is available only in print.<\/p>\n<p style=\"text-align: left\" align=\"center\">Eva Claeson:<\/p>\n<ul>\n<li style=\"text-align: left\">Thoughts on Publishing\u00a0<em>Metamorphoses<\/em> Number Two, page 1.<\/li>\n<li style=\"text-align: left\">An Interview with Leif Sj\u00f6berg, page 35.<\/li>\n<\/ul>\n<p>Melinda Kennedy:<\/p>\n<ul>\n<li>Context in Translation, page 3.<\/li>\n<\/ul>\n<p>H\u00e9l\u00e8ne Cantarella:<\/p>\n<ul>\n<li>Translation as a Political Instrument, page 15.<\/li>\n<\/ul>\n<p>Ellen Elias-Bursac:<\/p>\n<ul>\n<li>Savior, Spy: Thinking about What We Do, page 22.<\/li>\n<\/ul>\n<p>Frank Hugus:<\/p>\n<ul>\n<li>Some Thoughts on Translating Ibsen, page 27.<\/li>\n<\/ul>\n<p>Leif Sj\u00f6berg:<\/p>\n<ul>\n<li>Translating with W.H. Auden: Gunnar Ekelof\u2019s Last Poems, page 38.<\/li>\n<\/ul>\n<p style=\"text-align: left\" align=\"center\">Ruben Dar\u00edo,\u00a0<em>Translated from the Spanish by Kelly Washbourne<\/em>:<\/p>\n<ul>\n<li style=\"text-align: left\">Honorio\u2019s Nightmare, page 48.<\/li>\n<\/ul>\n<p>Pavel Grigoryuk,\u00a0<em>Translated from the Russian by Joseph Lake<\/em>:<\/p>\n<ul>\n<li>Excerpt from the\u00a0<em>Autobiography of Pavel Grigoryuk<\/em>, page 51.<\/li>\n<\/ul>\n<p>Tamas Aczel,\u00a0<em>Translated from the Hungarian by the author<\/em>:<\/p>\n<ul>\n<li>Julia, page 56.<\/li>\n<li>Palace Hotel, page 58.<\/li>\n<\/ul>\n<p>Barbro Dahlin,\u00a0<em>Translated from the Swedish by Eva Claeson:<\/em><\/p>\n<ul>\n<li>Death Comes so Gently, page 60.<\/li>\n<\/ul>\n<p>Rolf Jacobsen,\u00a0<em>Translated from the Norwegian by Roger Greenwald:<\/em><\/p>\n<ul>\n<li>Meadowsweet, page 62.<\/li>\n<li>Gaslight, page 62.<\/li>\n<\/ul>\n<p>Else Lasker-Schuler,\u00a0<em>Translated from theGerman by Betty Falkenberg<\/em>:<\/p>\n<ul>\n<li>My People, page 64.<\/li>\n<\/ul>\n<p>Chiara Matraini:<\/p>\n<ul>\n<li>How Greatly Deceptive and Various, <em>Translated from the Italian by Elena Maclachlan,\u00a0<\/em>page 66.<\/li>\n<li>With the Ships of Passage<em>, Translated from the German by Peter Viereck,<\/em> page 70.<\/li>\n<\/ul>\n<p>Georg Heym:<\/p>\n<ul>\n<li>The Demons of the Cities,\u00a0<em>Translated from the German by Peter Viereck and Boris Pasternak,\u00a0<\/em>page 76.<\/li>\n<li>The Final Vigil,\u00a0<em>Translated from the German by Peter Viereck,<\/em> page 84.<\/li>\n<\/ul>\n<p>Melinda Kennedy:<\/p>\n<ul>\n<li>What do\u00a0<em>You<\/em> Think?, page 86.<\/li>\n<\/ul>\n","protected":false},"excerpt":{"rendered":"<p>April 1993 1.2 The following is the Table of Contents from the April 1993 edition of\u00a0Metamorphoses. The complete edition, including the original language versions for poetry, is available only in print. Eva Claeson: Thoughts on Publishing\u00a0Metamorphoses Number Two, page 1. An Interview with Leif Sj\u00f6berg, page 35. Melinda Kennedy: Context in Translation, page 3. H\u00e9l\u00e8ne [&hellip;]<\/p>\n","protected":false},"author":1791,"featured_media":0,"parent":27,"menu_order":0,"comment_status":"closed","ping_status":"closed","template":"","meta":{"footnotes":""},"orig-auth":[],"auth-translator":[],"class_list":["post-271","page","type-page","status-publish","hentry"],"_links":{"self":[{"href":"https:\/\/sites.smith.edu\/metamorphoses\/wp-json\/wp\/v2\/pages\/271","targetHints":{"allow":["GET"]}}],"collection":[{"href":"https:\/\/sites.smith.edu\/metamorphoses\/wp-json\/wp\/v2\/pages"}],"about":[{"href":"https:\/\/sites.smith.edu\/metamorphoses\/wp-json\/wp\/v2\/types\/page"}],"author":[{"embeddable":true,"href":"https:\/\/sites.smith.edu\/metamorphoses\/wp-json\/wp\/v2\/users\/1791"}],"replies":[{"embeddable":true,"href":"https:\/\/sites.smith.edu\/metamorphoses\/wp-json\/wp\/v2\/comments?post=271"}],"version-history":[{"count":4,"href":"https:\/\/sites.smith.edu\/metamorphoses\/wp-json\/wp\/v2\/pages\/271\/revisions"}],"predecessor-version":[{"id":2029,"href":"https:\/\/sites.smith.edu\/metamorphoses\/wp-json\/wp\/v2\/pages\/271\/revisions\/2029"}],"up":[{"embeddable":true,"href":"https:\/\/sites.smith.edu\/metamorphoses\/wp-json\/wp\/v2\/pages\/27"}],"wp:attachment":[{"href":"https:\/\/sites.smith.edu\/metamorphoses\/wp-json\/wp\/v2\/media?parent=271"}],"wp:term":[{"taxonomy":"orig-auth","embeddable":true,"href":"https:\/\/sites.smith.edu\/metamorphoses\/wp-json\/wp\/v2\/orig-auth?post=271"},{"taxonomy":"auth-translator","embeddable":true,"href":"https:\/\/sites.smith.edu\/metamorphoses\/wp-json\/wp\/v2\/auth-translator?post=271"}],"curies":[{"name":"wp","href":"https:\/\/api.w.org\/{rel}","templated":true}]}}