{"id":318,"date":"2019-04-03T14:01:14","date_gmt":"2019-04-03T18:01:14","guid":{"rendered":"https:\/\/sites.smith.edu\/metamorphoses\/?page_id=318"},"modified":"2019-06-07T15:48:26","modified_gmt":"2019-06-07T19:48:26","slug":"i","status":"publish","type":"page","link":"https:\/\/sites.smith.edu\/metamorphoses\/contributors\/i\/","title":{"rendered":"I"},"content":{"rendered":"<p class=\"style4\" align=\"center\">Biographies of Contributors<\/p>\n<p class=\"style4\" align=\"center\">I<\/p>\n<p align=\"justify\"><strong>PAOLO IASHVILI<\/strong>\u00a0(1894-1937) was, like his best friend Titsian, a founder of the Blue Horn (Tsisperi Qantsebi) movement in Georgian poetry. Like Galaktion and Titsian, he grew up in Kutaisi, in western Georgia. Also like his fellow poets, Paolo migrated to the capital Tbilisi as soon as he reached adulthood, and remained in the urban environment, from where he drew most of his poetic inspiration, for the rest of his life. Of his fellow Georgian poets, all of whom were heavily influenced by the French Romantic movement, Iashvili&#8217;s poetry is the most imaginative and experimental. A reader of French literature would likely think of Baudelaire first upon encountering his work. In 1937, Iashvili shot himself in the Writer&#8217;s Union office in downtown Tbilisi, faced with the impossible choice of denouncing his friend Titsian or facing torture by the NKVD.<\/p>\n<p align=\"justify\"><strong>IBN ZAYDUN AL-MAJZUMI<\/strong>\u00a0(b.384 AH\/1003 AD-d.463 AH\/1070 AD) is one of the most famous Arab poets of medieval Andalusia. In his youth, Ibn Zaydun was active in politics and as a court poet. Although he wrote a broad range of poetry, he is best known for the poetry he addressed to his lover, princess Wallada bint Al-Mustakfi, an accomplished poet in her own right. In consequence of a dispute with Wallada and court rivalry and intrigue, Ibn Zaydun was imprisoned and exiled. He wrote his greatest poetry in exile, lamenting his separation from Wallada and from his native-and equally beloved-Cordoba. In the poem &#8220;Luscious Cordoba,&#8221; he speaks to the city as if he were addressing a woman, giving the impression that Cordoba and Wallada are one. Ibn Zaydun&#8217;s poetry is widely read and recited throughout the Arabic-speaking world to this day.<\/p>\n<p><strong>IOANA IERONIM <\/strong>the author of eight volumes of poetry, as well as articles, reviews, and translations from English, French, German, and Swedish,\u00a0has served as Cultural Counselor in the Romanian Embassy in Washington and publicity director for the Soros Foundation in Bucharest; currently she is a Program Director for the Fulbright Commission in Romania. In spring 2000, Bloodaxe published\u00a0<em>The Triumph of the Water Witch<\/em>, translated by Ieronim and Sorkin; a volume with narratively linked prose poems based on the poet&#8217;s childhood in a Transylvanian Saxon village and the coming of Soviet-style communism, its publication was supported by a Council of England translation grant. The book was shortlisted for the Weidenfeld Prize, St. Anne&#8217;s College, Oxford, with a special commendation from the judges. In a review by Fiona Sampson in\u00a0<em>Thumbscrew<\/em>, termed &#8220;an extraordinary book.&#8221; Ieronim is the translator of Andrei Codrescu&#8217;s poetry in Romanian in\u00a0<em>Alien Candor<\/em>\u00a0\/\u00a0<em>Candoare straina<\/em>\u00a0(Bucharest 1997). These poems are from a volume of Ieronim&#8217;s poetry entitled\u00a0<em>41<\/em>, due out in Romania in our joint translation at the end of 2003.<\/p>\n<p align=\"justify\"><strong>GRACIA IGLESIAS<\/strong>\u00a0studied Journalism at the University of Madrid and writes for the cultural sections of various media publications. She has published three books of poetry:\u00a0<em>Sospecho che soy humo (I suspect I am smoke; 2002)<\/em>, which won the Gloria Fuertes Prize for Poetry, awarded by Torremozas;\u00a0<em>Aunque cubras mi cuerpo de cerezas (Though you cover my body with cherries, 2004)<\/em>, awarded Miguel Hern\u00e1ndez National Poetry Prize from the Instituto Alicantino de Cultura Juan Gil-Albert; and\u00a0<em>Distintos m\u00e9todos para hacer elefantes (Different methods to make elephants<\/em>, 2006). Her poetry is linked to her work in painting and theatre. Examples of her recent multimedia and performance work as well as poetry can be found on her webpage and blog.<\/p>\n<p><strong>ANT\u00d3NIO A. IGREJAS<\/strong>\u00a0is a Teaching Associate and PhD candidate in modern Portuguese literature at the University of Massachusetts, Amherst. He has published articles on Jose Saramago and Joao de Melo. His areas of research include Lusophone African and Brazilian Literature, with a special interest in the short story genre.<\/p>\n<p><strong>OLES ILCHENKO<\/strong>\u00a0was born in Kyiv on October 4, 1957 where he continues to reside. He is the author of six books of poetry with a seventh book,\u00a0<em>Certain Dreams<\/em>, forthcoming. He also writes scripts for the film industry. He recently has penned and published the first in a series of adventure tales for children and is the author of numerous articles on cultural issues. His favorite pastimes include traveling to different countries, swimming and experimenting with the creation of various culinary dishes.<\/p>\n<p align=\"justify\"><strong>MASAKO INAMOTO<\/strong>\u00a0Masako Inamoto received her PhD in East Asian Languages and Literatures from the Ohio State University. She is Assistant Professor of Japanese and teaches modern Japanese language and literature at Skidmore College.<\/p>\n<p align=\"justify\"><strong>JOUNI INKALA<\/strong>\u00a0lives in Helsinki, and has published seven collections of poetry. He is also the author of a radio play published and broadcast by Finnish National Radio in 2001. His poems have appeared in various anthologies and literary magazines in fifteen different languages. In 1992 he received the J.H. Erkko prize for the best first book of the year as well as the Kallioniemi Saatio prize. In 2003 he was awarded a five-year working grant from the Finnish State, and in 2005 he received the Einari Vuorela poetry prize.<\/p>\n<p><strong>YIORGOS IOANNOU<\/strong>\u00a0(1927-1985) was perhaps the most influential post-war writer of Greek fiction. A collection of his last stories,\u00a0<em>Good Friday Vigil<\/em>, is available in English from Kedros Editions. &#8220;The Sarcophagus&#8221; is the title story of his second book, published in 1971.<\/p>\n<p align=\"justify\"><strong>MOHAMMED IQBAL<\/strong>\u00a0(1877\u20131938) was born in the Punjab and wrote many volumes of poetry in both Persian and Urdu. Iqbal is also celebrated as a philosopher and statesman. He is commonly referred to as Allama Iqbal (<em>Allama<\/em>\u00a0meaning \u201cscholar\u201d). Iqbal was a leader in the movement for Pakistani independence and for the revival of Islamic civilization. He is officially recognized as the national poet of Pakistan. The anniversary of his birth, November 9, is a national holiday in Pakistan.<\/p>\n<p align=\"justify\"><strong>IGLESIAS GALV\u00c3\u0081N CLAUDIA IRASEMA<\/strong>\u00a0is a Mexican poet and translator living in Valpolicella, Verona, Italy. She is originally from Puerto Escondido, Oaxaca, Mexico and has lived in Italy for almost ten years. Her work is focused on social justice.<\/p>\n<p><strong>TERE IRASTORTZA<\/strong>\u00a0began her career as a poet at a very young age, when she was still in college, studying Basque and Spanish philology. She has written seven books:\u00a0<em>Gabeziak<\/em>\u00a0(1980),\u00a0<em>Hostoak. Gaia eta gau aldaketak<\/em>\u00a0(1983),\u00a0<em>Derrotaren fabulak<\/em>\u00a0(1986),\u00a0<em>Osinberdeko kantoreak<\/em>\u00a0(1986),\u00a0<em>Manual devotio gabecoa<\/em>(1994),\u00a0<em>Gabeziaren khantoreak<\/em>\u00a0(Antolog\u00eda, 1995) and<em>\u00a0Izen gabe, direnak\u00a0<\/em>(2000). She has also translated the work of many prominent writers into Basque. She is the president of the Association of Writers in the Basque Language (Euskal Idazleen Elkartea).<\/p>\n<p align=\"justify\"><strong>LOBNA A. ISMAIL<\/strong>\u00a0is Associate Professor of English and Comparative Literature at Cairo University, Egypt. A freelance critic and translator she is the Vice-Chair for International Affairs of the Egyptian Society of Comparative Literature (ESCL) and Editorial Counselor for the\u00a0<em>Bulletin of the Faculty of Arts<\/em>, Cairo University.<\/p>\n<p><strong>AK\u00cdNW\u00d9M\u00cc \u00ccS\u00d6L\u00c1<\/strong>, Professor Emeritus at \u00c6b\u00e1f\u00eami Aw\u00f3l\u00f4w\u00f6 University, Nigeria, is one of the most prolific and versatile of contemporary Yor\u00f9b\u00e1 creative writers. Well known for his award winning historical play,\u00a0<em>Ef\u00fanset\u00e1n An\u00edw\u00far\u00e0<\/em>, written in 1966 and published in 1970, Professor \u00ccs\u00f6l\u00e1 is a seasoned Yor\u00f9b\u00e1 dramatist, novelist, poet, and essayist. Although he is fluent in French, English and Yor\u00f9b\u00e1, \u00ccs\u00f6l\u00e1 has chosen to write mostly in Yor\u00f9b\u00e1. His published works include:\u00a0<em>\u00d3 Le K\u00fa<\/em>\u00a0(1974),\u00a0<em>K\u00f2cce\u00e9gb\u00e9<\/em>\u00a0(1981),\u00a0<em>\u00c0f\u00e0\u00ecm\u00f6 \u00c0ti \u00c0w\u00c3\u00a6n \u00c0r\u00f2f\u00f6 M\u00edir\u00e0n<\/em>\u00a0(1978),\u00a0<em>Ol\u00fa \u00c6m\u00e6<\/em>\u00a0and\u00a0<em>Ab\u00ea \u00c0\u00e0b\u00f2<\/em>\u00a0(1983),\u00a0<em>Og\u00fan \u00c6m\u00e6d\u00e9<\/em>\u00a0(1990).<\/p>\n<p align=\"justify\"><strong>VYACHESLAV IVANOV<\/strong>\u00a0(1866-1949), poet and playwright, was born in Moscow and died in Rome. He studied in Moscow and Berlin before moving to Rome and earning a doctorate in Archeology. He traveled widely, studying and teaching&#8211;Classical Philology in Azerbaijan, where he held a University chaired professorship in Baku, Old Church Slavonic in Rome. In St. Petersburg his salon attracted many intellectuals and poets, and had a formative influence on the Russian Symbolists.<\/p>\n<p align=\"justify\"><strong>SATTAR IZWAINI,\u00a0<\/strong>whose mother tongue is Arabic, holds MA and PhD degrees from the University of Manchester Institute of Science and Technology, and is Assistant Professor of Translation at the American University of Sharjah, UAE. He has worked as a freelance and full time translator in Iraq, Jordan, Sweden, and the UAE for about 15 years, and has translated from English into Arabic works by Herman Hesse, James Holmes, and Virginia Wolf; from Swedish into Arabic, Vilhelm Moberg; from Arabic into English,\u00a0<em>Amado<\/em>\u00a0by Nahidh al-Ramadhani.<\/p>\n","protected":false},"excerpt":{"rendered":"<p>Biographies of Contributors I PAOLO IASHVILI\u00a0(1894-1937) was, like his best friend Titsian, a founder of the Blue Horn (Tsisperi Qantsebi) movement in Georgian poetry. Like Galaktion and Titsian, he grew up in Kutaisi, in western Georgia. Also like his fellow poets, Paolo migrated to the capital Tbilisi as soon as he reached adulthood, and remained [&hellip;]<\/p>\n","protected":false},"author":1791,"featured_media":0,"parent":74,"menu_order":0,"comment_status":"closed","ping_status":"closed","template":"","meta":{"footnotes":""},"orig-auth":[],"auth-translator":[],"class_list":["post-318","page","type-page","status-publish","hentry"],"_links":{"self":[{"href":"https:\/\/sites.smith.edu\/metamorphoses\/wp-json\/wp\/v2\/pages\/318","targetHints":{"allow":["GET"]}}],"collection":[{"href":"https:\/\/sites.smith.edu\/metamorphoses\/wp-json\/wp\/v2\/pages"}],"about":[{"href":"https:\/\/sites.smith.edu\/metamorphoses\/wp-json\/wp\/v2\/types\/page"}],"author":[{"embeddable":true,"href":"https:\/\/sites.smith.edu\/metamorphoses\/wp-json\/wp\/v2\/users\/1791"}],"replies":[{"embeddable":true,"href":"https:\/\/sites.smith.edu\/metamorphoses\/wp-json\/wp\/v2\/comments?post=318"}],"version-history":[{"count":3,"href":"https:\/\/sites.smith.edu\/metamorphoses\/wp-json\/wp\/v2\/pages\/318\/revisions"}],"predecessor-version":[{"id":903,"href":"https:\/\/sites.smith.edu\/metamorphoses\/wp-json\/wp\/v2\/pages\/318\/revisions\/903"}],"up":[{"embeddable":true,"href":"https:\/\/sites.smith.edu\/metamorphoses\/wp-json\/wp\/v2\/pages\/74"}],"wp:attachment":[{"href":"https:\/\/sites.smith.edu\/metamorphoses\/wp-json\/wp\/v2\/media?parent=318"}],"wp:term":[{"taxonomy":"orig-auth","embeddable":true,"href":"https:\/\/sites.smith.edu\/metamorphoses\/wp-json\/wp\/v2\/orig-auth?post=318"},{"taxonomy":"auth-translator","embeddable":true,"href":"https:\/\/sites.smith.edu\/metamorphoses\/wp-json\/wp\/v2\/auth-translator?post=318"}],"curies":[{"name":"wp","href":"https:\/\/api.w.org\/{rel}","templated":true}]}}