{"id":373,"date":"2019-04-14T22:34:01","date_gmt":"2019-04-15T02:34:01","guid":{"rendered":"https:\/\/sites.smith.edu\/metamorphoses\/?page_id=373"},"modified":"2019-07-26T02:22:12","modified_gmt":"2019-07-26T06:22:12","slug":"iol-g","status":"publish","type":"page","link":"https:\/\/sites.smith.edu\/metamorphoses\/indexes\/iol-g\/","title":{"rendered":"IOL G"},"content":{"rendered":"<p style=\"font-weight: 400\">Gagnon, Madeleine. (French) &#8220;Excerpts from\u00a0<em>Dream of Stone\u00a0<\/em>(Reve de Pierre).&#8221; Trans. Andrea Moorhead. <a href=\"https:\/\/sites.smith.edu\/metamorphoses\/issues\/fall-2001\/\">9.2<\/a>, 94.<\/p>\n<p>Gamper, Galina. (Russian) &#8220;Saint Petersburg Sequence.&#8221; Trans. Mark W. Halperin. <a href=\"https:\/\/sites.smith.edu\/metamorphoses\/issues\/spring-2008\/\">16.1<\/a>, 178.<br \/>\n&#8212;&#8220;The Seagulls&#8217; Creaking Cry.&#8221; Trans. Grainne Tobin. <a href=\"https:\/\/sites.smith.edu\/metamorphoses\/issues\/fall-2012\/\">20.2<\/a>, 88.<br \/>\n&#8212;&#8220;We are Going Out.&#8221; Trans. Natasha Cuddington. <a href=\"https:\/\/sites.smith.edu\/metamorphoses\/issues\/fall-2012\/\">20.2<\/a>, 90.<\/p>\n<p style=\"font-weight: 400\">G\u00e2ndara, Paula. (Portuguese) &#8220;Coimbra, the Unfamiliar Memory.&#8221; Trans. Philip Eugene Krummich. <a href=\"https:\/\/sites.smith.edu\/metamorphoses\/issues\/fall-2012\/\">20.2<\/a>, 76.<br \/>\n&#8212;&#8220;Photographs.&#8221; Trans. Krummich. <a href=\"https:\/\/sites.smith.edu\/metamorphoses\/issues\/fall-2012\/\">20.2<\/a>, 78.<br \/>\n&#8212;&#8220;Bel\u00e9m Pier.&#8221; Trans. Krummich. <a href=\"https:\/\/sites.smith.edu\/metamorphoses\/issues\/fall-2012\/\">20.2<\/a>, 80.<\/p>\n<p style=\"font-weight: 400\">Gandelsman, Vladimir. (Russian) &#8220;[Speak looser, please, speak freer].&#8221; Trans. Yana Djin. <a href=\"https:\/\/sites.smith.edu\/metamorphoses\/issues\/summer-1999\/\">7.2<\/a>, 154.<br \/>\n&#8212;&#8220;[This &#8211; the steppe, and the dry expanse, like an onion dry].&#8221; Trans. Djin. <a href=\"https:\/\/sites.smith.edu\/metamorphoses\/issues\/summer-1999\/\">7.2<\/a>, 156.<br \/>\n&#8212;&#8220;[Meanwhile, this imagined life].&#8221; Trans. Djin. <a href=\"https:\/\/sites.smith.edu\/metamorphoses\/issues\/summer-1999\/\">7.2<\/a>, 158.<br \/>\n&#8212;&#8220;[I will take that winter&#8217;s illuminated square].&#8221; Trans. Djin. <a href=\"https:\/\/sites.smith.edu\/metamorphoses\/issues\/summer-1999\/\">7.2<\/a>, 160.<br \/>\n&#8212;&#8220;[Getting dark. Getting black&#8230;].&#8221; Trans. Djin. <a href=\"https:\/\/sites.smith.edu\/metamorphoses\/issues\/summer-1999\/\">7.2<\/a>, 162.<br \/>\n&#8212;&#8220;[So what if they crack &#8211; ].&#8221; Trans. Djin. <a href=\"https:\/\/sites.smith.edu\/metamorphoses\/issues\/summer-1999\/\">7.2<\/a>, 164.<\/p>\n<p style=\"font-weight: 400\">Gao Weixi. (Chinese) &#8220;My Wife&#8217;s Hands.&#8221; Trans. Harry J. Huang. Edited by Sabina Knight. <a href=\"https:\/\/sites.smith.edu\/metamorphoses\/issues\/spring-2010\/\">18.1<\/a>, 214.<\/p>\n<p style=\"font-weight: 400\">Garc\u00eda-Boda\u00f1o, Salvador. (Galego) &#8220;Aquelas ma\u00f1\u00e1ns de m\u00fasica (Those mornings when there was music I).&#8221; Trans. John Burns. <a href=\"https:\/\/sites.smith.edu\/metamorphoses\/issues\/galician-poetry-double-issue-2014\/\">22.1-2<\/a>, 54.<\/p>\n<p style=\"font-weight: 400\">\u00a0 &#8212;&#8220;Those mornings when there was music II.&#8221; Trans. Marta Dahlgren and Carys Evans-Corrales. <a href=\"https:\/\/sites.smith.edu\/metamorphoses\/issues\/galician-poetry-double-issue-2014\/\">22.1-2<\/a>, 57.<\/p>\n<p style=\"font-weight: 400\">\u00a0 &#8212;&#8220;Metamorphose (Metamorphosis).&#8221; Trans. Carys Evans-Corrales. <a href=\"https:\/\/sites.smith.edu\/metamorphoses\/issues\/galician-poetry-double-issue-2014\/\">22.1-2<\/a>, 58.<\/p>\n<p style=\"font-weight: 400\">Garc\u00eda Vald\u00e9s, Olvido. (Spanish) &#8220;Olive Trees Pulled Out by the Roots.&#8221; Trans. Catherine Hammond. <a href=\"https:\/\/sites.smith.edu\/metamorphoses\/issues\/spring-2011\/\">18.2<\/a>, 50.<\/p>\n<p>Gaski, Harald. (Swedish) &#8220;Essay: Sami Literature.&#8221; Trans. Roland Thorstensson. <a href=\"https:\/\/sites.smith.edu\/metamorphoses\/issues\/spring-2000\/\">8.1<\/a>, 84.<\/p>\n<p style=\"font-weight: 400\">Gazdanov, Gaito. (Russian) &#8220;The Adventurer.&#8221; Trans. Laurence Bogoslaw. <a href=\"https:\/\/sites.smith.edu\/metamorphoses\/issues\/april-1994\/\">2.2<\/a>, 40.<br \/>\n&#8212;&#8220;Princess Mary.&#8221; Trans. Ian Brownlie and Claire Dienes. <a href=\"https:\/\/sites.smith.edu\/metamorphoses\/issues\/april-1996\/\">4.2<\/a>, 8.<br \/>\n&#8212;&#8220;Hawaiian Guitars.&#8221; Trans. Bogoslaw. <a href=\"https:\/\/sites.smith.edu\/metamorphoses\/issues\/december-1996\/\">5.1<\/a>, 97.<\/p>\n<p>George, Stefan. (German) &#8220;[Final Song] (Du Schlank und Rein wie eine Flamme).&#8221; Trans. Peter Viereck. <a href=\"https:\/\/sites.smith.edu\/metamorphoses\/issues\/december-1993\/\">2.1<\/a>, 68.<br \/>\n&#8212;&#8220;The Stranger (Die Fremde).&#8221; Trans. Viereck, E. Morwitz and Mark. <a href=\"https:\/\/sites.smith.edu\/metamorphoses\/issues\/winter-1998\/\">7.1<\/a>, 42.<\/p>\n<p>Gers\u00e3o, Teolinda. (Portuguese) &#8220;The Reader.&#8221; Trans. Ant\u00f3nio Igrejas. <a href=\"https:\/\/sites.smith.edu\/metamorphoses\/issues\/spring-2008\/\">16.1<\/a>, 234.<\/p>\n<p>Ghit\u00e0. (Italian) &#8220;The Ball.&#8221; Trans. Susan Leigh Connors. <a href=\"https:\/\/sites.smith.edu\/metamorphoses\/issues\/spring-fall-2006\/\">14.1-2<\/a>, 220.<\/p>\n<p style=\"font-weight: 400\">Ginzburg, Natalia. (Italian) &#8220;He and I.&#8221; Trans. H\u00e9l\u00e8ne Cantarella. <a href=\"https:\/\/sites.smith.edu\/metamorphoses\/issues\/winter-1998\/\">7.1<\/a>, 34.<\/p>\n<p>Gion, N\u00e1ndor. (Hungarian) &#8220;Chapter Two of the novel\u00a0<em>Soldier with a Flower<\/em>.&#8221;\u00a0Trans. Maya LoBello. <a href=\"https:\/\/sites.smith.edu\/metamorphoses\/issues\/fall-2005\/\">13.2<\/a>, 226.<\/p>\n<p style=\"font-weight: 400\">Gititi, Gitahi. (Gikuyu) &#8220;The Sun, the Moon, and the Stars.&#8221; Trans. Gitahi Gititi. <a href=\"https:\/\/sites.smith.edu\/metamorphoses\/issues\/spring-2002\/\">10.1<\/a>, 47.<br \/>\n&#8212;&#8220;Physician, Heal Thyself.&#8221; Trans. Gititi. <a href=\"https:\/\/sites.smith.edu\/metamorphoses\/issues\/spring-2002\/\">10.1<\/a>, 57.<br \/>\n&#8212;&#8220;What Hour of the Night?&#8221; Trans. Gititi. <a href=\"https:\/\/sites.smith.edu\/metamorphoses\/issues\/spring-2002\/\">10.1<\/a>, 58.<br \/>\n&#8212;&#8220;Taproot.&#8221; Trans. Gititi. <a href=\"https:\/\/sites.smith.edu\/metamorphoses\/issues\/spring-2002\/\">10.1<\/a>, 60.<br \/>\n&#8212;&#8220;Earthquake.&#8221; Trans. Gititi. <a href=\"https:\/\/sites.smith.edu\/metamorphoses\/issues\/spring-2002\/\">10.1<\/a>, 62.<br \/>\n&#8212;&#8220;Building the Nation.&#8221; Trans. Gititi. <a href=\"https:\/\/sites.smith.edu\/metamorphoses\/issues\/spring-2002\/\">10.1<\/a>, 64.<br \/>\n&#8212;&#8220;Cure for Headaches, 1.&#8221; Trans. Gititi. <a href=\"https:\/\/sites.smith.edu\/metamorphoses\/issues\/spring-2002\/\">10.1<\/a>, 66.<br \/>\n&#8212;&#8220;Cure for Headaches, 2.&#8221; Trans. Gititi. <a href=\"https:\/\/sites.smith.edu\/metamorphoses\/issues\/spring-2002\/\">10.1<\/a>, 68.<br \/>\n&#8212;&#8220;Head&#8217;s for Thinking.&#8221; Trans. Gititi. <a href=\"https:\/\/sites.smith.edu\/metamorphoses\/issues\/spring-2002\/\">10.1<\/a>, 68.<br \/>\n&#8212;&#8220;Dust on the Road to Nyiri Town.&#8221; Trans. Gititi. <a href=\"https:\/\/sites.smith.edu\/metamorphoses\/issues\/spring-2002\/\">10.1<\/a>, 70.<br \/>\n&#8212;&#8220;The Lower Depths.&#8221; Trans. Gititi. <a href=\"https:\/\/sites.smith.edu\/metamorphoses\/issues\/spring-2002\/\">10.1<\/a>, 74.<br \/>\n&#8212;&#8220;One Hundred Shillings.&#8221; Trans. Gititi. <a href=\"https:\/\/sites.smith.edu\/metamorphoses\/issues\/spring-2002\/\">10.1<\/a>, 72.<br \/>\n&#8212;&#8220;The Lower Depths.&#8221; Trans. Gititi. <a href=\"https:\/\/sites.smith.edu\/metamorphoses\/issues\/spring-2002\/\">10.1<\/a>, 74.<br \/>\n&#8212;&#8220;The Census Comes to Grandmother.&#8221; Trans. Gititi. <a href=\"https:\/\/sites.smith.edu\/metamorphoses\/issues\/spring-2002\/\">10.1<\/a>, 76.<\/p>\n<p>Glowinski, Michal. (Polish) &#8220;The Pastry.&#8221; Trans. Shore. <a href=\"https:\/\/sites.smith.edu\/metamorphoses\/issues\/fall-2001\/\">9.2<\/a>, 321.<br \/>\n&#8212;&#8220;Emil.&#8221; Trans. Marci Shore. <a href=\"https:\/\/sites.smith.edu\/metamorphoses\/issues\/fall-2001\/\">9.2<\/a>, 325.<\/p>\n<p>Goldschmidt, Meir Aron. (Danish) &#8220;A Tale about a Fly.&#8221; Trans. Ingrid G. Lansford. <a href=\"https:\/\/sites.smith.edu\/metamorphoses\/issues\/spring-2005\/\">13.1<\/a>, 270.<br \/>\n&#8212;&#8220;Sidi-el-Barduk and Zuleima (from &#8216;Love Stories from Many Lands&#8217;).&#8221; Trans. Ingrid Lansford. <a href=\"https:\/\/sites.smith.edu\/metamorphoses\/issues\/spring-2008\/\">16.1<\/a>, 257.<br \/>\n&#8212;&#8220;Under a Spell II.&#8221; Trans. Ingrid Lansford. <a href=\"https:\/\/sites.smith.edu\/metamorphoses\/issues\/spring-2010\/\">18.1<\/a>, 196.<br \/>\n&#8212;&#8220;Under a Spell I: A Legend Retold.&#8221; Trans. Ingrid Lansford. <a href=\"https:\/\/sites.smith.edu\/metamorphoses\/issues\/fall-2012\/\">20.2<\/a>, 155.<\/p>\n<p style=\"font-weight: 400\">\u00a0 &#8212;&#8220;Henry Cecil and Sarah.&#8221; Trans. Ingrid Lansford. <a href=\"https:\/\/sites.smith.edu\/metamorphoses\/issues\/spring-2015\/\">23.1<\/a>, 160.<\/p>\n<p>von Goethe, Johann Wolfgang. (German) &#8220;Welcome and Parting (Willkommen und Abschied).&#8221; Trans. Walter Arndt. <a href=\"https:\/\/sites.smith.edu\/metamorphoses\/issues\/fall-2000\/\">8.2<\/a>, 130.<\/p>\n<p>Goloboff, Gerardo Mario. (Spanish) &#8220;The Passion According to San Martin.&#8221; Trans. Ilan Stavans. <a href=\"https:\/\/sites.smith.edu\/metamorphoses\/issues\/april-1994\/\">2.2<\/a>, 30.<\/p>\n<p style=\"font-weight: 400\">G\u00f3mez, Lupe. (Galego) &#8220;Monecas Nansi louras (Blonde Nancy Dolls).&#8221; Trans. Carys Evans-Corrales. <a href=\"https:\/\/sites.smith.edu\/metamorphoses\/issues\/galician-poetry-double-issue-2014\/\">22.1-2<\/a>, 104.<\/p>\n<p style=\"font-weight: 400\">\u00a0 &#8212;&#8220;O Amor (Love).&#8221; Trans. Carys Evans-Corrales. <a href=\"https:\/\/sites.smith.edu\/metamorphoses\/issues\/galician-poetry-double-issue-2014\/\">22.1-2<\/a>, 104.<\/p>\n<p style=\"font-weight: 400\">\u00a0 &#8212;&#8220;Defenici\u00f3n (Definition).&#8221; Trans. Carys Evans-Corrales. <a href=\"https:\/\/sites.smith.edu\/metamorphoses\/issues\/galician-poetry-double-issue-2014\/\">22.1-2<\/a>, 104.<\/p>\n<p style=\"font-weight: 400\">de G\u00f3ngora, Luis. (Spanish) &#8220;How Our Life is Shorter Than We Think.&#8221; Trans. John Upton. <a href=\"https:\/\/sites.smith.edu\/metamorphoses\/issues\/fall-2005\/\">13.2<\/a>, 142.<\/p>\n<p style=\"font-weight: 400\">Gonz\u00e1lez Prada, Manuel. (Spanish) &#8220;Selected Epigrams from Grafitos, &#8216;Hombres y Libros.'&#8221; Trans. G.J. Racz. <a href=\"https:\/\/sites.smith.edu\/metamorphoses\/issues\/spring-2010\/\">18.1<\/a>, 98.<\/p>\n<p style=\"font-weight: 400\">Gonzales, Odi. (Spanish) &#8220;Apprentice Painters (Los Aprendices).&#8221; Trans. Lynn Levin. <a href=\"https:\/\/sites.smith.edu\/metamorphoses\/issues\/spring-2012\/\">20.1<\/a>, 24.<\/p>\n<p style=\"font-weight: 400\">\u00a0 &#8212;&#8220;God Shows Paradise to Adam and Eve (Dios Muestra El Para\u00edso a\u00a0Ad\u00e1n\u00a0y Eva).&#8221; Trans. Lynn Levin. <a href=\"https:\/\/sites.smith.edu\/metamorphoses\/issues\/spring-2012\/\">20.1<\/a>, 30.<\/p>\n<p style=\"font-weight: 400\">\u00a0 &#8212;&#8220;The Prodigal Son (El Hijo Pr\u00f3digo).&#8221; Trans. Lynn Levin. <a href=\"https:\/\/sites.smith.edu\/metamorphoses\/issues\/spring-2012\/\">20.1<\/a>, 34.<\/p>\n<p style=\"font-weight: 400\">Gra\u00f1a, Bernardino. (Galego) &#8220;En Padr\u00f3n os aluminos do Instituto (The Pupils\u00a0at Padron High School).&#8221; Trans. Carys Evans-Corrales. <a href=\"https:\/\/sites.smith.edu\/metamorphoses\/issues\/galician-poetry-double-issue-2014\/\">22.1-2<\/a>, 52.<\/p>\n<p style=\"font-weight: 400\">Grandes, Almudena. (Spanish) &#8220;&#8216;Memories of a Gypsy Girl&#8217; from <em>Exemplary Women<\/em>\u00a0(<em>Modelos de Mujer<\/em>).&#8221; Trans. Lydia Oram. <a href=\"https:\/\/sites.smith.edu\/metamorphoses\/issues\/fall-2001\/\">9.2<\/a>, 263.<\/p>\n<p style=\"font-weight: 400\">\u00a0 &#8212;&#8220;Mother Love.&#8221; Trans. Oram. <a href=\"https:\/\/sites.smith.edu\/metamorphoses\/issues\/fall-2001\/\">9.2<\/a>, 267.<\/p>\n<p>Grigoryuk, Pavel. (Russian) &#8220;Excerpt from\u00a0<em>The<\/em>\u00a0<em>Autobiography of Pavel Grigoryuk<\/em>.&#8221; Trans. Joseph Lake. <a href=\"https:\/\/sites.smith.edu\/metamorphoses\/issues\/april-1993\/\">1.2<\/a>, 51.<\/p>\n<p>Grill, Evelyn. (German) &#8220;&#8216;Means of Flight&#8217; from the\u00a0<em>Working World of Just-A-Housewife<\/em>.&#8221; Trans. Jean M. Snook. <a href=\"https:\/\/sites.smith.edu\/metamorphoses\/issues\/spring-2008\/\">16.1<\/a>, 295.<\/p>\n<p style=\"font-weight: 400\">Grima, Edgar. &#8220;The Cricket and the Ant.&#8221; Trans. Norman R. Shapiro. <a href=\"https:\/\/sites.smith.edu\/metamorphoses\/issues\/spring-2003\/\">11.1<\/a>, 254.<br \/>\n&#8212;&#8220;The Wolf and the Stork.&#8221; Trans. Shapiro. <a href=\"https:\/\/sites.smith.edu\/metamorphoses\/issues\/spring-2003\/\">11.1<\/a>, 264.<\/p>\n<p style=\"font-weight: 400\">Guerra, Germ\u00e1n. (Spanish) &#8220;Marti.&#8221; Trans. Cola Franzen. <a href=\"https:\/\/sites.smith.edu\/metamorphoses\/issues\/spring-2005\/\">13.1<\/a>, 108.<br \/>\n&#8212;&#8220;A circus, a universe .&#8221; Trans. Franzen. <a href=\"https:\/\/sites.smith.edu\/metamorphoses\/issues\/spring-2005\/\">13.1<\/a>, 112.<br \/>\n&#8212;&#8220;The City and the Edge of the Island.&#8221; Trans. Franzen. <a href=\"https:\/\/sites.smith.edu\/metamorphoses\/issues\/spring-2005\/\">13.1<\/a>, 114.<br \/>\n&#8212;&#8220;Sojourn in Pompeii and Herculaneum.&#8221; Trans. Franzen. <a href=\"https:\/\/sites.smith.edu\/metamorphoses\/issues\/spring-2005\/\">13.1<\/a>, 116.<br \/>\n&#8212;&#8220;Ming Y\/the Dimming of the Light.&#8221; Trans. Franzen. <a href=\"https:\/\/sites.smith.edu\/metamorphoses\/issues\/spring-2005\/\">13.1<\/a>, 118.<\/p>\n<p style=\"font-weight: 400\">Guillevic, Eugene. (French) \u201cThe Flower.\u201d Trans. Samuel Danon. <a href=\"https:\/\/sites.smith.edu\/metamorphoses\/issues\/fall-2017\/\">25.2<\/a>, 102.<strong><br \/>\n<\/strong>\u00a0&#8212;\u201cSparrowhawk.\u201d Trans. Danon. <a href=\"https:\/\/sites.smith.edu\/metamorphoses\/issues\/fall-2017\/\">25.2<\/a>, 108.<\/p>\n","protected":false},"excerpt":{"rendered":"<p>Gagnon, Madeleine. (French) &#8220;Excerpts from\u00a0Dream of Stone\u00a0(Reve de Pierre).&#8221; Trans. Andrea Moorhead. 9.2, 94. Gamper, Galina. (Russian) &#8220;Saint Petersburg Sequence.&#8221; Trans. Mark W. Halperin. 16.1, 178. &#8212;&#8220;The Seagulls&#8217; Creaking Cry.&#8221; Trans. Grainne Tobin. 20.2, 88. &#8212;&#8220;We are Going Out.&#8221; Trans. Natasha Cuddington. 20.2, 90. G\u00e2ndara, Paula. (Portuguese) &#8220;Coimbra, the Unfamiliar Memory.&#8221; Trans. Philip Eugene Krummich. [&hellip;]<\/p>\n","protected":false},"author":1791,"featured_media":0,"parent":359,"menu_order":0,"comment_status":"closed","ping_status":"closed","template":"","meta":{"footnotes":""},"orig-auth":[],"auth-translator":[],"class_list":["post-373","page","type-page","status-publish","hentry"],"_links":{"self":[{"href":"https:\/\/sites.smith.edu\/metamorphoses\/wp-json\/wp\/v2\/pages\/373","targetHints":{"allow":["GET"]}}],"collection":[{"href":"https:\/\/sites.smith.edu\/metamorphoses\/wp-json\/wp\/v2\/pages"}],"about":[{"href":"https:\/\/sites.smith.edu\/metamorphoses\/wp-json\/wp\/v2\/types\/page"}],"author":[{"embeddable":true,"href":"https:\/\/sites.smith.edu\/metamorphoses\/wp-json\/wp\/v2\/users\/1791"}],"replies":[{"embeddable":true,"href":"https:\/\/sites.smith.edu\/metamorphoses\/wp-json\/wp\/v2\/comments?post=373"}],"version-history":[{"count":4,"href":"https:\/\/sites.smith.edu\/metamorphoses\/wp-json\/wp\/v2\/pages\/373\/revisions"}],"predecessor-version":[{"id":1305,"href":"https:\/\/sites.smith.edu\/metamorphoses\/wp-json\/wp\/v2\/pages\/373\/revisions\/1305"}],"up":[{"embeddable":true,"href":"https:\/\/sites.smith.edu\/metamorphoses\/wp-json\/wp\/v2\/pages\/359"}],"wp:attachment":[{"href":"https:\/\/sites.smith.edu\/metamorphoses\/wp-json\/wp\/v2\/media?parent=373"}],"wp:term":[{"taxonomy":"orig-auth","embeddable":true,"href":"https:\/\/sites.smith.edu\/metamorphoses\/wp-json\/wp\/v2\/orig-auth?post=373"},{"taxonomy":"auth-translator","embeddable":true,"href":"https:\/\/sites.smith.edu\/metamorphoses\/wp-json\/wp\/v2\/auth-translator?post=373"}],"curies":[{"name":"wp","href":"https:\/\/api.w.org\/{rel}","templated":true}]}}