{"id":381,"date":"2019-04-14T22:35:40","date_gmt":"2019-04-15T02:35:40","guid":{"rendered":"https:\/\/sites.smith.edu\/metamorphoses\/?page_id=381"},"modified":"2019-06-22T14:11:57","modified_gmt":"2019-06-22T18:11:57","slug":"iol-k","status":"publish","type":"page","link":"https:\/\/sites.smith.edu\/metamorphoses\/indexes\/iol-k\/","title":{"rendered":"IOL K"},"content":{"rendered":"<p style=\"font-weight: 400\">Kafka, Franz. (German) &#8220;A Message from the Emperor.&#8221; Trans. James Gibbs. <a href=\"https:\/\/sites.smith.edu\/metamorphoses\/issues\/april-1998\/\">6:2<\/a>, 50.<br \/>\n&#8212;&#8220;A Fratricide.&#8221; Trans. Gibbs. <a href=\"https:\/\/sites.smith.edu\/metamorphoses\/issues\/april-1998\/\">6:2<\/a>, 51.<\/p>\n<p>Kamanda, Kama. (French) &#8220;The Paddles of Fate.&#8221; Trans. Lauren Yoder. <a href=\"https:\/\/sites.smith.edu\/metamorphoses\/issues\/spring-2003\/\">11:1<\/a>, 34.<\/p>\n<p style=\"font-weight: 400\">Kameric, Melina. (Bosnian) &#8220;Red Lace Lingerie.&#8221; Trans. Fatima Mujcinovic. <a href=\"https:\/\/sites.smith.edu\/metamorphoses\/issues\/spring-2015\/\">23:1<\/a>, 16.<\/p>\n<p style=\"font-weight: 400\">\u00a0 &#8212;&#8220;Shoes for the Oscars.&#8221; Trans. Fatima Mujcinovic. <a href=\"https:\/\/sites.smith.edu\/metamorphoses\/issues\/spring-2015\/\">23:1<\/a>, 19.<\/p>\n<p style=\"font-weight: 400\">\u00a0\u00a0&#8212;&#8220;Made in Yugoslavia.&#8221; Trans. Fatima Mujcinovic. <a href=\"https:\/\/sites.smith.edu\/metamorphoses\/issues\/spring-2015\/\">23:1<\/a>, 20.<\/p>\n<p style=\"font-weight: 400\">Kaminer, Wladimir. (German) &#8220;Three Excerpts from Russendisko.&#8221; Trans. Robert Painter. <a href=\"https:\/\/sites.smith.edu\/metamorphoses\/issues\/spring-2017\/\">25.1<\/a>, 137.<br \/>\n&#8212;&#8220;My First Frenchman.&#8221; Trans. Painter. <a href=\"https:\/\/sites.smith.edu\/metamorphoses\/issues\/spring-2017\/\">25.1<\/a>, 138.<br \/>\n&#8212;&#8220;Russian Phone Sex.&#8221; Trans. Painter. <a href=\"https:\/\/sites.smith.edu\/metamorphoses\/issues\/spring-2017\/\">25.1<\/a>, 138.<br \/>\n&#8212;&#8220;Nuts from Around the World and Mushrooms from Germany.&#8221; Trans. Painter. <a href=\"https:\/\/sites.smith.edu\/metamorphoses\/issues\/spring-2017\/\">25.1<\/a>, 140.<\/p>\n<p style=\"font-weight: 400\">Kansuke, Naka. (Japanese) &#8220;The Old Man Who Makes Flowers Bloom.&#8221; Trans. Masako Inamoto. <a href=\"https:\/\/sites.smith.edu\/metamorphoses\/issues\/spring-2015\/\">23:1<\/a>, 182.<\/p>\n<p style=\"font-weight: 400\">Kaplinski, Jaan. (Estonian) &#8220;A Brief Life Story.&#8221; Trans. Inna Feldbach and Alan Trei. <a href=\"https:\/\/sites.smith.edu\/metamorphoses\/issues\/fall-2001\/\">9:2<\/a>, 275.<\/p>\n<p style=\"font-weight: 400\">Karazin, Nikolai Nikolaevich. (Russian) &#8220;Camp on the Amu Darya.&#8221; Trans. Elena Andreeva and Mark Woodcock. <a href=\"https:\/\/sites.smith.edu\/metamorphoses\/issues\/spring-2010\/\">18:1-2<\/a>, 30, 249.<\/p>\n<p style=\"font-weight: 400\">Karkavitsas, Andreas. (Greek) &#8220;Excerpt from Chapter 3, &#8216;The Celebrants,&#8217; from the [1890] novel <em>The Lissome Maiden<\/em>.&#8221; Trans. Susan Matthias. <a href=\"https:\/\/sites.smith.edu\/metamorphoses\/issues\/fall-2009\/\">17:2<\/a>, 143.<\/p>\n<p>Karlsson, Carina. (Swedish) &#8220;Excerpts from\u00a0<em>Lisbeta, Per Skarp&#8217;s Wife<\/em>.&#8221; Trans. Maria Carlstedt, Anna Mandell, Katarina Tucker, and Erica Wick. <a href=\"https:\/\/sites.smith.edu\/metamorphoses\/issues\/spring-2000\/\">8:1<\/a>, 140.<\/p>\n<p>Karystiani, Ioanna. (Greek) &#8220;Lickety Split.&#8221; Trans. Jane Assimakopoulos. <a href=\"https:\/\/sites.smith.edu\/metamorphoses\/issues\/fall-2002\/\">10:2<\/a>, 251.<\/p>\n<p style=\"font-weight: 400\">Kemp, Penn. (English to Spanish) &#8220;Not Waving but Drowning.&#8221; Trans. Mar\u00eda Luz Gonz\u00e1lez Rodr\u00edguez. <a href=\"https:\/\/sites.smith.edu\/metamorphoses\/issues\/fall-2012\/\">20:2<\/a>, 62.<\/p>\n<p>Kennedy, Melinda. (English into Portuguese) &#8220;Autobiografia.&#8221; Trans. Maria L\u00facia Mill\u00e9o Martins. <a href=\"https:\/\/sites.smith.edu\/metamorphoses\/issues\/december-1997\/\">6:1<\/a>, 80.<\/p>\n<p>Keskin, Birhan. (Turkish) &#8220;Fan.&#8221; Trans. George Messo. <a href=\"https:\/\/sites.smith.edu\/metamorphoses\/issues\/spring-2008\/\">16:1<\/a>, 174.<br \/>\n&#8212;&#8220;Sun&#8230; Star.&#8221; Trans. Messo. <a href=\"https:\/\/sites.smith.edu\/metamorphoses\/issues\/spring-2008\/\">16:1<\/a>, 174.<br \/>\n&#8212;&#8220;Phoenix.&#8221; Trans. Messo. <a href=\"https:\/\/sites.smith.edu\/metamorphoses\/issues\/spring-2008\/\">16:1<\/a>, 176.<br \/>\n&#8212;&#8220;Mountain.&#8221; Trans. Messo. <a href=\"https:\/\/sites.smith.edu\/metamorphoses\/issues\/spring-2008\/\">16:1<\/a>, 176.<\/p>\n<p style=\"font-weight: 400\">Khafaja, Ibn. (Arabic) &#8220;Words Spoken in Contemplation.&#8221; Trans. Alex Foreman. <a href=\"https:\/\/sites.smith.edu\/metamorphoses\/issues\/special-arabic-double-issue-2011\/\">19.1-2<\/a>, 26.<\/p>\n<p class=\"p1\"><span class=\"s1\">Khafizov, Oleg (Russian). \u201cLoop the Loop.\u201d Trans. Raymond de Luca. <a href=\"https:\/\/sites.smith.edu\/metamorphoses\/spring-2019\/\">27:1<\/a>, 118.<\/span><\/p>\n<p style=\"font-weight: 400\">Kheraskov, Mikhail Matveyevich. (Russian) &#8220;Canto I.&#8221; Trans. Brendan Kiernan. <a href=\"https:\/\/sites.smith.edu\/metamorphoses\/issues\/fall-2015\/\">23:2<\/a>, 96.<\/p>\n<p style=\"font-weight: 400\">Khoury, John. (English into German) &#8220;Gesalbt.&#8221; Trans. Gabriele Hadl. <a href=\"https:\/\/sites.smith.edu\/metamorphoses\/issues\/fall-2000\/\">8:2<\/a>, 138.<\/p>\n<p style=\"font-weight: 400\">Khudeir, Mohammed. (Arabic) &#8220;The Pilgrim.&#8221; Trans. Rafed A. Khashan and Bob Blanchard. <a href=\"https:\/\/sites.smith.edu\/metamorphoses\/issues\/special-arabic-double-issue-2011\/\">19.1-2<\/a>, 276.<\/p>\n<p>Kikaku. (romaji Japanese) &#8220;Over the pigeon house&#8230;&#8221; Trans. Joshua Gage. <a href=\"https:\/\/sites.smith.edu\/metamorphoses\/issues\/spring-2008\/\">16:1<\/a>, 318.<\/p>\n<p>Kim, Yuhn Bok. (English into Korean) &#8220;Atop a Home Hill.&#8221; Trans. Kim. <a href=\"https:\/\/sites.smith.edu\/metamorphoses\/issues\/fall-2000\/\">8:2<\/a>, 150.<br \/>\n&#8212;&#8220;Longing.&#8221; Trans. Kim. <a href=\"https:\/\/sites.smith.edu\/metamorphoses\/issues\/fall-2000\/\">8:2<\/a>, 152.<\/p>\n<p>Kirsch, Olga. (Afrikaans) &#8220;Vyf Sonnette Aan My Vader.&#8221; Trans. Carrol Lasker. <a href=\"https:\/\/sites.smith.edu\/metamorphoses\/issues\/fall-2003\/\">11:2<\/a>, 52.<\/p>\n<p class=\"p1\"><span class=\"s1\">Klein, Lucas. \u201cOur Daily Bread.\u201d <a href=\"https:\/\/sites.smith.edu\/metamorphoses\/double-issue-2018\/\">26:1<\/a>, 14.<\/span><\/p>\n<p>Kol\u00e1r, Jir\u00ed. (Czech) &#8220;Night.&#8221; Trans. Ron and Maria Nemcov\u00e1 Banerjee. <a href=\"https:\/\/sites.smith.edu\/metamorphoses\/issues\/summer-1999\/\">7:2<\/a>, 44.<br \/>\n&#8212;&#8220;The Old Jew.&#8221; Trans. R. and M. Banerjee. <a href=\"https:\/\/sites.smith.edu\/metamorphoses\/issues\/summer-1999\/\">7:2<\/a>, 46.<br \/>\n&#8212;&#8220;[A tress of warm hair].&#8221; Trans. R. and M. Banerjee. <a href=\"https:\/\/sites.smith.edu\/metamorphoses\/issues\/summer-1999\/\">7:2<\/a>, 46.<\/p>\n<p style=\"font-weight: 400\">Koleff, Miguel Alberto. (Portuguese) &#8220;Translating the Discursive Post-modernity of Nelson de Oliveira&#8217;s Fiction.&#8221; Trans. Aisha Prigann. <a href=\"https:\/\/sites.smith.edu\/metamorphoses\/issues\/brazilian-literature-double-issue-2016\/\">24:1-2<\/a>, 256.<\/p>\n<p style=\"font-weight: 400\">Kolleritsch, Alfred. (German) &#8220;Grenzen.&#8221; Trans. into Scots by J. Derrick McClure with assistance of Heidelinde Pr\u00fcger. <a href=\"https:\/\/sites.smith.edu\/metamorphoses\/issues\/spring-2008\/\">16:1<\/a>, 126.<br \/>\n&#8212;&#8220;Uber Des Fragen\/Antworten.&#8221; Trans. McClure and Pr\u00fcger. <a href=\"https:\/\/sites.smith.edu\/metamorphoses\/issues\/spring-2008\/\">16:1<\/a>, 128.<br \/>\n&#8212;&#8220;Im Aussersten.&#8221; Trans. McClure and Pr\u00fcger. <a href=\"https:\/\/sites.smith.edu\/metamorphoses\/issues\/spring-2008\/\">16:1<\/a>, 130.<br \/>\n&#8212;&#8220;So Soll Es Bleiben.&#8221; Trans. McClure and Pr\u00fcger. <a href=\"https:\/\/sites.smith.edu\/metamorphoses\/issues\/spring-2008\/\">16:1<\/a>, 132.<br \/>\n&#8212;&#8220;Aufbruch.&#8221; Trans. McClure and Pr\u00fcger. <a href=\"https:\/\/sites.smith.edu\/metamorphoses\/issues\/spring-2008\/\">16:1<\/a>, 134.<br \/>\n&#8212;&#8220;Fur Die Ubersetzerin.&#8221; Trans. McClure and Pr\u00fcger. <a href=\"https:\/\/sites.smith.edu\/metamorphoses\/issues\/spring-2008\/\">16:1<\/a>, 136.<br \/>\n&#8212;&#8220;Zerstorung.&#8221; Trans. McClure and Pr\u00fcger. <a href=\"https:\/\/sites.smith.edu\/metamorphoses\/issues\/spring-2008\/\">16:1<\/a>, 138.<br \/>\n&#8212;&#8220;Meinen Einfallen&#8230; .&#8221; Trans. McClure and Pr\u00fcger. <a href=\"https:\/\/sites.smith.edu\/metamorphoses\/issues\/spring-2008\/\">16:1<\/a>, 140.<br \/>\n&#8212;&#8220;Das Haus&#8230; .&#8221; Trans. McClure and Pr\u00fcger. <a href=\"https:\/\/sites.smith.edu\/metamorphoses\/issues\/spring-2008\/\">16:1<\/a>, 142.<br \/>\n&#8212;&#8220;Das Haus, In Dem Ich Gerboren Wurde.&#8221; Trans. McClure and Pr\u00fcger. <a href=\"https:\/\/sites.smith.edu\/metamorphoses\/issues\/spring-2008\/\">16:1<\/a>, 144.<\/p>\n<p class=\"p1\"><span class=\"s1\">Kolmar, Gertrud (German). \u201cFruitless.\u201d Trans. Christiane Marks. <a href=\"https:\/\/sites.smith.edu\/metamorphoses\/spring-2019\/\">27:1<\/a>, 50.<\/span><\/p>\n<p>Komla-Ebri, Kossi. (Italian) &#8220;Selections from\u00a0<em>Ethnocollisions: Daily Embarrassments in Black and White<\/em>.&#8221; Trans. Anna Strowe. <a href=\"https:\/\/sites.smith.edu\/metamorphoses\/issues\/spring-fall-2006\/\">14:1-2<\/a>, 162.<\/p>\n<p style=\"font-weight: 400\">Kosovel, Srecko. (Slovene) &#8220;Alone.&#8221; Trans. Barbara Siegel Carlson and Ana Jelnikar. <a href=\"https:\/\/sites.smith.edu\/metamorphoses\/issues\/spring-2009\/\">17:1<\/a>, 22.<br \/>\n&#8212;&#8220;My Poem.&#8221; Trans. Carlson and Jelnikar. <a href=\"https:\/\/sites.smith.edu\/metamorphoses\/issues\/spring-2009\/\">17:1<\/a>, 22.<br \/>\n&#8212;&#8220;Ecstasy of Death.&#8221; Trans. Carlson and Jelnikar. <a href=\"https:\/\/sites.smith.edu\/metamorphoses\/issues\/spring-2009\/\">17:1<\/a>, 24.<br \/>\n&#8212;&#8220;In Green India.&#8221; Trans. Carlson and Jelnikar. <a href=\"https:\/\/sites.smith.edu\/metamorphoses\/issues\/spring-2009\/\">17:1<\/a>, 26.<br \/>\n&#8212;&#8220;Bread.&#8221; Trans. Carlson and Jelnikar. <a href=\"https:\/\/sites.smith.edu\/metamorphoses\/issues\/spring-2009\/\">17:1<\/a>, 28.<br \/>\n&#8212;&#8220;Rhyme.&#8221; Trans. Carlson and Jelnikar. <a href=\"https:\/\/sites.smith.edu\/metamorphoses\/issues\/spring-2009\/\">17:1<\/a>, 30.<br \/>\n&#8212;&#8220;It&#8217;s Not You.&#8221; Trans. Carlson and Jelnikar. <a href=\"https:\/\/sites.smith.edu\/metamorphoses\/issues\/spring-2009\/\">17:1<\/a>, 30.<br \/>\n&#8212;&#8220;Honorarium.&#8221; Trans. Carlson and Jelnikar. <a href=\"https:\/\/sites.smith.edu\/metamorphoses\/issues\/spring-2009\/\">17:1<\/a>, 32.<br \/>\n&#8212;&#8220;Evening Before Winter.&#8221; Trans. Carlson and Jelnikar. <a href=\"https:\/\/sites.smith.edu\/metamorphoses\/issues\/spring-2009\/\">17:1<\/a>, 34.<br \/>\n&#8212;&#8220;Tragedy on the Ocean.&#8221; Trans. Carlson and Jelnikar. <a href=\"https:\/\/sites.smith.edu\/metamorphoses\/issues\/spring-2009\/\">17:1<\/a>, 34.<br \/>\n&#8212;&#8220;One Word.&#8221; Trans. Carlson and Jelnikar. <a href=\"https:\/\/sites.smith.edu\/metamorphoses\/issues\/spring-2009\/\">17:1<\/a>, 46.<br \/>\n&#8212;&#8220;Sonnet of the New Year.&#8221; Trans. Carlson. <a href=\"https:\/\/sites.smith.edu\/metamorphoses\/issues\/spring-2009\/\">17:1<\/a>, 48.<\/p>\n<p style=\"font-weight: 400\">\u00a0 &#8212;&#8220;Talk at twilight.&#8221; Trans. Carlson and Jelnikar. <a href=\"https:\/\/sites.smith.edu\/metamorphoses\/issues\/spring-2015\/\">23:2<\/a>, 90.<\/p>\n<p style=\"font-weight: 400\">\u00a0 &#8212;&#8220;Swaying in the wind.&#8221; Trans Carlson and Jelnikar. <a href=\"https:\/\/sites.smith.edu\/metamorphoses\/issues\/spring-2015\/\">23:2<\/a>, 90.<\/p>\n<p style=\"font-weight: 400\">\u00a0 &#8212;&#8220;A village.&#8221; Trans. Carlson and Jelnikar. <a href=\"https:\/\/sites.smith.edu\/metamorphoses\/issues\/spring-2015\/\">23:2<\/a>, 90.<\/p>\n<p style=\"font-weight: 400\">\u00a0 &#8212;&#8220;A suburb in the snow.&#8221; Trans. Carlson and Jelnikar, <a href=\"https:\/\/sites.smith.edu\/metamorphoses\/issues\/spring-2015\/\">23:2<\/a>, 94.<\/p>\n<p style=\"font-weight: 400\">Kousbroek, Rudy. (Dutch) \u201cThe Pettability Quotient.\u201d Trans. Margie Franzen. <a href=\"https:\/\/sites.smith.edu\/metamorphoses\/issues\/fall-2017\/\">25:2<\/a>, 213.<strong><br \/>\n<\/strong>\u00a0\u00a0&#8212;\u201cThe Contract.\u201d Trans. Franzen. <a href=\"https:\/\/sites.smith.edu\/metamorphoses\/issues\/fall-2017\/\">25:2<\/a>, 215.<strong><br \/>\n<\/strong><\/p>\n<p style=\"font-weight: 400\">Kramberger, Taja. (Slovene) &#8220;Landscape.&#8221; Trans. Barbara Siegel Carlson and Ana Jelnikar. <a href=\"https:\/\/sites.smith.edu\/metamorphoses\/issues\/spring-2008\/\">16:1<\/a>, 104.<\/p>\n<p>Kreps, Michael. (Russian) &#8220;The Bathers.&#8221; Trans. Jane Dobrowolska Crouch. <a href=\"https:\/\/sites.smith.edu\/metamorphoses\/issues\/december-1994\/\">3:1<\/a>, 97.<br \/>\n&#8212;&#8220;The Day of the Butterflies&#8217; Return.&#8221; Trans. Crouch. <a href=\"https:\/\/sites.smith.edu\/metamorphoses\/issues\/december-1994\/\">3:1<\/a>, 97.<br \/>\n&#8212;&#8220;Lark on Barbed Wire.&#8221; Trans. Crouch. <a href=\"https:\/\/sites.smith.edu\/metamorphoses\/issues\/december-1994\/\">3:1<\/a>, 102.<\/p>\n<p>Krivulin, Viktor. (Russian) &#8220;The Mountaineer.&#8221; Trans. Ron and Maria Nemcov\u00e1 Banerjee. <a href=\"https:\/\/sites.smith.edu\/metamorphoses\/issues\/summer-1999\/\">7:2<\/a>, 150.<br \/>\n&#8212;&#8220;A Poet&#8217;s Fate.&#8221; Trans. R. and M. Banerjee. <a href=\"https:\/\/sites.smith.edu\/metamorphoses\/issues\/summer-1999\/\">7:2<\/a>, 150.<br \/>\n&#8212;&#8220;Verse Follows Verse.&#8221; Trans. R. and M. Banerjee. <a href=\"https:\/\/sites.smith.edu\/metamorphoses\/issues\/summer-1999\/\">7:2<\/a>, 152.<\/p>\n<p style=\"font-weight: 400\">Krym, Anatoliy. (Russian) &#8220;Liovushka.&#8221; Trans. Anatole Bilenko. <a href=\"https:\/\/sites.smith.edu\/metamorphoses\/issues\/fall-2013\/\">21:2<\/a>, 195.<\/p>\n<p>Krynicki, Ryszard. (Polish) &#8220;As Always Different.&#8221; Trans. Clare Cavanagh. <a href=\"https:\/\/sites.smith.edu\/metamorphoses\/issues\/summer-1999\/\">7:2<\/a>, 96.<br \/>\n&#8212;&#8220;I Just Have To Imagine Doors.&#8221; Trans. Cavanagh. <a href=\"https:\/\/sites.smith.edu\/metamorphoses\/issues\/summer-1999\/\">7:2<\/a>, 96.<\/p>\n<p>Kunert, G\u00fcnter. (German) &#8220;Viewing.&#8221; Trans. Gerald Chapple. <a href=\"https:\/\/sites.smith.edu\/metamorphoses\/issues\/spring-2005\/\">13:1<\/a>, 98.<br \/>\n&#8212;&#8220;Definition.&#8221; Trans. Chapple. <a href=\"https:\/\/sites.smith.edu\/metamorphoses\/issues\/spring-2005\/\">13:1<\/a>, 100.<br \/>\n&#8212;&#8220;Sign.&#8221; Trans. Chapple. <a href=\"https:\/\/sites.smith.edu\/metamorphoses\/issues\/spring-2005\/\">13:1<\/a>, 102.<br \/>\n&#8212;&#8220;Remembering III.&#8221; Trans. Chapple. <a href=\"https:\/\/sites.smith.edu\/metamorphoses\/issues\/spring-2005\/\">13:1<\/a>, 104.<br \/>\n&#8212;&#8220;My Contribution to Balkan History.&#8221; Trans. Chapple. <a href=\"https:\/\/sites.smith.edu\/metamorphoses\/issues\/spring-2005\/\">13:1<\/a>, 106.<\/p>\n<p>Kurtovitch, Nicolas. (French) &#8220;With Mask.&#8221; Trans. Yzabella Martineau. <a href=\"https:\/\/sites.smith.edu\/metamorphoses\/issues\/spring-2003\/\">11:1<\/a>, 101.<br \/>\n&#8212;&#8220;The Man in the Forest.&#8221; Trans. Martineau. <a href=\"https:\/\/sites.smith.edu\/metamorphoses\/issues\/spring-2003\/\">11:1<\/a>, 114.<br \/>\n&#8212;&#8220;Poem for the Fourth of July.&#8221; Trans. Martineau. <a href=\"https:\/\/sites.smith.edu\/metamorphoses\/issues\/spring-2003\/\">11:1<\/a>, 118.<\/p>\n<p class=\"p1\"><span class=\"s1\">Kuruvilla, Gabriella (Italian). \u2018The Other Woman and Me.\u201d Trans. Victoria Offredi Poletto, Giovanna Bellesia Contuzzi. <a href=\"https:\/\/sites.smith.edu\/metamorphoses\/spring-2019\/\">27:1<\/a>, 121.<\/span><\/p>\n<p style=\"font-weight: 400\">Kushner, Alesandr. (Russian) &#8220;An Evening in Honor of Joseph Brodsky.&#8221; Trans. Mina Nedialkova. <a href=\"https:\/\/sites.smith.edu\/metamorphoses\/issues\/december-1996\/\">5:1<\/a>, 28.<br \/>\n&#8212;&#8220;[Whether or not I believe in a god].&#8221; Trans. Ron and Maria Nemcov\u00e1 Banerjee. <a href=\"https:\/\/sites.smith.edu\/metamorphoses\/issues\/summer-1999\/\">7:2<\/a>, 140.<br \/>\n&#8212;&#8220;[How we struggle with our clothes, all intent].&#8221; Trans. R. and M. Banerjee. <a href=\"https:\/\/sites.smith.edu\/metamorphoses\/issues\/summer-1999\/\">7:2<\/a>, 142.<br \/>\n&#8212;&#8220;[On a winter night, in the villa in Italy ].&#8221; Trans. R. and M. Banerjee. <a href=\"https:\/\/sites.smith.edu\/metamorphoses\/issues\/summer-1999\/\">7:2<\/a>, 144.<br \/>\n&#8212;&#8220;[Seeing that cottage where you and I had stayed].&#8221; Trans. R. and M. Banerjee. <a href=\"https:\/\/sites.smith.edu\/metamorphoses\/issues\/summer-1999\/\">7:2<\/a>, 146.<br \/>\n&#8212;&#8220;[Genius must inspire awe].&#8221; Trans. Nina Korotkova. <a href=\"https:\/\/sites.smith.edu\/metamorphoses\/issues\/summer-1999\/\">7:2<\/a>, 148.<\/p>\n","protected":false},"excerpt":{"rendered":"<p>Kafka, Franz. (German) &#8220;A Message from the Emperor.&#8221; Trans. James Gibbs. 6:2, 50. &#8212;&#8220;A Fratricide.&#8221; Trans. Gibbs. 6:2, 51. Kamanda, Kama. (French) &#8220;The Paddles of Fate.&#8221; Trans. Lauren Yoder. 11:1, 34. Kameric, Melina. (Bosnian) &#8220;Red Lace Lingerie.&#8221; Trans. Fatima Mujcinovic. 23:1, 16. \u00a0 &#8212;&#8220;Shoes for the Oscars.&#8221; Trans. Fatima Mujcinovic. 23:1, 19. \u00a0\u00a0&#8212;&#8220;Made in Yugoslavia.&#8221; [&hellip;]<\/p>\n","protected":false},"author":1791,"featured_media":0,"parent":359,"menu_order":0,"comment_status":"closed","ping_status":"closed","template":"","meta":{"footnotes":""},"orig-auth":[],"auth-translator":[],"class_list":["post-381","page","type-page","status-publish","hentry"],"_links":{"self":[{"href":"https:\/\/sites.smith.edu\/metamorphoses\/wp-json\/wp\/v2\/pages\/381","targetHints":{"allow":["GET"]}}],"collection":[{"href":"https:\/\/sites.smith.edu\/metamorphoses\/wp-json\/wp\/v2\/pages"}],"about":[{"href":"https:\/\/sites.smith.edu\/metamorphoses\/wp-json\/wp\/v2\/types\/page"}],"author":[{"embeddable":true,"href":"https:\/\/sites.smith.edu\/metamorphoses\/wp-json\/wp\/v2\/users\/1791"}],"replies":[{"embeddable":true,"href":"https:\/\/sites.smith.edu\/metamorphoses\/wp-json\/wp\/v2\/comments?post=381"}],"version-history":[{"count":5,"href":"https:\/\/sites.smith.edu\/metamorphoses\/wp-json\/wp\/v2\/pages\/381\/revisions"}],"predecessor-version":[{"id":1054,"href":"https:\/\/sites.smith.edu\/metamorphoses\/wp-json\/wp\/v2\/pages\/381\/revisions\/1054"}],"up":[{"embeddable":true,"href":"https:\/\/sites.smith.edu\/metamorphoses\/wp-json\/wp\/v2\/pages\/359"}],"wp:attachment":[{"href":"https:\/\/sites.smith.edu\/metamorphoses\/wp-json\/wp\/v2\/media?parent=381"}],"wp:term":[{"taxonomy":"orig-auth","embeddable":true,"href":"https:\/\/sites.smith.edu\/metamorphoses\/wp-json\/wp\/v2\/orig-auth?post=381"},{"taxonomy":"auth-translator","embeddable":true,"href":"https:\/\/sites.smith.edu\/metamorphoses\/wp-json\/wp\/v2\/auth-translator?post=381"}],"curies":[{"name":"wp","href":"https:\/\/api.w.org\/{rel}","templated":true}]}}