{"id":417,"date":"2019-04-14T22:48:19","date_gmt":"2019-04-15T02:48:19","guid":{"rendered":"https:\/\/sites.smith.edu\/metamorphoses\/?page_id=417"},"modified":"2019-08-08T09:57:58","modified_gmt":"2019-08-08T13:57:58","slug":"itc-a","status":"publish","type":"page","link":"https:\/\/sites.smith.edu\/metamorphoses\/indexes\/itc-a\/","title":{"rendered":"ITC A"},"content":{"rendered":"<p>Abderrazzaq du Souhad Zendah, Mohammad. (Arabic) Qadi&#8217;Iyad, &#8220;A book.&#8221; <a href=\"https:\/\/sites.smith.edu\/metamorphoses\/issues\/spring-fall-2007\/\">15.1-2<\/a>, 28.<br \/>\n&#8212;(Arabic) Qadi&#8217;Iyad, &#8220;O Seeker of Knowledge.&#8221; <a href=\"https:\/\/sites.smith.edu\/metamorphoses\/issues\/spring-fall-2007\/\">15.1-2<\/a>, 30.<br \/>\n&#8212;(Arabic) Qadi&#8217;Iyad, &#8220;Repentance.&#8221; <a href=\"https:\/\/sites.smith.edu\/metamorphoses\/issues\/spring-fall-2007\/\">15.1-2<\/a>, 32.<br \/>\n&#8212;(Arabic) Qadi&#8217;Iyad, &#8220;To You I Stretch Forth the Palms of My Hands.&#8221; <a href=\"https:\/\/sites.smith.edu\/metamorphoses\/issues\/spring-fall-2007\/\">15.1-2<\/a>, 34.<br \/>\n&#8212;(Arabic) Qadi&#8217;Iyad, &#8220;Poppy Flowers.&#8221; <a href=\"https:\/\/sites.smith.edu\/metamorphoses\/issues\/spring-fall-2007\/\">15.1-2<\/a>, 36.<\/p>\n<p>Ablamowicz, Halina (with Kevin Christianson). (Polish) Andrzej Bursa, &#8220;Farewell to my Dog.&#8221; <a href=\"https:\/\/sites.smith.edu\/metamorphoses\/issues\/fall-2005\/\">13.2<\/a>, 64.<br \/>\n&#8212;(with Christianson). (Polish) Bursa, &#8220;My Hunt.&#8221; <a href=\"https:\/\/sites.smith.edu\/metamorphoses\/issues\/fall-2005\/\">13.2<\/a>, 66.<\/p>\n<p>Aczel, Tamas. (Hungarian) Aczel, &#8220;Julia,&#8221; &#8220;Palace Hotel.&#8221; <a href=\"https:\/\/sites.smith.edu\/metamorphoses\/issues\/april-1993\/\">1.2<\/a>, 56.<\/p>\n<p>Agosin, Marjorie (with Ilan Stavans). &#8220;A Conversation.&#8221; <a href=\"https:\/\/sites.smith.edu\/metamorphoses\/issues\/december-1996\/\">5.1<\/a>, 85.<br \/>\n&#8212;(Spanish) Agosin, &#8220;The Autumn of the Mothers.&#8221; <a href=\"https:\/\/sites.smith.edu\/metamorphoses\/issues\/december-1997\/\">6.1<\/a>,\u00a036.<\/p>\n<p>Ahmad, Aftab (with Matt Reeck). (Urdu) Saadat Hasan Manto, &#8220;God Save Us From Our Sins.&#8221; <a href=\"https:\/\/sites.smith.edu\/metamorphoses\/issues\/fall-2015\/\">23.2<\/a>, 167.<\/p>\n<p>Aitken, Martin. (Danish) Niels Hav, \u201cSilence.\u201d <a href=\"https:\/\/sites.smith.edu\/metamorphoses\/issues\/spring-2012\/\">20.1<\/a>, 55.<\/p>\n<p>&#8212;(Danish) \u201cAnger.\u201d <a href=\"https:\/\/sites.smith.edu\/metamorphoses\/issues\/spring-2012\/\">20.1<\/a>, 55.<\/p>\n<p>&#8212;(Danish) \u201cThe Institute for the Blind.\u201d <a href=\"https:\/\/sites.smith.edu\/metamorphoses\/issues\/spring-2012\/\">20.1<\/a>, 57.<\/p>\n<p>Akhtarkhavari, Nesreen. (Arabic) Tayseer Al-Sboul, &#8220;The Final Shore.&#8221; <a href=\"https:\/\/sites.smith.edu\/metamorphoses\/issues\/fall-2015\/\">23.2<\/a>, 38<\/p>\n<p>Al-Ali, Kadhim (with Adil Al-Thamiry). (Arabic) Kadhim Al-Hijaj, &#8220;Once Change of Vowel Changes.&#8221; <a href=\"https:\/\/sites.smith.edu\/metamorphoses\/issues\/spring-fall-2007\/\">15.1-2<\/a>, 74.<\/p>\n<p>Alam, Naveed. &#8220;Shah\u00a0Hussein: Translations &amp; Conversations.&#8221; <a href=\"https:\/\/sites.smith.edu\/metamorphoses\/issues\/spring-2015\/\">23.1<\/a>, 44.<\/p>\n<p>&#8212;(Punjabi) Shah Hussein, &#8220;52.&#8221; <a href=\"https:\/\/sites.smith.edu\/metamorphoses\/issues\/spring-2015\/\">23.1<\/a>, 46.<\/p>\n<p>&#8212;(Punjabi) Shah Hussein, &#8220;54.&#8221; <a href=\"https:\/\/sites.smith.edu\/metamorphoses\/issues\/spring-2015\/\">23.1<\/a>, 47.<\/p>\n<p>&#8212;(Punjabi) Shah Hussein, &#8220;56.&#8221; <a href=\"https:\/\/sites.smith.edu\/metamorphoses\/issues\/spring-2015\/\">23.1<\/a>, 48.<\/p>\n<p>&#8212;(Punjabi) Shah Hussein, &#8220;69.&#8221; <a href=\"https:\/\/sites.smith.edu\/metamorphoses\/issues\/spring-2015\/\">23.1<\/a>, 49.<\/p>\n<p>&#8212;(Punjabi) Shah Hussein, &#8220;70.&#8221; <a href=\"https:\/\/sites.smith.edu\/metamorphoses\/issues\/spring-2015\/\">23.1<\/a>, 50.<\/p>\n<p>&#8212;&#8220;Conversations with Shah Hussein.&#8221; <a href=\"https:\/\/sites.smith.edu\/metamorphoses\/issues\/spring-2015\/\">23.1<\/a>, 51.<\/p>\n<p>Alhazishvili, Nato (with Lyn Coffin). (Georgian) Dato Barbakadze, &#8220;Poet.&#8221; <a href=\"https:\/\/sites.smith.edu\/metamorphoses\/issues\/fall-2013\/\">21.2<\/a>, 124.<\/p>\n<p>Ali, Agha Shahid. (Urdu) Faiz Ahmed Faiz, poems. <a href=\"https:\/\/sites.smith.edu\/metamorphoses\/issues\/fall-2000\/\">8.2<\/a>, 280.<br \/>\n&#8212;(Hebrew) Yehudit Ben Zvi Heller, poems. <a href=\"https:\/\/sites.smith.edu\/metamorphoses\/issues\/fall-2000\/\">8.2<\/a>, 296.<br \/>\n&#8212;(with the poet). (Hebrew) Heller, poems. <a href=\"https:\/\/sites.smith.edu\/metamorphoses\/issues\/fall-2001\/\">9.2<\/a>, 228.<\/p>\n<p>Alkalay-Gut, Karen. (Hebrew) Margalit Matitiahu, poems. <a href=\"https:\/\/sites.smith.edu\/metamorphoses\/issues\/fall-2001\/\">9.2<\/a>, 220.<\/p>\n<p>Alland, Sonia. (French) Maria Bronsard, &#8220;Glances.&#8221; <a href=\"https:\/\/sites.smith.edu\/metamorphoses\/issues\/fall-2008\/\">16.2<\/a>, 176.<\/p>\n<p>&#8212;(French) Bronsard, &#8220;Camille.&#8221; <a href=\"https:\/\/sites.smith.edu\/metamorphoses\/spring-2019\/\">27.1<\/a>, 142.<br \/>\n&#8212;(French) Salah Al-Hamdani, &#8220;Baghdad.&#8221; <a href=\"https:\/\/sites.smith.edu\/metamorphoses\/issues\/special-arabic-double-issue-2011\/\">19.1-2<\/a>, 155.<br \/>\n&#8212;(French) Al-Hamdani, &#8220;XIITH View: Red Mourning.&#8221; <a href=\"https:\/\/sites.smith.edu\/metamorphoses\/issues\/special-arabic-double-issue-2011\/\">19.1-2<\/a>, 157.<br \/>\n&#8212;(French) Al-Hamdani, &#8220;A Day in Childhood, Intensely.&#8221; <a href=\"https:\/\/sites.smith.edu\/metamorphoses\/issues\/special-arabic-double-issue-2011\/\">19.1-2<\/a>, 159.<br \/>\n&#8212;(French) Al-Hamdani, &#8220;The Beacon of Makeshift Houses.&#8221; <a href=\"https:\/\/sites.smith.edu\/metamorphoses\/issues\/special-arabic-double-issue-2011\/\">19.1-2<\/a>, 158.<br \/>\n&#8212;(French) Al-Hamdani, &#8220;The City of Sand.&#8221; <a href=\"https:\/\/sites.smith.edu\/metamorphoses\/issues\/special-arabic-double-issue-2011\/\">19.1-2<\/a>, 160.<br \/>\n&#8212;(French) Al-Hamdani, &#8220;If One of Us Died?&#8221; <a href=\"https:\/\/sites.smith.edu\/metamorphoses\/issues\/special-arabic-double-issue-2011\/\">19.1-2<\/a>, 162.<br \/>\n&#8212;(French) Al-Hamdani, &#8220;A Homeland.&#8221; <a href=\"https:\/\/sites.smith.edu\/metamorphoses\/issues\/special-arabic-double-issue-2011\/\">19.1-2<\/a>, 165.<br \/>\n&#8212;(French) Al-Hamdani, &#8220;The Necrologist.&#8221; <a href=\"https:\/\/sites.smith.edu\/metamorphoses\/issues\/special-arabic-double-issue-2011\/\">19.1-2<\/a>, 164.<br \/>\n&#8212;(French) Isabelle Lagny, &#8220;Return to Baghdad: Translating with Salah Al-Hamdani, An Iraqi Poet who Writes in Arabic and French&#8221; <a href=\"https:\/\/sites.smith.edu\/metamorphoses\/issues\/special-arabic-double-issue-2011\/\">19.1-2<\/a>, 180.<\/p>\n<p class=\"p1\"><span class=\"s1\">Allaster, John (with Bozhou Men) (Chinese). Shi Zhecun, \u201cMiss de Luxe.\u201d <a href=\"https:\/\/sites.smith.edu\/metamorphoses\/double-issue-2018\/\">26.1<\/a>, 172.<\/span><\/p>\n<p>Al-Masri, Khaled. (Arabic) Zeinab Assaf, &#8220;Funeral Prayer in Absentia.&#8221; <a href=\"https:\/\/sites.smith.edu\/metamorphoses\/issues\/spring-fall-2007\/\">15.1-2<\/a>, 44.<\/p>\n<p>Al-Thamiry, Adil (with Kadhim Al-Ali). (Arabic) Kadhim Al-Hijaj, &#8220;One Change of Vowel Changes.&#8221; <a href=\"https:\/\/sites.smith.edu\/metamorphoses\/issues\/spring-fall-2007\/\">15.1-2<\/a>, 74.<br \/>\n&#8212;(Arabic) Al-Hijaj, &#8220;A Whole World: Short Poems.&#8221; <a href=\"https:\/\/sites.smith.edu\/metamorphoses\/issues\/spring-fall-2007\/\">15.1-2<\/a>, 74.<\/p>\n<p>Altimont, Alan. (Latin) Marbod of Rennes, &#8220;Against Seafaring.&#8221; <a href=\"https:\/\/sites.smith.edu\/metamorphoses\/spring-2019\/\">27.1<\/a>, 110.<\/p>\n<p>&#8212;(Latin) Marbod of Rennes, &#8220;Letter to Samson, Bishop of Winchester.&#8221; <a href=\"https:\/\/sites.smith.edu\/metamorphoses\/spring-2019\/\">27.1<\/a>, 112.<\/p>\n<p>Al-Ziqrid, Amira. (Arabic) Salwa Bakr, &#8220;My Grandma&#8217;s Provisions.&#8221; <a href=\"https:\/\/sites.smith.edu\/metamorphoses\/issues\/special-arabic-double-issue-2011\/\">19.1-2<\/a>, 260.<\/p>\n<p>Ancelet, Barry Jean. &#8220;A Few Cajun Tales.&#8221; <a href=\"https:\/\/sites.smith.edu\/metamorphoses\/issues\/april-1995\/\">3.2<\/a>, 97.<\/p>\n<p>Anchevski, Zoran (with Richard Gaughran). (Macedonian) Blaze Minevski, &#8220;The Balkans for Children.&#8221; <a href=\"https:\/\/sites.smith.edu\/metamorphoses\/issues\/fall-2000\/\">8.2<\/a>, 216.<br \/>\n&#8212;(with Gaughran). (Macedonian) Venko Andonovski, &#8220;Isijan&#8217;s Shadow.&#8221; <a href=\"https:\/\/sites.smith.edu\/metamorphoses\/issues\/fall-2000\/\">8.2<\/a>, 240.<\/p>\n<p>Anderson, Kirk. (French) Franck Pavloff, \u201cBrown Hounding.\u201d <a href=\"https:\/\/sites.smith.edu\/metamorphoses\/issues\/fall-2012\/\">20.1<\/a>, 166.<\/p>\n<p>Anderson, Warren D. (French) Joachim du Bellay, &#8220;Beatus Ille.&#8221; <a href=\"https:\/\/sites.smith.edu\/metamorphoses\/issues\/december-1996\/\">5.1<\/a>, 41.<br \/>\n&#8212;(French) Pierre de Ronsard, poems. <a href=\"https:\/\/sites.smith.edu\/metamorphoses\/issues\/fall-2001\/\">9.2<\/a>, 70.<br \/>\n&#8212;(French) Guillaume Apollinaire, poems. <a href=\"https:\/\/sites.smith.edu\/metamorphoses\/issues\/fall-2001\/\">9.2<\/a>, 72.<br \/>\n&#8212;(and Thalia Pandiri) &#8220;Translation or Transformation?: Charles Baudelaire&#8217;s Enivrez-Vous.&#8221; <a href=\"https:\/\/sites.smith.edu\/metamorphoses\/issues\/fall-2001\/\">9.2<\/a>, 332.<\/p>\n<p>Andonovski, Venko. &#8220;Under the Metonymy Banner: Review of\u00a0<em>The Wolf at the Door <\/em>by Bogomil Gjuzel. <a href=\"https:\/\/sites.smith.edu\/metamorphoses\/issues\/fall-2002\/\">10.2<\/a>, 313.<\/p>\n<p>Andreeva, Elena. (and Mark Woodcock) (Russian) Nikolai Nikolaevich Karazin, &#8220;Camp on the Amu Darya.&#8221; <a href=\"https:\/\/sites.smith.edu\/metamorphoses\/issues\/spring-2010\/\">18.1-2<\/a>, 30, 249.<\/p>\n<p>Anson, John. (French) Paul Val\u00e9ry, &#8220;Disaster.&#8221; <a href=\"https:\/\/sites.smith.edu\/metamorphoses\/issues\/fall-2015\/\">23.2<\/a>, 122.<\/p>\n<p>Apostolaki, Katerina (with Panagopoulou, Stella, Patera, Angelik\u00ed, Mart\u00ednez Rodr\u00edguez, Mar\u00eda Jos\u00e9, Asouti, Varvara, Basakou, Tatiana, Dougali, Timoklia, and Papatheodorou, Afroditi). (Spanish to Modern Greek) X\u00e1nath Caraza, \u201cI. Llueve en el fosforescente verde matutino.\u201d <a href=\"https:\/\/sites.smith.edu\/metamorphoses\/spring-2019\/\">27.1<\/a>, 70.<\/p>\n<p>\u2014(Spanish to Modern Greek) Caraza, \u201cIII. Cazo la luna azul de julio.\u201d\u00a0<a href=\"https:\/\/sites.smith.edu\/metamorphoses\/spring-2019\/\">27.1<\/a>, 72.<\/p>\n<p>\u2014(Spanish to Modern Greek) Caraza, \u201cVI. El viento no quiere soplar.\u201d\u00a0<a href=\"https:\/\/sites.smith.edu\/metamorphoses\/spring-2019\/\">27.1<\/a>, 74.<\/p>\n<p>\u2014(Spanish to Modern Greek) Caraza, \u201cXIII. Lacustre vida soy.\u201d\u00a0<a href=\"https:\/\/sites.smith.edu\/metamorphoses\/spring-2019\/\">27.1<\/a>, 76.<\/p>\n<p>\u2014(Spanish to Modern Greek), Caraza, \u201cXXX. L\u00edquido sentir en esta tarde de invierno.\u201d\u00a0<a href=\"https:\/\/sites.smith.edu\/metamorphoses\/spring-2019\/\">27.1<\/a>, 78.<\/p>\n<p>Appel, Anne Milano. (Italian) Paolo di Stefano, &#8220;Cannibal Dialects.&#8221; <a href=\"https:\/\/sites.smith.edu\/metamorphoses\/issues\/spring-fall-2006\/\">14.1-2<\/a>, 177.<\/p>\n<p>Apter, Ronnie (and Mark Herman). (Catalan) Rosa Leveroni, poems. <a href=\"https:\/\/sites.smith.edu\/metamorphoses\/issues\/december-1996\/\">5.2<\/a>, 104.<br \/>\n&#8212;(with Herman). (Catalan) Francesc Vallverd\u00fa, poems. <a href=\"https:\/\/sites.smith.edu\/metamorphoses\/issues\/december-1996\/\">5.2<\/a>, 154.<\/p>\n<p>&#8212;(with Herman). (German) Henning Ahrens, &#8220;Milk.&#8221; <a href=\"https:\/\/sites.smith.edu\/metamorphoses\/issues\/spring-2015\/\">23.1<\/a>, 132.<\/p>\n<p>&#8212;(with Herman). (German) Henning Ahrens, &#8220;Reins.&#8221; <a href=\"https:\/\/sites.smith.edu\/metamorphoses\/issues\/spring-2015\/\">23.1<\/a>, 132.<\/p>\n<p>&#8212;(with Herman). (German) Henning Ahrens, &#8220;Legends.&#8221; <a href=\"https:\/\/sites.smith.edu\/metamorphoses\/issues\/spring-2015\/\">23.1<\/a>, 134.<\/p>\n<p>&#8212;(with Herman). (German) Henning Ahrens, &#8220;Rain.&#8221; <a href=\"https:\/\/sites.smith.edu\/metamorphoses\/issues\/spring-2015\/\">23.1<\/a>, 136.<\/p>\n<p>&#8212;(with Herman). (German) Henning Ahrens, &#8220;Pub.&#8221; <a href=\"https:\/\/sites.smith.edu\/metamorphoses\/issues\/spring-2015\/\">23.1<\/a>, 136.<\/p>\n<p>Aranda, Luc\u00eda. (Spanish) Mar\u00eda Monasterios, &#8220;Air.&#8221; <a href=\"https:\/\/sites.smith.edu\/metamorphoses\/issues\/spring-2009\/\">17.1<\/a>, 116.<\/p>\n<p>Arndt, Walter. (German) Christian Morgenstern, Four Poems. <a href=\"https:\/\/sites.smith.edu\/metamorphoses\/issues\/december-1993\/\">2.1<\/a>, 56.<br \/>\n&#8212;(German) Heinrich Heine, poems. <a href=\"https:\/\/sites.smith.edu\/metamorphoses\/issues\/april-1995\/\">3.2<\/a>, 140.<br \/>\n&#8212;(German) Johann Wolfgang von Goethe, &#8220;Welcome and Parting.&#8221; <a href=\"https:\/\/sites.smith.edu\/metamorphoses\/issues\/fall-2000\/\">8.2<\/a>, 130.<br \/>\n&#8212;(German) Nikolaus Lenau, &#8220;To Her Afar.&#8221; <a href=\"https:\/\/sites.smith.edu\/metamorphoses\/issues\/fall-2000\/\">8.2<\/a>, 134.<br \/>\n&#8212;(German) Theodor Storm, &#8220;The City.&#8221; <a href=\"https:\/\/sites.smith.edu\/metamorphoses\/issues\/fall-2000\/\">8.2<\/a>, 136.<\/p>\n<p>Asouti, Varvara (with Apostolaki, Katerina, Panagopoulou, Stella, Patera, Angelik\u00ed, Mart\u00ednez Rodr\u00edguez, Mar\u00eda Jos\u00e9, Basakou, Tatiana, Dougali, Timoklia, and Papatheodorou, Afroditi). (Spanish to Modern Greek) X\u00e1nath Caraza, \u201cI. Llueve en el fosforescente verde matutino.\u201d <a href=\"https:\/\/sites.smith.edu\/metamorphoses\/spring-2019\/\">27.1<\/a>, 70.<\/p>\n<p>\u2014(Spanish to Modern Greek) Caraza, \u201cIII. Cazo la luna azul de julio.\u201d\u00a0<a href=\"https:\/\/sites.smith.edu\/metamorphoses\/spring-2019\/\">27.1<\/a>, 72.<\/p>\n<p>\u2014(Spanish to Modern Greek) Caraza, \u201cVI. El viento no quiere soplar.\u201d\u00a0<a href=\"https:\/\/sites.smith.edu\/metamorphoses\/spring-2019\/\">27.1<\/a>, 74.<\/p>\n<p>\u2014(Spanish to Modern Greek) Caraza, \u201cXIII. Lacustre vida soy.\u201d\u00a0<a href=\"https:\/\/sites.smith.edu\/metamorphoses\/spring-2019\/\">27.1<\/a>, 76.<\/p>\n<p>\u2014(Spanish to Modern Greek), Caraza, \u201cXXX. L\u00edquido sentir en esta tarde de invierno.\u201d\u00a0<a href=\"https:\/\/sites.smith.edu\/metamorphoses\/spring-2019\/\">27.1<\/a>, 78.<\/p>\n<p>Assimakopoulos, Jane. (Greek) Ioanna Karystiani, &#8220;Lickety Split&#8221; <a href=\"https:\/\/sites.smith.edu\/metamorphoses\/issues\/fall-2002\/\">10.2<\/a>, 251.<br \/>\n&#8212;(Greek) Sophia Nikolaidou, &#8220;One Blonde, Well Done&#8221; <a href=\"https:\/\/sites.smith.edu\/metamorphoses\/issues\/fall-2002\/\">10.2<\/a>, 261.<br \/>\n&#8212;(Greek) Ersi Sotiropoulou, &#8220;Camelpig&#8221; <a href=\"https:\/\/sites.smith.edu\/metamorphoses\/issues\/fall-2002\/\">10.2<\/a>, 262.<\/p>\n<p>Atxaga, Bernardo. (Basque into Spanish) &#8220;Arcaico Coraz\u00f3n.&#8221; <a href=\"https:\/\/sites.smith.edu\/metamorphoses\/issues\/spring-fall-2004\/\">12.1<\/a>, 45.<br \/>\n&#8212;(Spanish) &#8220;The Death and Life of Words.&#8221; <a href=\"https:\/\/sites.smith.edu\/metamorphoses\/issues\/spring-fall-2004\/\">12.1<\/a>, 58.<br \/>\n&#8212;(Spanish) &#8220;Written in the USA.&#8221; <a href=\"https:\/\/sites.smith.edu\/metamorphoses\/issues\/spring-fall-2004\/\">12.1<\/a>, 62.<br \/>\n&#8212;(English into Basque) Anne Sexton, &#8220;Gau Izartsua (Starry Night).&#8221; <a href=\"https:\/\/sites.smith.edu\/metamorphoses\/issues\/spring-fall-2004\/\">12.1<\/a>, 68.<\/p>\n<p>Aynesworth, Michele McKay. (Spanish) Fernando Sorrentino, &#8220;A Question of Age.&#8221; <a href=\"https:\/\/sites.smith.edu\/metamorphoses\/issues\/fall-2005\/\">13.2<\/a>, 208.<\/p>\n","protected":false},"excerpt":{"rendered":"<p>Abderrazzaq du Souhad Zendah, Mohammad. (Arabic) Qadi&#8217;Iyad, &#8220;A book.&#8221; 15.1-2, 28. &#8212;(Arabic) Qadi&#8217;Iyad, &#8220;O Seeker of Knowledge.&#8221; 15.1-2, 30. &#8212;(Arabic) Qadi&#8217;Iyad, &#8220;Repentance.&#8221; 15.1-2, 32. &#8212;(Arabic) Qadi&#8217;Iyad, &#8220;To You I Stretch Forth the Palms of My Hands.&#8221; 15.1-2, 34. &#8212;(Arabic) Qadi&#8217;Iyad, &#8220;Poppy Flowers.&#8221; 15.1-2, 36. Ablamowicz, Halina (with Kevin Christianson). (Polish) Andrzej Bursa, &#8220;Farewell to my [&hellip;]<\/p>\n","protected":false},"author":1791,"featured_media":0,"parent":359,"menu_order":0,"comment_status":"closed","ping_status":"closed","template":"","meta":{"footnotes":""},"orig-auth":[],"auth-translator":[],"class_list":["post-417","page","type-page","status-publish","hentry"],"_links":{"self":[{"href":"https:\/\/sites.smith.edu\/metamorphoses\/wp-json\/wp\/v2\/pages\/417","targetHints":{"allow":["GET"]}}],"collection":[{"href":"https:\/\/sites.smith.edu\/metamorphoses\/wp-json\/wp\/v2\/pages"}],"about":[{"href":"https:\/\/sites.smith.edu\/metamorphoses\/wp-json\/wp\/v2\/types\/page"}],"author":[{"embeddable":true,"href":"https:\/\/sites.smith.edu\/metamorphoses\/wp-json\/wp\/v2\/users\/1791"}],"replies":[{"embeddable":true,"href":"https:\/\/sites.smith.edu\/metamorphoses\/wp-json\/wp\/v2\/comments?post=417"}],"version-history":[{"count":8,"href":"https:\/\/sites.smith.edu\/metamorphoses\/wp-json\/wp\/v2\/pages\/417\/revisions"}],"predecessor-version":[{"id":1324,"href":"https:\/\/sites.smith.edu\/metamorphoses\/wp-json\/wp\/v2\/pages\/417\/revisions\/1324"}],"up":[{"embeddable":true,"href":"https:\/\/sites.smith.edu\/metamorphoses\/wp-json\/wp\/v2\/pages\/359"}],"wp:attachment":[{"href":"https:\/\/sites.smith.edu\/metamorphoses\/wp-json\/wp\/v2\/media?parent=417"}],"wp:term":[{"taxonomy":"orig-auth","embeddable":true,"href":"https:\/\/sites.smith.edu\/metamorphoses\/wp-json\/wp\/v2\/orig-auth?post=417"},{"taxonomy":"auth-translator","embeddable":true,"href":"https:\/\/sites.smith.edu\/metamorphoses\/wp-json\/wp\/v2\/auth-translator?post=417"}],"curies":[{"name":"wp","href":"https:\/\/api.w.org\/{rel}","templated":true}]}}