{"id":425,"date":"2019-04-14T22:50:17","date_gmt":"2019-04-15T02:50:17","guid":{"rendered":"https:\/\/sites.smith.edu\/metamorphoses\/?page_id=425"},"modified":"2019-07-09T12:53:20","modified_gmt":"2019-07-09T16:53:20","slug":"itc-e","status":"publish","type":"page","link":"https:\/\/sites.smith.edu\/metamorphoses\/indexes\/itc-e\/","title":{"rendered":"ITC E"},"content":{"rendered":"<p style=\"font-weight: 400\">Eaton, Steve. (Italian) Luigi Pirandello, \u201cMale di Luna.\u201d <a href=\"https:\/\/sites.smith.edu\/metamorphoses\/issues\/fall-2017\/\">25:2<\/a>, 179.<strong><br \/>\n<\/strong>\u00a0\u00a0&#8212;(Italian) Pirandello, \u201cRequiem Aeternam Dona Eis, Domine!\u201d <a href=\"https:\/\/sites.smith.edu\/metamorphoses\/issues\/fall-2017\/\">25:2<\/a>, 187.<strong><br \/>\n<\/strong><\/p>\n<p style=\"font-weight: 400\">Edwards, Jennifer Gabrielle. (Spanish) Hernando Tellez, &#8220;Lather and Nothing Else.&#8221; <a href=\"https:\/\/sites.smith.edu\/metamorphoses\/issues\/fall-2002\/\">10:2<\/a>, 188.<br \/>\n&#8212;(Spanish) Julio Paredes, &#8220;Eme.&#8221; <a href=\"https:\/\/sites.smith.edu\/metamorphoses\/issues\/fall-2002\/\">10:2<\/a>, 192.<\/p>\n<p style=\"font-weight: 400\">Eglin, Laura Cesarco. (Portuguese) Maria Alzira Brum Lemos, &#8220;Rhapsody for Body (A Set Theory).&#8221; <a href=\"https:\/\/sites.smith.edu\/metamorphoses\/issues\/brazilian-literature-double-issue-2016\/\">24:1-2<\/a>, 150.<\/p>\n<p style=\"font-weight: 400\">Ehret, Terry (with John Johnson and Nancy Morales). (Spanish) Ulalume Gonz\u00e1lez de Le\u00f3n, &#8220;Semantic Engagements.&#8221; <a href=\"https:\/\/sites.smith.edu\/metamorphoses\/issues\/fall-2015\/\">23:2<\/a>, 84.<br \/>\n&#8212;(with Johnson and Morales). (Spanish) Ulalume Gonz\u00e1lez de Le\u00f3n, &#8220;Word.&#8221; <a href=\"https:\/\/sites.smith.edu\/metamorphoses\/issues\/fall-2015\/\">23:2<\/a>, 84.<\/p>\n<p style=\"font-weight: 400\">Eichel, Andrew. (Old English) Anonymous, Late 10th Century, &#8220;The Wanderer.&#8221; <a href=\"https:\/\/sites.smith.edu\/metamorphoses\/issues\/fall-2013\/\">21:2<\/a>, 128.<\/p>\n<p style=\"font-weight: 400\">Elfyn, Menna. &#8220;Deep Sound of W(h)ales.&#8221; <a href=\"https:\/\/sites.smith.edu\/metamorphoses\/issues\/spring-fall-2004\/\">12:1-2<\/a>, 208.<\/p>\n<p style=\"font-weight: 400\">Elias-Bursa, Ellen. &#8220;Savior, Spy: Thinking About What We Do.&#8221; <a href=\"https:\/\/sites.smith.edu\/metamorphoses\/issues\/april-1993\/\">1:2<\/a>, 22.<\/p>\n<p style=\"font-weight: 400\">El-Kadi, Aileen. &#8220;The Narrative of Failure or Bernardo Ajzenberg&#8217;s Poetics of Negativity.&#8221; <a href=\"https:\/\/sites.smith.edu\/metamorphoses\/issues\/brazilian-literature-double-issue-2016\/\">24:1-2<\/a>, 22.<\/p>\n<p style=\"font-weight: 400\">Elnamoury, Mona. (Arabic) Ahmed Zaghlool Alsheety, &#8220;Three Green\u00a0 Canaries.&#8221; <a href=\"https:\/\/sites.smith.edu\/metamorphoses\/issues\/special-arabic-double-issue-2011\/\">19:1-2<\/a>, 245.<\/p>\n<p style=\"font-weight: 400\">Emmerich, Karen. (Greek) Ersi Sotriopoulos, &#8220;The Woman.&#8221; <a href=\"https:\/\/sites.smith.edu\/metamorphoses\/issues\/fall-2008\/\">16:2<\/a>, 16.<br \/>\n&#8212;&#8220;Review:\u00a0<em>The Beauty of a Greek.<\/em>&#8221; Poems by Nikos Engonopoulos. <a href=\"https:\/\/sites.smith.edu\/metamorphoses\/issues\/spring-2010\/\">18:1<\/a>, 202.<\/p>\n<p style=\"font-weight: 400\">Enr\u00edquez-Mej\u00eda, Rafaela. (Spanish into Nahuatl) X\u00e1nath Caraza, &#8220;Mujer.&#8221; <a href=\"https:\/\/sites.smith.edu\/metamorphoses\/issues\/fall-2012\/\">20:2<\/a>, 114.<\/p>\n<p style=\"font-weight: 400\">Entrekin, Alison. (Portuguese) Luiz Ruffato, &#8220;Scars &#8211; A Football Story.&#8221; <a href=\"https:\/\/sites.smith.edu\/metamorphoses\/issues\/brazilian-literature-double-issue-2016\/\">24:1-2<\/a>, 262.<\/p>\n<p style=\"font-weight: 400\">Erskine, Tessa. (Spanish) Luis Pulido Ritter, &#8220;An Illegal&#8217;s Fantasy with the Butcher on the Corner.&#8221; <a href=\"https:\/\/sites.smith.edu\/metamorphoses\/issues\/spring-2015\/\">23:1<\/a>, 34.<\/p>\n<p style=\"font-weight: 400\">Escoffery, David. &#8220;On the Advantages of Being Trapped In-Between: Translating Pirandello&#8217;s <em>Sei personaggi in cerca d&#8217;autore<\/em>.&#8221; <a href=\"https:\/\/sites.smith.edu\/metamorphoses\/issues\/spring-2001\/\">9:1<\/a>, 165.<\/p>\n<p style=\"font-weight: 400\">Esposito, Claudia. &#8220;Of Monuments and Documents.&#8221; <a href=\"https:\/\/sites.smith.edu\/metamorphoses\/issues\/spring-fall-2006\/\">14:1-2<\/a>, 302.<\/p>\n<p style=\"font-weight: 400\">Evans-Corrales, Carys. (Galego) \u00c1lvaro Cunqueiro, &#8220;Eu son Danae (I am Danae).&#8221; <a href=\"https:\/\/sites.smith.edu\/metamorphoses\/issues\/galician-poetry-double-issue-2014\/\">22:1-2<\/a>, 36.<\/p>\n<p style=\"font-weight: 400\">\u00a0 &#8212;(Galego) Xohana Torres, &#8220;Eramos navegantes das illas (We were Explorers&#8230;).&#8221; <a href=\"https:\/\/sites.smith.edu\/metamorphoses\/issues\/galician-poetry-double-issue-2014\/\">22:1-2<\/a>, 44.<\/p>\n<p style=\"font-weight: 400\">\u00a0 &#8212;(Galego) Xohana Torres, &#8220;Ophelia II.&#8221; <a href=\"https:\/\/sites.smith.edu\/metamorphoses\/issues\/galician-poetry-double-issue-2014\/\">22:1-2<\/a>, 49.<\/p>\n<p style=\"font-weight: 400\">\u00a0 &#8212;(Galego) Bernardino Gra\u00f1a, &#8220;En Padr\u00f3n os alumnos do Instituto (The Pupils at Padron High School.&#8221; <a href=\"https:\/\/sites.smith.edu\/metamorphoses\/issues\/galician-poetry-double-issue-2014\/\">22:1-2<\/a>, 52.<\/p>\n<p style=\"font-weight: 400\">\u00a0 &#8212;(with Marta Dahlgren). (Galego) Salvador Garc\u00eda-Boda\u00f1o, &#8220;Those mornings when there was music II.&#8221; <a href=\"https:\/\/sites.smith.edu\/metamorphoses\/issues\/galician-poetry-double-issue-2014\/\">22:1-2<\/a>, 57.<\/p>\n<p style=\"font-weight: 400\">\u00a0 &#8212;(Galego) Salvador Garc\u00eda-Boda\u00f1o, &#8220;Metamorphose (Metamorphosis).&#8221; <a href=\"https:\/\/sites.smith.edu\/metamorphoses\/issues\/galician-poetry-double-issue-2014\/\">22:1-2<\/a>, 58.<\/p>\n<p style=\"font-weight: 400\">\u00a0 &#8212;(Galego) Xos\u00e9 Lu\u00eds M\u00e9ndez Ferr\u00edn, &#8220;Agora \u00e9 o intro do regreso (Now is the Time to Return.&#8221; <a href=\"https:\/\/sites.smith.edu\/metamorphoses\/issues\/galician-poetry-double-issue-2014\/\">22:1-2<\/a>. 60.<\/p>\n<p style=\"font-weight: 400\">\u00a0 &#8212;(Galego) Marilar Aleixandre, &#8220;Circe a Ulises (Circe to Ulysses).&#8221; <a href=\"https:\/\/sites.smith.edu\/metamorphoses\/issues\/galician-poetry-double-issue-2014\/\">22:1-2<\/a>, 64.<\/p>\n<p style=\"font-weight: 400\">\u00a0 &#8212;(Galego) Alfonso Pexegueiro, &#8220;A Muller Das Garzas (The Heron Woman).&#8221; <a href=\"https:\/\/sites.smith.edu\/metamorphoses\/issues\/galician-poetry-double-issue-2014\/\">22:1-2<\/a>, 66.<\/p>\n<p style=\"font-weight: 400\">\u00a0 &#8212;(Galego) Alfonso Pexegueiro, &#8220;Patria (Homeland).&#8221; <a href=\"https:\/\/sites.smith.edu\/metamorphoses\/issues\/galician-poetry-double-issue-2014\/\">22:1-2<\/a>, 66.<\/p>\n<p style=\"font-weight: 400\">\u00a0 &#8212;(Galego) Chus Pato, &#8220;O \u00fanico rito que co\u00f1ezo (The Only Rite I Know).&#8221; <a href=\"https:\/\/sites.smith.edu\/metamorphoses\/issues\/galician-poetry-double-issue-2014\/\">22:1-2<\/a>, 70.<\/p>\n<p style=\"font-weight: 400\">\u00a0 &#8212;(Galego) Pilar Pallar\u00e9s, &#8220;I Am the Seated Scribe.&#8221; <a href=\"https:\/\/sites.smith.edu\/metamorphoses\/issues\/galician-poetry-double-issue-2014\/\">22:1-2<\/a>, 77.<\/p>\n<p style=\"font-weight: 400\">\u00a0 &#8212;(Galego) Pilar Pallar\u00e9s, &#8220;Falamos nunha lingua desvairada (We Speak in Incoherencies).&#8221; <a href=\"https:\/\/sites.smith.edu\/metamorphoses\/issues\/galician-poetry-double-issue-2014\/\">22:1-2<\/a>, 78.<\/p>\n<p style=\"font-weight: 400\">\u00a0 &#8212;(Galego) Miguel Anxo Fern\u00e1n Vello, &#8220;Paciencia (Patience).&#8221; <a href=\"https:\/\/sites.smith.edu\/metamorphoses\/issues\/galician-poetry-double-issue-2014\/\">22:1-2<\/a>, 82.<\/p>\n<p style=\"font-weight: 400\">\u00a0 &#8212;(Galego) Manuel Forcadela, &#8220;L&#8217;eclair.&#8221; <a href=\"https:\/\/sites.smith.edu\/metamorphoses\/issues\/galician-poetry-double-issue-2014\/\">22:1-2<\/a>, 84.<\/p>\n<p style=\"font-weight: 400\">\u00a0 &#8212;(Galego) Manuel Forcadela, &#8220;Maestro.&#8221; <a href=\"https:\/\/sites.smith.edu\/metamorphoses\/issues\/galician-poetry-double-issue-2014\/\">22:1-2<\/a>, 84.<\/p>\n<p style=\"font-weight: 400\">\u00a0 &#8212;(Galego) Lois Pereiro, &#8220;Edinburgh, Edinburgh.&#8221; <a href=\"https:\/\/sites.smith.edu\/metamorphoses\/issues\/galician-poetry-double-issue-2014\/\">22:1-2<\/a>, 88.<\/p>\n<p style=\"font-weight: 400\">\u00a0 &#8212;(Galego) Lois Pereiro, &#8220;Otro poema de amor (Another Love Poem).&#8221; <a href=\"https:\/\/sites.smith.edu\/metamorphoses\/issues\/galician-poetry-double-issue-2014\/\">22:1-2<\/a>, 88.<\/p>\n<p style=\"font-weight: 400\">\u00a0 &#8212;(Galego) Xela Arias, &#8220;Mon\u00f3logo adicto (Addicted Monologue).&#8221; <a href=\"https:\/\/sites.smith.edu\/metamorphoses\/issues\/galician-poetry-double-issue-2014\/\">22:1-2<\/a>, 92.<\/p>\n<p style=\"font-weight: 400\">\u00a0 &#8212;(Galego) Ana Roman\u00ed, &#8220;Cami\u00f1an descalzas (They Walk Barefoot).&#8221; <a href=\"https:\/\/sites.smith.edu\/metamorphoses\/issues\/galician-poetry-double-issue-2014\/\">22:1-2<\/a>, 96.<\/p>\n<p style=\"font-weight: 400\">\u00a0 &#8212;(Galego) Ana Roman\u00ed, &#8220;E se fago da varanda&#8230; (And if I Make of This Season&#8230;).&#8221; <a href=\"https:\/\/sites.smith.edu\/metamorphoses\/issues\/galician-poetry-double-issue-2014\/\">22:1-2<\/a>, 96.<\/p>\n<p style=\"font-weight: 400\">\u00a0 &#8212;(Galego) Fran Alonso, &#8220;Terrae.&#8221; <a href=\"https:\/\/sites.smith.edu\/metamorphoses\/issues\/galician-poetry-double-issue-2014\/\">22:1-2<\/a>, 100.<\/p>\n<p style=\"font-weight: 400\">\u00a0 &#8212;(Galego) Marta Dacosta, &#8220;Houbo un medo azul (There Was a Blue Dread).&#8221; <a href=\"https:\/\/sites.smith.edu\/metamorphoses\/issues\/galician-poetry-double-issue-2014\/\">22:1-2<\/a>, 102.<\/p>\n<p style=\"font-weight: 400\">\u00a0 &#8212;(Galego) Marta Dacosta, &#8220;Como Ofelia (Like Ophelia).&#8221; <a href=\"https:\/\/sites.smith.edu\/metamorphoses\/issues\/galician-poetry-double-issue-2014\/\">22:1-2<\/a>, 102.<\/p>\n<p style=\"font-weight: 400\">\u00a0 &#8212;(Galego) Lupe G\u00f3mez, &#8220;Monecas Nansi louras (Blonde Nancy Dolls).&#8221; <a href=\"https:\/\/sites.smith.edu\/metamorphoses\/issues\/galician-poetry-double-issue-2014\/\">22:1-2<\/a>, 104.<\/p>\n<p style=\"font-weight: 400\">\u00a0 &#8212;(Galego) Lupe G\u00f3mez, &#8220;O amor (Love).&#8221; <a href=\"https:\/\/sites.smith.edu\/metamorphoses\/issues\/galician-poetry-double-issue-2014\/\">22:1-2<\/a>, 104.<\/p>\n<p style=\"font-weight: 400\">\u00a0 &#8212;(Galego) G\u00f3mez, &#8220;Definici\u00f3n (Definition).&#8221; <a href=\"https:\/\/sites.smith.edu\/metamorphoses\/issues\/galician-poetry-double-issue-2014\/\">22:1-2<\/a>, 104.<\/p>\n<p style=\"font-weight: 400\">\u00a0 &#8212;(Galego) Estabaliz Espinosa, &#8220;Comer\u00c3\u00ada a t\u00c3\u00baa alma (I Would Eat Your Soul).&#8221; <a href=\"https:\/\/sites.smith.edu\/metamorphoses\/issues\/galician-poetry-double-issue-2014\/\">22:1-2<\/a>, 106.<\/p>\n<p style=\"font-weight: 400\">\u00a0 &#8212;(Galego) Estabaliz Espinosa, &#8220;Sobrenatural (Supernatural).&#8221; <a href=\"https:\/\/sites.smith.edu\/metamorphoses\/issues\/galician-poetry-double-issue-2014\/\">22:1-2<\/a>, 106.<\/p>\n<p style=\"font-weight: 400\">\u00a0 &#8212;(Galego) Olga Novo, &#8220;Dolorido un campo de algod\u00f3n ou tabaco (Pain-wracked a Field of Cotton or Tobacco).&#8221; <a href=\"https:\/\/sites.smith.edu\/metamorphoses\/issues\/galician-poetry-double-issue-2014\/\">22:1-2<\/a>, 112.<\/p>\n<p style=\"font-weight: 400\">\u00a0 &#8212;(Galego) Mar\u00c3\u00ada Do Cebreiro, &#8220;O que n\u00f3s sentimos.. (What We Feel&#8230;).&#8221; <a href=\"https:\/\/sites.smith.edu\/metamorphoses\/issues\/galician-poetry-double-issue-2014\/\">22:1-2<\/a>, 116.<\/p>\n<p style=\"font-weight: 400\">\u00a0 &#8212;(Galego) Emma Pedreira, &#8220;Libro da selva. Conto da Selva (Versi\u00f3n 2.0.) (Jungle Book. Jungle Story).&#8221; <a href=\"https:\/\/sites.smith.edu\/metamorphoses\/issues\/galician-poetry-double-issue-2014\/\">22:1-2<\/a>, 118.<\/p>\n<p style=\"font-weight: 400\">\u00a0 &#8212;(Galego) Mar\u00eda Lado, &#8220;Laranxa mandarina (Mandarin Oranges).&#8221; <a href=\"https:\/\/sites.smith.edu\/metamorphoses\/issues\/galician-poetry-double-issue-2014\/\">22:1-2<\/a>, 122.<\/p>\n<p style=\"font-weight: 400\">\u00a0 &#8212;(with Marta Dahlgren). (Galego) Mar\u00eda Lado, &#8220;Paxaros e maceiras (Birds and Apple-Trees).&#8221; <a href=\"https:\/\/sites.smith.edu\/metamorphoses\/issues\/galician-poetry-double-issue-2014\/\">22:1-2<\/a>, 122.<\/p>\n<p style=\"font-weight: 400\">\u00a0 &#8212;(Galego) Mario Regueira, &#8220;o silencio (Retardo) (Silence Deferred).&#8221; <a href=\"https:\/\/sites.smith.edu\/metamorphoses\/issues\/galician-poetry-double-issue-2014\/\">22:1-2<\/a>, 126.<\/p>\n<p style=\"font-weight: 400\">\u00a0\u00a0&#8212;(Galego) Xiana Arias, &#8220;Repite (Repeat).&#8221; <a href=\"https:\/\/sites.smith.edu\/metamorphoses\/issues\/galician-poetry-double-issue-2014\/\">22:1-2<\/a>, 128.<\/p>\n","protected":false},"excerpt":{"rendered":"<p>Eaton, Steve. (Italian) Luigi Pirandello, \u201cMale di Luna.\u201d 25:2, 179. \u00a0\u00a0&#8212;(Italian) Pirandello, \u201cRequiem Aeternam Dona Eis, Domine!\u201d 25:2, 187. Edwards, Jennifer Gabrielle. (Spanish) Hernando Tellez, &#8220;Lather and Nothing Else.&#8221; 10:2, 188. &#8212;(Spanish) Julio Paredes, &#8220;Eme.&#8221; 10:2, 192. Eglin, Laura Cesarco. (Portuguese) Maria Alzira Brum Lemos, &#8220;Rhapsody for Body (A Set Theory).&#8221; 24:1-2, 150. Ehret, Terry [&hellip;]<\/p>\n","protected":false},"author":1791,"featured_media":0,"parent":359,"menu_order":0,"comment_status":"closed","ping_status":"closed","template":"","meta":{"footnotes":""},"orig-auth":[],"auth-translator":[],"class_list":["post-425","page","type-page","status-publish","hentry"],"_links":{"self":[{"href":"https:\/\/sites.smith.edu\/metamorphoses\/wp-json\/wp\/v2\/pages\/425","targetHints":{"allow":["GET"]}}],"collection":[{"href":"https:\/\/sites.smith.edu\/metamorphoses\/wp-json\/wp\/v2\/pages"}],"about":[{"href":"https:\/\/sites.smith.edu\/metamorphoses\/wp-json\/wp\/v2\/types\/page"}],"author":[{"embeddable":true,"href":"https:\/\/sites.smith.edu\/metamorphoses\/wp-json\/wp\/v2\/users\/1791"}],"replies":[{"embeddable":true,"href":"https:\/\/sites.smith.edu\/metamorphoses\/wp-json\/wp\/v2\/comments?post=425"}],"version-history":[{"count":3,"href":"https:\/\/sites.smith.edu\/metamorphoses\/wp-json\/wp\/v2\/pages\/425\/revisions"}],"predecessor-version":[{"id":1081,"href":"https:\/\/sites.smith.edu\/metamorphoses\/wp-json\/wp\/v2\/pages\/425\/revisions\/1081"}],"up":[{"embeddable":true,"href":"https:\/\/sites.smith.edu\/metamorphoses\/wp-json\/wp\/v2\/pages\/359"}],"wp:attachment":[{"href":"https:\/\/sites.smith.edu\/metamorphoses\/wp-json\/wp\/v2\/media?parent=425"}],"wp:term":[{"taxonomy":"orig-auth","embeddable":true,"href":"https:\/\/sites.smith.edu\/metamorphoses\/wp-json\/wp\/v2\/orig-auth?post=425"},{"taxonomy":"auth-translator","embeddable":true,"href":"https:\/\/sites.smith.edu\/metamorphoses\/wp-json\/wp\/v2\/auth-translator?post=425"}],"curies":[{"name":"wp","href":"https:\/\/api.w.org\/{rel}","templated":true}]}}