{"id":451,"date":"2019-04-14T22:56:19","date_gmt":"2019-04-15T02:56:19","guid":{"rendered":"https:\/\/sites.smith.edu\/metamorphoses\/?page_id=451"},"modified":"2019-06-12T12:08:48","modified_gmt":"2019-06-12T16:08:48","slug":"itc-r","status":"publish","type":"page","link":"https:\/\/sites.smith.edu\/metamorphoses\/indexes\/itc-r\/","title":{"rendered":"ITC R"},"content":{"rendered":"<p style=\"font-weight: 400\">Rabalais, Nathan. &#8220;Review: Beverly Matherne,\u00a0<em>Bayou Des Acadiens \u00a0\u00a0\u00a0\u00a0\u00a0\u00a0\u00a0(Blind River)<\/em>.&#8221; 25.1, 192.<\/p>\n<p style=\"font-weight: 400\">Racz, G.J. (Spanish) Eduardo Chirinos, &#8220;Poet&#8217;s Wood,&#8221; from\u00a0<em>Escrito En Missoula<\/em>. 16:2, 84.<br \/>\n&#8212;(Spanish) Chirinos, &#8220;The House of the Lord.&#8221; 16:2, 86.<br \/>\n&#8212;(Spanish) Chirinos, &#8220;Bears.&#8221; 16:2, 86.<br \/>\n&#8212;(Spanish) Chirinos, &#8220;Poem for my Uncle Janus.&#8221; 16:2, 88.<br \/>\n&#8212;(Spanish) Chirinos, &#8220;On an Old Poem by Li Po.&#8221; 16:2, 90.<br \/>\n&#8212;(Spanish) Chirinos, &#8220;The Day the Trees Died.&#8221; 16:2, 92.<br \/>\n&#8212;(Spanish) Chirinos, &#8220;Saturday at the Zoo.&#8221; 16:2, 94.<br \/>\n&#8212;(Spanish) Manuel Gonz\u00e1lez Prada, &#8220;The Bible.&#8221; 18:1, 98.<br \/>\n&#8212;(Spanish) Gonz\u00e1lez Prada, &#8220;The Holy Fathers.&#8221; 18:1, 98.<br \/>\n&#8212;(Spanish) Gonz\u00e1lez Prada, &#8220;Saint Thomas Aquinas.&#8221; 18:1, 98.<br \/>\n&#8212;(Spanish) Gonz\u00e1lez Prada, &#8220;Antonio C\u00e1novas Del Castillo.&#8221; 18:1, 100.<br \/>\n&#8212;(Spanish) Gonz\u00e1lez Prada, &#8220;Jacques B\u00e9nigne Bossuet.&#8221; 18:1, 100.<br \/>\n&#8212;(Spanish) Gonz\u00e1lez Prada, &#8220;Denis Diderot.&#8221; 18:1, 100.<br \/>\n&#8212;(Spanish) Gonz\u00e1lez Prada, &#8220;Antonio Fern\u00e1ndez Grilo.&#8221; 18:1, 102.<br \/>\n&#8212;(Spanish) Gonz\u00e1lez Prada, &#8220;Jos\u00e9 Nakens.&#8221; 18:1, 102.<br \/>\n&#8212;(Spanish) Gonz\u00e1lez Prada, &#8220;Otto Von Bismarck.&#8221; 18:1, 102.<br \/>\n&#8212;(Spanish) Gonz\u00e1lez Prada, &#8220;Virgil.&#8221; 18:1, 104.<br \/>\n&#8212;(Spanish) Gonz\u00e1lez Prada, &#8220;Johann Wolfgang Goethe.&#8221; 18:1,104.<br \/>\n&#8212;(Spanish) Gonz\u00e1lez Prada, &#8220;Charles Baudelaire.&#8221; 18:1, 104.<br \/>\n&#8212;(Spanish) Gonz\u00e1lez Prada, &#8220;Paul Verlaine.&#8221; 18:1, 106.<br \/>\n&#8212;(Spanish) F\u00e9lix Mar\u00eda Samaniego, &#8220;The Fables of F\u00e9lix Mar\u00eda \u00a0\u00a0\u00a0\u00a0\u00a0\u00a0\u00a0Samaniego.&#8221; 21:2, 20.<\/p>\n<p style=\"font-weight: 400\">\u00a0\u00a0&#8212;\u201cReview:\u00a0<em>Poetry &amp; Translation: The Art of the Impossible<\/em>. Peter Robinson.\u201d 20:1, 329.<\/p>\n<p style=\"font-weight: 400\">\u00a0\u00a0&#8212;(Spanish) Juan Del Valle\u00a0Y Caveides, &#8220;Punctuated Verses.&#8221; 23:1, 110.<\/p>\n<p style=\"font-weight: 400\">\u00a0\u00a0&#8212;(Spanish) Garcilaso De La Vega, &#8220;Letter to Bosc\u00e1n.&#8221; 23:1, 112.<\/p>\n<p><br style=\"font-weight: 400\" \/><span style=\"font-weight: 400\">Raleigh, Tegan. (French) Leila Sebbar, &#8220;The Girl with a Red Sweater in Babel.&#8221; 11:1, 78.<\/span><\/p>\n<p style=\"font-weight: 400\">Ramaswamy, V. (Bengali) Samran Huda, &#8220;Ever Shadowing Me.&#8221; 17:1, 260.<\/p>\n<p style=\"font-weight: 400\">Ramey, Peter. (Old English) Anonymous, \u201cBeowulf: The Prologue and the First Two Fitts.\u201d 25.2, 54.<strong><br \/>\n<\/strong><\/p>\n<p style=\"font-weight: 400\">Ramos, German E. Vargas (with Glenda Y. Nieto Cuebas). (Spanish) Francisco De Castro, &#8220;Interlude of the Witches.&#8221; 23:1, 212.<\/p>\n<p style=\"font-weight: 400\">Rathbun, Jennifer. (Spanish) Juan Armando Rojas, &#8220;Book.&#8221; 13:1, 142.<br \/>\n&#8212;(Spanish) Rojas, &#8220;Telescope.&#8221; 13:1, 144.<br \/>\n&#8212;(Spanish) Rojas, &#8220;Map.&#8221; 13:1, 146.<br \/>\n&#8212;(Spanish) Rojas, &#8220;Memory.&#8221; 13:1, 148.<br \/>\n&#8212;(Spanish) Rojas, &#8220;Flight.&#8221; 13:1, 150.<\/p>\n<p style=\"font-weight: 400\">Reeck, Matt (with Aftab Ahmad). (Urdu) Saadat Hasan Manto, &#8220;God Save<\/p>\n<p style=\"font-weight: 400\">\u00a0\u00a0\u00a0\u00a0\u00a0\u00a0 Us From Our Sins.&#8221; 23:2, 167.<\/p>\n<p style=\"font-weight: 400\">Resnick, Clay. (Portuguese) Carlos Trigueiro, &#8220;At Home with the \u00a0\u00a0\u00a0\u00a0\u00a0\u00a0\u00a0Colonel.&#8221; 16:1, 41.<\/p>\n<p style=\"font-weight: 400\">Renner, Cooper. &#8220;Review of Gonzalo Celorio:\u00a0<em>And Let the Earth Tremble at \u00a0\u00a0\u00a0\u00a0\u00a0\u00a0\u00a0its Centers<\/em>.&#8221; 20:2, 192.<\/p>\n<p style=\"font-weight: 400\">Rettig, Kathleen, (and Diana Brown). (Ladino) Margalit Matitiahu, \u00a0\u00a0\u00a0\u00a0\u00a0\u00a0\u00a0poems. 9:2, 210.<\/p>\n<p style=\"font-weight: 400\">Rieu, A.V. (Greek) Homer,\u00a0<em>Odyssey<\/em>, Book X, lines 210-224. 6:2, 139.<br \/>\n&#8212;(Greek) Homer,\u00a0<em>Odyssey<\/em>, Book XI, lines 204-214. 6:2, 146.<\/p>\n<p style=\"font-weight: 400\">Rivas, Manuel. (Galician) &#8220;Manifesto Against Silence.&#8221; 12:1, 173.<\/p>\n<p style=\"font-weight: 400\">Roberts, Tom. \u201cReview: Yevgeny Baratynsky, A Science Not for the Earth: \u00a0\u00a0\u00a0\u00a0\u00a0\u00a0\u00a0Selected Poems and Letters, translated from the Russian by \u00a0\u00a0\u00a0\u00a0\u00a0\u00a0\u00a0Rawley Grau.\u201d 25.2, 326.<strong><br \/>\n<\/strong><\/p>\n<p style=\"font-weight: 400\">Robles-S\u00e1ez, Adela. (Catalan) Montserrat Rod\u00e9s, &#8220;Silence, XIV.&#8221; 5:2, 188.<br \/>\n&#8212;(Catalan) Rod\u00e9s, &#8220;Silence, XXI.&#8221; 5:2, 190.<br \/>\n&#8212;(Catalan) Rod\u00e9s, &#8220;Fragment V.&#8221; 5:2, 190.<br \/>\n&#8212;(Catalan) Maria-Merc\u00e8 Mar\u00e7al, &#8220;Light Song.&#8221; 5:2, 191.<br \/>\n&#8212;(Catalan) Mar\u00e7al, &#8220;Like the Murderer Returning to the Scene of the \u00a0\u00a0\u00a0\u00a0\u00a0\u00a0\u00a0Crime.&#8221; 5:2, 191.<br \/>\n&#8212;(Catalan) Mar\u00e7al, &#8220;My Homeless Love.&#8221; 5:2, 193.<br \/>\n&#8212;(Catalan) Mar\u00e7al, &#8220;I Do Not Feel the Pain in Me, I Feel It In You.&#8221; 5:2, \u00a0\u00a0\u00a0\u00a0\u00a0\u00a0\u00a0193.<br \/>\n&#8212;(and Lynette F. McGrath). (Catalan) Olga Xirinacs I D\u00edaz, \u00a0\u00a0\u00a0\u00a0\u00a0\u00a0\u00a0&#8220;Midsummer Meditation.&#8221; 5:2, 158.<\/p>\n<p style=\"font-weight: 400\">Rodrigues, Lidio. (Portuguese) Miguel Conde, &#8220;Moving Worlds: Time and<br \/>\nFeeling in Joao Anzanello Carrascoza.&#8221; 24:1-2, 114.<\/p>\n<p style=\"font-weight: 400\">Rodrigues, Louis J. (Catalan) Josep Carner i Puig-Oriol, poems. 5:2, 70.<br \/>\n&#8212;&#8220;On Translating Salvador Espriu&#8217;s Verse.&#8221; 5:2, 213.<\/p>\n<p style=\"font-weight: 400\">Rogers, Jeanette Shulenberger. (Occitan) &#8220;Walking Throughout Minerve.&#8221; \u00a0\u00a0\u00a0\u00a0\u00a0\u00a0\u00a016:1, 206.<br \/>\n&#8212;(Occitan) Bernart De Ventadorn, &#8220;When I See the Lark.&#8221; 16:2, 164.<br \/>\n&#8212;(Occitan) Miqu\u00e8l Dec\u00f2r, &#8220;Prologue,&#8221; from\u00a0<em>Passejada Menerbersa<\/em>. 16:2, \u00a0\u00a0\u00a0\u00a0\u00a0\u00a0\u00a0170.<br \/>\n&#8212;(Occitan) Dec\u00f2r, &#8220;Bize.&#8221; 16:2,<em>\u00a0<\/em>170.<br \/>\n&#8212;(Occitan) Dec\u00f2r, &#8220;Malhac.&#8221;<em>\u00a0<\/em>16:2, 172.<br \/>\n&#8212;(Occitan) Dec\u00f2r, &#8220;The Capitelles of the Postman.&#8221; 16:2, 172.<br \/>\n&#8212;(Occitan) Dec\u00f2r, &#8220;Epilogue.&#8221;<em>\u00a0<\/em>16:2, 174.<\/p>\n<p style=\"font-weight: 400\">Rohlick, Thomas H. &#8220;Review:\u00a0<em>Rise Ye Sea Slugs!<\/em>\u00a0by Robin D. Gill.&#8221; 13:1, \u00a0\u00a0\u00a0\u00a0\u00a0\u00a0\u00a0278.<\/p>\n<p style=\"font-weight: 400\">Romaine, Barbara. (Arabic) Abu Abdullah Muhammad Ibn Idris Al-\u00a0\u00a0\u00a0\u00a0\u00a0\u00a0\u00a0Shafici, &#8220;Let the days be, for they&#8217;ll do as they will.&#8221; 23:2, 48.<\/p>\n<p style=\"font-weight: 400\">Rosenberg, Aaron. (Kiswahili) Remmy Ongala, &#8220;Mrema.&#8221; 10:1, 133.<br \/>\n&#8212;Ongala, &#8220;Little One.&#8221; 10:1, 141.<\/p>\n<p style=\"font-weight: 400\">Rosenberg, Samuel N. (Old French) Anonymous, &#8220;Cant voi l&#8217;aube dou jor \u00a0\u00a0\u00a0\u00a0\u00a0\u00a0\u00a0venir.&#8221; 10:2, 89.<br \/>\n&#8212;(Old French) Thibaut de Champagne, &#8220;Ausi conme unicorne sui.&#8221; 10:2, \u00a0\u00a0\u00a0\u00a0\u00a0\u00a0\u00a091.<br \/>\n&#8212;(Old French) Conon de Beth\u00fane, &#8220;Ce fut l&#8217;autrier en un autre pais.&#8221; \u00a0\u00a0\u00a0\u00a0\u00a0\u00a0\u00a010.2, 95.<br \/>\n&#8212;(Old French) Anonymous, &#8220;Bele Doette as fenestres se siet.&#8221; 10:2, 99.<br \/>\n&#8212;(with Eglal Doss-Quinby). (Old French) &#8220;Three Anonymous Old \u00a0\u00a0\u00a0\u00a0\u00a0\u00a0\u00a0French Ballettes.&#8221; 13:2, 114.<\/p>\n<p style=\"font-weight: 400\">\u00a0 &#8212;(with Patricia Terry). (Occitan and Spanish) Anonymous, \u201cOccitan folk\u00a0\u00a0\u00a0\u00a0\u00a0\u00a0\u00a0\u00a0ballads.\u201d 20:1, 97.<br \/>\n&#8212;(Old French)\u00a0Mahieu Le Juif, &#8220;Por Autrui Mouvrai Mon Chant.&#8221; 23:1,\u00a0\u00a0\u00a0\u00a0\u00a0\u00a0\u00a0\u00a0118.<br \/>\n&#8212;(Old French) Mahieu Le Juif, &#8220;Par Grant Franchise Me Covnient \u00a0\u00a0\u00a0\u00a0\u00a0\u00a0\u00a0Chanter.&#8221; 23:1, 120.<br \/>\n&#8212;(Gascon [French]) Anonymous, &#8220;Farewell, Margaridette.&#8221; 23:2, 68.<br \/>\n&#8212;(Gascon [French]) Anonymous, &#8220;Jeanne Feels Unwell.&#8221; 23:2, 70.<br \/>\n&#8212;(Gascon [French]) Anonymous, &#8220;Margaret, My Sweet.&#8221; 23:2, 72.<br \/>\n&#8212;(Gascon [French]) Anonymous, &#8220;Good Day, My Lovely Lass.&#8221; 23:2, 74.<\/p>\n<p style=\"font-weight: 400\">&#8212;(French) Charles Baudelaire, &#8220;On Eug\u00e8ne Delacroix&#8217;s Tasso in Prison.&#8221; <a href=\"https:\/\/sites.smith.edu\/metamorphoses\/spring-2019\/\">27:1<\/a>, 38.<\/p>\n<p style=\"font-weight: 400\">&#8212;(French) Baudelaire, &#8220;A Skeleton at Work.&#8221; <a href=\"https:\/\/sites.smith.edu\/metamorphoses\/spring-2019\/\">27:1<\/a>, 40.<\/p>\n<p style=\"font-weight: 400\">&#8212;(French) Baudelaire, &#8220;Beacons.&#8221; <a href=\"https:\/\/sites.smith.edu\/metamorphoses\/spring-2019\/\">27:1<\/a>, 44.<\/p>\n<p style=\"font-weight: 400\">&#8212;(French) Baudelaire, &#8220;On a Portrait of Honor\u00e9 Daumier.&#8221; <a href=\"https:\/\/sites.smith.edu\/metamorphoses\/spring-2019\/\">27:1<\/a>, 48.<br \/>\n&#8212;(French) Paul Verlaine, \u201cI. (The pain in my heart).\u201d 25.2, 114.<br \/>\n&#8212;(French) Verlaine, \u201cII. (The sonorous ocean).\u201d 25.2, 116.<br \/>\n&#8212;(French) Verlaine, \u201cIII. (Here are fruits, flowers, leaves, and green\u00a0\u00a0\u00a0\u00a0\u00a0\u00a0\u00a0\u00a0\u00a0\u00a0\u00a0\u00a0\u00a0\u00a0\u00a0branches).\u201d 25.2, 118.<br \/>\n&#8212;(French) Verlaine, \u201cIV. (The moon at night).\u201d 25.2, 120.<strong><br \/>\n<\/strong><\/p>\n<p style=\"font-weight: 400\">Rosenthal, David. (Catalan) Joan Salvat-Papasseit, poems. 5:2, 92.<\/p>\n<p style=\"font-weight: 400\">Rosenthal, M.L. &#8220;David: A Father&#8217;s Memoir.&#8221; 5:2, 30.<\/p>\n<p style=\"font-weight: 400\">Rosu, Dona\u00a0(with Arnold Johnston and Deborah Ann Percy). (Romanian)<\/p>\n<p style=\"font-weight: 400\">\u00a0\u00a0\u00a0\u00a0\u00a0\u00a0 Zaharia Stancu, &#8220;Come With Me.&#8221; 23:1, 102.<\/p>\n<p style=\"font-weight: 400\">Rouse, W.H.D. (Greek) Homer,\u00a0<em>Odyssey<\/em>, Book X, lines 210-224. 6:2, 138.<br \/>\n&#8212;(Greek) Homer,\u00a0<em>Odyssey<\/em>, Book XI, lines 204-214. 6:2, 146.<\/p>\n<p style=\"font-weight: 400\">Routon, Claudia (with Heidi Czerwicz). (Galician) Branca Vilela, &#8220;While I \u00a0\u00a0\u00a0\u00a0\u00a0\u00a0\u00a0Talk to Carlos.&#8221; 16:2, 188.<br \/>\n&#8212;(with Czerwicz). (Galician) Branca Vilela, &#8220;Wild Beasts.&#8221; 16:2, 190.<br \/>\n&#8212;(with Czerwicz). (Galician) Vilela, &#8220;Autumn Depression.&#8221; 16:2, 190.<br \/>\n&#8212;(with Czerwicz). (Galician) Vilela, &#8220;Don&#8217;t Let Me Fall Asleep.&#8221; 16:2, \u00a0\u00a0\u00a0\u00a0\u00a0\u00a0\u00a0192.<br \/>\n&#8212;(with Czerwicz). (Galician) Vilela, &#8220;After You.&#8221; 16:2, 194.<\/p>\n<p style=\"font-weight: 400\">Rozas, Ixiar. (Basque) &#8220;Patios (III).&#8221; 12:1, 183.<br \/>\n&#8212;&#8220;River Eyes.&#8221; 12:1, 185.<\/p>\n<p style=\"font-weight: 400\">Rozenchan, Nancy. &#8220;Cintia Moscovich&#8217;s Brazilian View on Jewish Literary<br \/>\nThemes.&#8221; 24:1-2, 217.<\/p>\n<p style=\"font-weight: 400\">Rozier, Louise (with John DuVal). (Romanesco Italian) Giorgio Roberti, \u00a0\u00a0\u00a0\u00a0\u00a0\u00a0\u00a0&#8220;Sonnets from\u00a0<em>&#8216;Na zeppa a l&#8217;occhio \/ A Stick in the Eye<\/em>.&#8221; 14:1-2, 128.<\/p>\n<p class=\"p1\"><span class=\"s1\">Ruoen, Fan (Chinese). Su Shi, \u201cA Dream on the Night of the Twentieth of the First Lunar Month of Yi-Mao Year.\u201d <a href=\"https:\/\/sites.smith.edu\/metamorphoses\/double-issue-2018\/\">26:1<\/a>, 60.<\/span><\/p>\n<p class=\"p1\"><span class=\"s1\">\u2014Ruoen (Chinese). Zhang Jiuling, \u201cLonging for Her Love afar on a Moonlit Night.\u201d <a href=\"https:\/\/sites.smith.edu\/metamorphoses\/double-issue-2018\/\">26:1<\/a>, 72.<\/span><\/p>\n<p class=\"p1\"><span class=\"s1\">\u2014Ruoen (Chinese). Du Fu, \u201cComposed on a Night after His Departure from Sichuan.\u201d <a href=\"https:\/\/sites.smith.edu\/metamorphoses\/double-issue-2018\/\">26:1<\/a>, 74.<\/span><\/p>\n<p style=\"font-weight: 400\">Rutherford, John. (Galego) Pilar Pallar\u00e9s, &#8220;No resplandor das horas (In the Splendour of the Hours).&#8221; 22:1-2, 74.<\/p>\n","protected":false},"excerpt":{"rendered":"<p>Rabalais, Nathan. &#8220;Review: Beverly Matherne,\u00a0Bayou Des Acadiens \u00a0\u00a0\u00a0\u00a0\u00a0\u00a0\u00a0(Blind River).&#8221; 25.1, 192. Racz, G.J. (Spanish) Eduardo Chirinos, &#8220;Poet&#8217;s Wood,&#8221; from\u00a0Escrito En Missoula. 16:2, 84. &#8212;(Spanish) Chirinos, &#8220;The House of the Lord.&#8221; 16:2, 86. &#8212;(Spanish) Chirinos, &#8220;Bears.&#8221; 16:2, 86. &#8212;(Spanish) Chirinos, &#8220;Poem for my Uncle Janus.&#8221; 16:2, 88. &#8212;(Spanish) Chirinos, &#8220;On an Old Poem by Li Po.&#8221; [&hellip;]<\/p>\n","protected":false},"author":1791,"featured_media":0,"parent":359,"menu_order":0,"comment_status":"closed","ping_status":"closed","template":"","meta":{"footnotes":""},"orig-auth":[],"auth-translator":[],"class_list":["post-451","page","type-page","status-publish","hentry"],"_links":{"self":[{"href":"https:\/\/sites.smith.edu\/metamorphoses\/wp-json\/wp\/v2\/pages\/451","targetHints":{"allow":["GET"]}}],"collection":[{"href":"https:\/\/sites.smith.edu\/metamorphoses\/wp-json\/wp\/v2\/pages"}],"about":[{"href":"https:\/\/sites.smith.edu\/metamorphoses\/wp-json\/wp\/v2\/types\/page"}],"author":[{"embeddable":true,"href":"https:\/\/sites.smith.edu\/metamorphoses\/wp-json\/wp\/v2\/users\/1791"}],"replies":[{"embeddable":true,"href":"https:\/\/sites.smith.edu\/metamorphoses\/wp-json\/wp\/v2\/comments?post=451"}],"version-history":[{"count":4,"href":"https:\/\/sites.smith.edu\/metamorphoses\/wp-json\/wp\/v2\/pages\/451\/revisions"}],"predecessor-version":[{"id":989,"href":"https:\/\/sites.smith.edu\/metamorphoses\/wp-json\/wp\/v2\/pages\/451\/revisions\/989"}],"up":[{"embeddable":true,"href":"https:\/\/sites.smith.edu\/metamorphoses\/wp-json\/wp\/v2\/pages\/359"}],"wp:attachment":[{"href":"https:\/\/sites.smith.edu\/metamorphoses\/wp-json\/wp\/v2\/media?parent=451"}],"wp:term":[{"taxonomy":"orig-auth","embeddable":true,"href":"https:\/\/sites.smith.edu\/metamorphoses\/wp-json\/wp\/v2\/orig-auth?post=451"},{"taxonomy":"auth-translator","embeddable":true,"href":"https:\/\/sites.smith.edu\/metamorphoses\/wp-json\/wp\/v2\/auth-translator?post=451"}],"curies":[{"name":"wp","href":"https:\/\/api.w.org\/{rel}","templated":true}]}}