{"id":459,"date":"2019-04-14T22:58:08","date_gmt":"2019-04-15T02:58:08","guid":{"rendered":"https:\/\/sites.smith.edu\/metamorphoses\/?page_id=459"},"modified":"2019-04-14T22:58:08","modified_gmt":"2019-04-15T02:58:08","slug":"itc-v","status":"publish","type":"page","link":"https:\/\/sites.smith.edu\/metamorphoses\/indexes\/itc-v\/","title":{"rendered":"ITC V"},"content":{"rendered":"<p>Vander Vorst, Christina. (French) Marie-C\u00e9lie Agnant, &#8220;The House Facing \u00a0\u00a0\u00a0\u00a0\u00a0\u00a0\u00a0\u00a0\u00a0\u00a0\u00a0\u00a0\u00a0\u00a0the Sea.&#8221; 11:1, 193.<\/p>\n<p>Varsano, Paula. (French) Gaston Miron, &#8220;Girl.&#8221; 11:1, 294.<\/p>\n<p>V\u00e1zquez, Pilar. (Spanish) John Berger, &#8220;Cada D\u00eda M\u00e1s Rojas.&#8221; 12:1, 187.<\/p>\n<p>&nbsp;<\/p>\n<p>V\u00e1zquez De Moreiras, Alejandro Evangelista. (Galego) Luz Pozo Garza, \u00a0\u00a0\u00a0\u00a0\u00a0\u00a0 &#8220;A ave da luz (The Bird of Light).&#8221; 22:1-2, 38.<\/p>\n<p>&#8212;(Galego) Luz Pozo Garza, &#8220;Procurabas as sombras (You Sought the<\/p>\n<p>Shadows).&#8221; 22:1-2, 38.<\/p>\n<p>&#8212;(Galego) Pozo Garza, &#8220;Lotus no coraz\u00f3n (Lotus in My Heart).&#8221; 22:1-2, \u00a0\u00a0\u00a0\u00a0\u00a0\u00a0 40.<\/p>\n<p>&nbsp;<\/p>\n<p>Viereck, Peter. (German) Georg Heym, &#8220;With the Ships of Passage.&#8221; 1:2, \u00a0\u00a0\u00a0\u00a0\u00a0\u00a070.<br \/>\n&#8212;(German) Heym, &#8220;The Demons of the Cities.&#8221; 1:2, 76.<br \/>\n&#8212;&#8220;Heym and Pasternak: The Demons of the Cities.&#8221; 1:2, 80.<br \/>\n&#8212;(German) Heym, &#8220;Final Vigil.&#8221; 1:2, 84.<br \/>\n&#8212;(German) Heym, &#8220;White-Haired in the Abominated Regions.&#8221; 2:1, 62.<br \/>\n&#8212;(German) Heym, &#8220;White Butterflies of Night, so often near me.&#8221; 2:1, \u00a0\u00a0\u00a0\u00a0\u00a0\u00a0\u00a064.<br \/>\n&#8212;(German) Stefan George, &#8220;[Final Song].&#8221; 2:1, 68.<br \/>\n&#8212;(German) Gottfried Benn, &#8220;Songs: I.&#8221; 2:1, 70.<br \/>\n&#8212;(Russian) Alexander Pushkin, &#8220;After Pushkin&#8217;s &#8216;On the Hills of<\/p>\n<p>Georgia.'&#8221; 2:1, 72.<br \/>\n&#8212;&#8220;Decoding a Swan.&#8221; 7:1, 42.<\/p>\n<p>Viragh, Atti. (Hungarian) Mikl\u00f3s Radn\u00f3ti, poems. 21:2, 120.<\/p>\n<p>Volkov\u00e1, Bronislova. (Czech) Volkov\u00e1, &#8220;The Hour of the Earth.&#8221; 5:1, 56.<br \/>\n&#8212;(Czech) Volkov\u00e1, &#8220;The guile of the dragon sleighs.&#8221; 7:2, 68.<\/p>\n<p>Volkova, Olga. (Russian) Georgy Zhzhenov, &#8220;The Sled.&#8221; 18:1, 152.<\/p>\n<p>Vrajitoru, Liana (with Adam J. Sorkin). (Romanian) Elena Stefoi, &#8220;A Team \u00a0\u00a0\u00a0\u00a0\u00a0\u00a0No Matter What.&#8221; 13:2, 148.<br \/>\n&#8212;(with Adam J. Sorkin). (Romanian) Stefoi, &#8220;Berlin Pastel.&#8221; 13:2, 150.<\/p>\n","protected":false},"excerpt":{"rendered":"<p>Vander Vorst, Christina. (French) Marie-C\u00e9lie Agnant, &#8220;The House Facing \u00a0\u00a0\u00a0\u00a0\u00a0\u00a0\u00a0\u00a0\u00a0\u00a0\u00a0\u00a0\u00a0\u00a0the Sea.&#8221; 11:1, 193. Varsano, Paula. (French) Gaston Miron, &#8220;Girl.&#8221; 11:1, 294. V\u00e1zquez, Pilar. (Spanish) John Berger, &#8220;Cada D\u00eda M\u00e1s Rojas.&#8221; 12:1, 187. &nbsp; V\u00e1zquez De Moreiras, Alejandro Evangelista. (Galego) Luz Pozo Garza, \u00a0\u00a0\u00a0\u00a0\u00a0\u00a0 &#8220;A ave da luz (The Bird of Light).&#8221; 22:1-2, 38. &#8212;(Galego) Luz [&hellip;]<\/p>\n","protected":false},"author":1791,"featured_media":0,"parent":359,"menu_order":0,"comment_status":"closed","ping_status":"closed","template":"","meta":{"footnotes":""},"orig-auth":[],"auth-translator":[],"class_list":["post-459","page","type-page","status-publish","hentry"],"_links":{"self":[{"href":"https:\/\/sites.smith.edu\/metamorphoses\/wp-json\/wp\/v2\/pages\/459","targetHints":{"allow":["GET"]}}],"collection":[{"href":"https:\/\/sites.smith.edu\/metamorphoses\/wp-json\/wp\/v2\/pages"}],"about":[{"href":"https:\/\/sites.smith.edu\/metamorphoses\/wp-json\/wp\/v2\/types\/page"}],"author":[{"embeddable":true,"href":"https:\/\/sites.smith.edu\/metamorphoses\/wp-json\/wp\/v2\/users\/1791"}],"replies":[{"embeddable":true,"href":"https:\/\/sites.smith.edu\/metamorphoses\/wp-json\/wp\/v2\/comments?post=459"}],"version-history":[{"count":1,"href":"https:\/\/sites.smith.edu\/metamorphoses\/wp-json\/wp\/v2\/pages\/459\/revisions"}],"predecessor-version":[{"id":460,"href":"https:\/\/sites.smith.edu\/metamorphoses\/wp-json\/wp\/v2\/pages\/459\/revisions\/460"}],"up":[{"embeddable":true,"href":"https:\/\/sites.smith.edu\/metamorphoses\/wp-json\/wp\/v2\/pages\/359"}],"wp:attachment":[{"href":"https:\/\/sites.smith.edu\/metamorphoses\/wp-json\/wp\/v2\/media?parent=459"}],"wp:term":[{"taxonomy":"orig-auth","embeddable":true,"href":"https:\/\/sites.smith.edu\/metamorphoses\/wp-json\/wp\/v2\/orig-auth?post=459"},{"taxonomy":"auth-translator","embeddable":true,"href":"https:\/\/sites.smith.edu\/metamorphoses\/wp-json\/wp\/v2\/auth-translator?post=459"}],"curies":[{"name":"wp","href":"https:\/\/api.w.org\/{rel}","templated":true}]}}