{"id":97,"date":"2019-03-30T15:49:51","date_gmt":"2019-03-30T19:49:51","guid":{"rendered":"https:\/\/sites.smith.edu\/metamorphoses\/?page_id=97"},"modified":"2023-06-12T10:54:49","modified_gmt":"2023-06-12T14:54:49","slug":"nahuatl","status":"publish","type":"page","link":"https:\/\/sites.smith.edu\/metamorphoses\/languages\/nahuatl\/","title":{"rendered":"Nahuatl"},"content":{"rendered":"<p>Bowles, David. (Nahuatl) from\u00a0<em>Cantares Mexicanos,\u00a0<\/em>\u201cA Cradlesong.\u201d <a href=\"https:\/\/sites.smith.edu\/metamorphoses\/issues\/spring-2015\/\">23.1<\/a>, 88.<\/p>\n<p>&nbsp;<\/p>\n<p>Brinton, Daniel G. (Nahuatl) \u201cFive Nahuatl Poems.\u201d <a href=\"https:\/\/sites.smith.edu\/metamorphoses\/issues\/april-1995\/\">3.2<\/a>, 72.<\/p>\n<p>&nbsp;<\/p>\n<p>Enr\u00edquez-Mej\u00eda, Rafaela. (Spanish into Nahuatl) X\u00e1nath Caraza, \u201cMujer.\u201d <a href=\"https:\/\/sites.smith.edu\/metamorphoses\/issues\/fall-2012\/\">20.2<\/a>, 114.<\/p>\n","protected":false},"excerpt":{"rendered":"<p>Bowles, David. (Nahuatl) from\u00a0Cantares Mexicanos,\u00a0\u201cA Cradlesong.\u201d 23.1, 88. &nbsp; Brinton, Daniel G. (Nahuatl) \u201cFive Nahuatl Poems.\u201d 3.2, 72. &nbsp; Enr\u00edquez-Mej\u00eda, Rafaela. (Spanish into Nahuatl) X\u00e1nath Caraza, \u201cMujer.\u201d 20.2, 114.<\/p>\n","protected":false},"author":1791,"featured_media":0,"parent":1123,"menu_order":0,"comment_status":"closed","ping_status":"closed","template":"","meta":{"footnotes":""},"orig-auth":[],"auth-translator":[],"class_list":["post-97","page","type-page","status-publish","hentry"],"_links":{"self":[{"href":"https:\/\/sites.smith.edu\/metamorphoses\/wp-json\/wp\/v2\/pages\/97","targetHints":{"allow":["GET"]}}],"collection":[{"href":"https:\/\/sites.smith.edu\/metamorphoses\/wp-json\/wp\/v2\/pages"}],"about":[{"href":"https:\/\/sites.smith.edu\/metamorphoses\/wp-json\/wp\/v2\/types\/page"}],"author":[{"embeddable":true,"href":"https:\/\/sites.smith.edu\/metamorphoses\/wp-json\/wp\/v2\/users\/1791"}],"replies":[{"embeddable":true,"href":"https:\/\/sites.smith.edu\/metamorphoses\/wp-json\/wp\/v2\/comments?post=97"}],"version-history":[{"count":6,"href":"https:\/\/sites.smith.edu\/metamorphoses\/wp-json\/wp\/v2\/pages\/97\/revisions"}],"predecessor-version":[{"id":1272,"href":"https:\/\/sites.smith.edu\/metamorphoses\/wp-json\/wp\/v2\/pages\/97\/revisions\/1272"}],"up":[{"embeddable":true,"href":"https:\/\/sites.smith.edu\/metamorphoses\/wp-json\/wp\/v2\/pages\/1123"}],"wp:attachment":[{"href":"https:\/\/sites.smith.edu\/metamorphoses\/wp-json\/wp\/v2\/media?parent=97"}],"wp:term":[{"taxonomy":"orig-auth","embeddable":true,"href":"https:\/\/sites.smith.edu\/metamorphoses\/wp-json\/wp\/v2\/orig-auth?post=97"},{"taxonomy":"auth-translator","embeddable":true,"href":"https:\/\/sites.smith.edu\/metamorphoses\/wp-json\/wp\/v2\/auth-translator?post=97"}],"curies":[{"name":"wp","href":"https:\/\/api.w.org\/{rel}","templated":true}]}}