{"id":29,"date":"2022-04-07T17:21:45","date_gmt":"2022-04-07T21:21:45","guid":{"rendered":"https:\/\/sites.smith.edu\/pomeleo-fowler\/?page_id=29"},"modified":"2022-04-28T20:32:30","modified_gmt":"2022-04-29T00:32:30","slug":"la-pena","status":"publish","type":"page","link":"https:\/\/sites.smith.edu\/pomeleo-fowler\/la-pena\/","title":{"rendered":"La Pe\u00f1a"},"content":{"rendered":"<p><span style=\"font-weight: 400\">Located just a few blocks from the Texas capitol, La Pe\u00f1a is a cultural cornerstone of Austin. The gallery and Latinx cultural arts organization was founded by sisters Lidia and Cynthia P\u00e9rez in 1982. La Pe\u00f1a takes its name from the <\/span><i><span style=\"font-weight: 400\">pe\u00f1as<\/span><\/i><span style=\"font-weight: 400\"> (gatherings) that they began hosting in the 1970s and 1980s, which were attended by artists, musicians, writers, and activists. Eventually these <\/span><i><span style=\"font-weight: 400\">pe\u00f1as <\/span><\/i><span style=\"font-weight: 400\">found a home in a historic building on the corner of 3rd street and Congress Avenue, and the P\u00e9rez sisters founded a nonprofit art gallery to support Latinx artists. Today La Pe\u00f1a is an official intermediary between artists and the City of Austin, helping artists apply for grants from the city\u2019s arts commission.\u00a0<\/span><\/p>\n<figure id=\"attachment_144\" aria-describedby=\"caption-attachment-144\" style=\"width: 645px\" class=\"wp-caption aligncenter\"><img loading=\"lazy\" decoding=\"async\" class=\" wp-image-144\" src=\"https:\/\/sites.smith.edu\/pomeleo-fowler\/wp-content\/uploads\/sites\/793\/2022\/04\/la-pena-renderings-of-santa-cecilia-300x225.jpeg\" alt=\"\" width=\"645\" height=\"484\" srcset=\"https:\/\/sites.smith.edu\/pomeleo-fowler\/wp-content\/uploads\/sites\/793\/2022\/04\/la-pena-renderings-of-santa-cecilia-300x225.jpeg 300w, https:\/\/sites.smith.edu\/pomeleo-fowler\/wp-content\/uploads\/sites\/793\/2022\/04\/la-pena-renderings-of-santa-cecilia-768x576.jpeg 768w, https:\/\/sites.smith.edu\/pomeleo-fowler\/wp-content\/uploads\/sites\/793\/2022\/04\/la-pena-renderings-of-santa-cecilia-1024x768.jpeg 1024w, https:\/\/sites.smith.edu\/pomeleo-fowler\/wp-content\/uploads\/sites\/793\/2022\/04\/la-pena-renderings-of-santa-cecilia-320x240.jpeg 320w, https:\/\/sites.smith.edu\/pomeleo-fowler\/wp-content\/uploads\/sites\/793\/2022\/04\/la-pena-renderings-of-santa-cecilia-640x480.jpeg 640w, https:\/\/sites.smith.edu\/pomeleo-fowler\/wp-content\/uploads\/sites\/793\/2022\/04\/la-pena-renderings-of-santa-cecilia-1100x825.jpeg 1100w, https:\/\/sites.smith.edu\/pomeleo-fowler\/wp-content\/uploads\/sites\/793\/2022\/04\/la-pena-renderings-of-santa-cecilia-1440x1080.jpeg 1440w, https:\/\/sites.smith.edu\/pomeleo-fowler\/wp-content\/uploads\/sites\/793\/2022\/04\/la-pena-renderings-of-santa-cecilia-2000x1500.jpeg 2000w, https:\/\/sites.smith.edu\/pomeleo-fowler\/wp-content\/uploads\/sites\/793\/2022\/04\/la-pena-renderings-of-santa-cecilia.jpeg 2016w\" sizes=\"auto, (max-width: 645px) 100vw, 645px\" \/><figcaption id=\"caption-attachment-144\" class=\"wp-caption-text\">Visitors in the gallery during the exhibit &#8220;Renderings of Santa Cecilia&#8221; in November 2021.<\/figcaption><\/figure>\n<p><span style=\"font-weight: 400\">The onset of the pandemic threw the local arts scene into chaos. When the first lockdown went into effect in March 2020, The P\u00e9rez sisters\u2019 first priority was reaching out to every artist in their community to ensure they applied for COVID-19 relief aid from the city\u2019s emergency fund. But like the artists they were helping, the core of their own revenue came\u00a0 from in-person gatherings and events. Apart from a simple website and a Facebook and Instagram page, they did not need to maintain much of a presence online. All of a sudden their entire existence had to be relocated to these digital spheres, so the next exhibit they produced embraced this challenge as a unique moment in time. <\/span><a href=\"https:\/\/www.facebook.com\/events\/3464303990256665\/\"><span style=\"font-weight: 400\">Pandemic and Resistance<\/span><\/a><span style=\"font-weight: 400\"> was one of the first exhibits to be featured in its entirety on La Pe\u00f1a\u2019s website, alongside a series of interviews with the artists posted to social media and<\/span><a href=\"https:\/\/youtube.com\/playlist?list=PLaI6UmieaJ277cJDMAzdfxwomWeg2TMJX\"><span style=\"font-weight: 400\"> Youtube<\/span><\/a><span style=\"font-weight: 400\">.\u00a0<\/span><\/p>\n<p><span style=\"font-weight: 400\">The P\u00e9rezes have a long history in the cultural life of Austin, not only in the arts, but also in food and activism. Their Tex-Mex cafe Las Manitas was reported to be <\/span><a href=\"https:\/\/www.austinchronicle.com\/news\/2006-07-21\/388473\/\"><span style=\"font-weight: 400\">one of the best in Austin<\/span><\/a><span style=\"font-weight: 400\"> (a high honor for a city with some truly excellent Tex-Mex). In 2006, a hotel developer set their sights on lower Congress avenue to build a new Marriott on the ground where Las Manitas stood. The decision provoked outrage throughout the Austin community, and the sisters, Cynthia in particular, fought the decision in court until the developers won in 2008. However, the decision lives in infamy to this day, thanks in part to the advocacy of the P\u00e9rez sisters. In a <\/span><a href=\"https:\/\/www.texasmonthly.com\/articles\/tex-mex-and-the-city\/\"><span style=\"font-weight: 400\">Texas Monthly article<\/span><\/a><span style=\"font-weight: 400\"> written at the time, Cynthia was quoted announcing the arrival of one of the developer\u2019s lawyers to the entire restaurant one morning: \u201cLadies and gentlemen, this is the lawyer who represents the white guys who plan to bulldoze Las Manitas!\u201d\u00a0<\/span><\/p>\n<figure id=\"attachment_157\" aria-describedby=\"caption-attachment-157\" style=\"width: 738px\" class=\"wp-caption alignnone\"><img loading=\"lazy\" decoding=\"async\" class=\" wp-image-157\" src=\"https:\/\/sites.smith.edu\/pomeleo-fowler\/wp-content\/uploads\/sites\/793\/2022\/04\/las-manitas--300x200.jpeg\" alt=\"\" width=\"738\" height=\"493\" \/><figcaption id=\"caption-attachment-157\" class=\"wp-caption-text\">Las Manitas, also known as the Avenue Cafe, on lower Congress Avenue back in 2006.<\/figcaption><\/figure>\n<p><span style=\"font-weight: 400\">After Las Manitas closed, the P\u00e9rezes began selling tacos at La Pe\u00f1a. Customers who come in for a breakfast taco often stay to browse the gallery. It is a relaxed yet stimulating atmosphere\u2013a\u00a0 cafe, gallery, and arts collective all at once. They host several annual exhibits. Their most recent one, \u201c<\/span><a href=\"http:\/\/www.lapena-austin.org\/events.html\"><span style=\"font-weight: 400\">Celebrating Women Through the Arts<\/span><\/a><span style=\"font-weight: 400\">,\u201d marked International Women\u2019s Day and featured a number of prominent and emerging women artists. In their fundraising exhibit, Toma Mi Coraz\u00f3n, which happens every February, participating artists are given a wooden heart to transform, which are then sold in an auction. This year\u2019s corazones can be seen on <\/span><a href=\"https:\/\/www.instagram.com\/lapena_austin\/\"><span style=\"font-weight: 400\">La Pe\u00f1a\u2019s Instagram<\/span><\/a><span style=\"font-weight: 400\">.\u00a0<\/span><\/p>\n<p><span style=\"font-weight: 400\">Perhaps the most impactful annual exhibit at La Pe\u00f1a is their collaboration with Sanchez Elementary. Each year, fourth grade students from the East Austin elementary school work on an art project celebrating their identities. As of 2020, more than 90% of Sanchez students are Latinx, and <\/span><a href=\"https:\/\/www.austinisd.org\/schools\/sanchez\"><span style=\"font-weight: 400\">76% of students are learning English as a second language<\/span><\/a><span style=\"font-weight: 400\">. The school\u2019s partnership with La Pe\u00f1a allows students to engage in thinking outside of academics and learn new artmaking skills. Their artwork is then displayed at La Pe\u00f1a, giving students the opportunity to see their work in a professional gallery. Past projects include handmade Loter\u00eda cards and drawings on a traditional Mexican amate paper, which can be seen\u00a0 <\/span><a href=\"http:\/\/www.lapena-austin.org\/amate.html\"><span style=\"font-weight: 400\">here<\/span><\/a><span style=\"font-weight: 400\">.\u00a0<\/span><\/p>\n<p><span style=\"font-weight: 400\">In 2020 the school faced major structural changes, including a two-year construction project and a merger with nearby Metz elementary. The 2020 exhibit was challenged not only by the in-progress merger but also the pandemic, leaving the direction of the project uncertain. To ensure that the students still saw their art represented, the staff of La Pe\u00f1a came up with two solutions. First they printed two large banners, one for Sanchez and one for Metz, featuring each student\u2019s work and hung them outside each school for the entire neighborhood to see. To accompany this offline solution, they reached out to a local tech company to create a 360\u00ba capture of the gallery with the students\u2019 work in it. They also hired an intern (me) to create a <\/span><a href=\"http:\/\/paper\"><span style=\"font-weight: 400\">short video<\/span><\/a><span style=\"font-weight: 400\"> telling the story of the exhibit.\u00a0<\/span><\/p>\n<figure id=\"attachment_98\" aria-describedby=\"caption-attachment-98\" style=\"width: 773px\" class=\"wp-caption aligncenter\"><img loading=\"lazy\" decoding=\"async\" class=\" wp-image-98\" src=\"https:\/\/sites.smith.edu\/pomeleo-fowler\/wp-content\/uploads\/sites\/793\/2022\/03\/hanging-up-the-banner-300x200.jpg\" alt=\"\" width=\"773\" height=\"515\" srcset=\"https:\/\/sites.smith.edu\/pomeleo-fowler\/wp-content\/uploads\/sites\/793\/2022\/03\/hanging-up-the-banner-300x200.jpg 300w, https:\/\/sites.smith.edu\/pomeleo-fowler\/wp-content\/uploads\/sites\/793\/2022\/03\/hanging-up-the-banner-768x512.jpg 768w, https:\/\/sites.smith.edu\/pomeleo-fowler\/wp-content\/uploads\/sites\/793\/2022\/03\/hanging-up-the-banner-1024x683.jpg 1024w, https:\/\/sites.smith.edu\/pomeleo-fowler\/wp-content\/uploads\/sites\/793\/2022\/03\/hanging-up-the-banner-640x427.jpg 640w, https:\/\/sites.smith.edu\/pomeleo-fowler\/wp-content\/uploads\/sites\/793\/2022\/03\/hanging-up-the-banner-1100x733.jpg 1100w, https:\/\/sites.smith.edu\/pomeleo-fowler\/wp-content\/uploads\/sites\/793\/2022\/03\/hanging-up-the-banner-1440x960.jpg 1440w, https:\/\/sites.smith.edu\/pomeleo-fowler\/wp-content\/uploads\/sites\/793\/2022\/03\/hanging-up-the-banner-2000x1333.jpg 2000w\" sizes=\"auto, (max-width: 773px) 100vw, 773px\" \/><figcaption id=\"caption-attachment-98\" class=\"wp-caption-text\">Cynthia P\u00e9rez and La Pe\u00f1a staff member Jos\u00e9 hanging up a banner with student work outside of Sanchez Elementary.<\/figcaption><\/figure>\n<p><span style=\"font-weight: 400\">La Pe\u00f1a has served as a friend, collaborator, and\u00a0 example to follow\u00a0 for cultural arts organizations around Austin for 40 years, and continues to do so today. Their willingness to adapt, attentiveness to the needs of artists, and bold pragmatism make them a strong case study for any organization in its founding stages.\u00a0\u00a0<\/span><\/p>\n<p>You can find out more about La Pe\u00f1a on their <a href=\"https:\/\/www.instagram.com\/lapena_austin\/?hl=en\">Instagram<\/a> and <a href=\"https:\/\/www.facebook.com\/LaPenaAustin\">Facebook<\/a> pages, as well as their <a href=\"http:\/\/www.lapena-austin.org\/\">website<\/a>.<\/p>\n","protected":false},"excerpt":{"rendered":"<p>A Latinx art gallery and cultural organization in Austin, Texas<\/p>\n","protected":false},"author":1912,"featured_media":161,"parent":0,"menu_order":0,"comment_status":"closed","ping_status":"closed","template":"","meta":{"footnotes":""},"class_list":["post-29","page","type-page","status-publish","has-post-thumbnail","hentry","entry","tgrid"],"_links":{"self":[{"href":"https:\/\/sites.smith.edu\/pomeleo-fowler\/wp-json\/wp\/v2\/pages\/29","targetHints":{"allow":["GET"]}}],"collection":[{"href":"https:\/\/sites.smith.edu\/pomeleo-fowler\/wp-json\/wp\/v2\/pages"}],"about":[{"href":"https:\/\/sites.smith.edu\/pomeleo-fowler\/wp-json\/wp\/v2\/types\/page"}],"author":[{"embeddable":true,"href":"https:\/\/sites.smith.edu\/pomeleo-fowler\/wp-json\/wp\/v2\/users\/1912"}],"replies":[{"embeddable":true,"href":"https:\/\/sites.smith.edu\/pomeleo-fowler\/wp-json\/wp\/v2\/comments?post=29"}],"version-history":[{"count":14,"href":"https:\/\/sites.smith.edu\/pomeleo-fowler\/wp-json\/wp\/v2\/pages\/29\/revisions"}],"predecessor-version":[{"id":229,"href":"https:\/\/sites.smith.edu\/pomeleo-fowler\/wp-json\/wp\/v2\/pages\/29\/revisions\/229"}],"wp:featuredmedia":[{"embeddable":true,"href":"https:\/\/sites.smith.edu\/pomeleo-fowler\/wp-json\/wp\/v2\/media\/161"}],"wp:attachment":[{"href":"https:\/\/sites.smith.edu\/pomeleo-fowler\/wp-json\/wp\/v2\/media?parent=29"}],"curies":[{"name":"wp","href":"https:\/\/api.w.org\/{rel}","templated":true}]}}