{"id":257,"date":"2023-12-06T15:47:13","date_gmt":"2023-12-06T20:47:13","guid":{"rendered":"https:\/\/sites.smith.edu\/teachingromancelanguages\/?page_id=257"},"modified":"2023-12-06T22:58:38","modified_gmt":"2023-12-07T03:58:38","slug":"spanish-ii-aprendiendo-con-podcasts","status":"publish","type":"page","link":"https:\/\/sites.smith.edu\/teachingromancelanguages\/spanish-ii-aprendiendo-con-podcasts\/","title":{"rendered":"SPANISH II: Aprendiendo con p\u00f3dcasts"},"content":{"rendered":"\n<figure class=\"wp-block-image size-large\"><img loading=\"lazy\" decoding=\"async\" width=\"1024\" height=\"768\" src=\"https:\/\/sites.smith.edu\/teachingromancelanguages\/wp-content\/uploads\/sites\/994\/2023\/12\/IMG_5464-1024x768.jpg\" alt=\"\" class=\"wp-image-277\" srcset=\"https:\/\/sites.smith.edu\/teachingromancelanguages\/wp-content\/uploads\/sites\/994\/2023\/12\/IMG_5464-1024x768.jpg 1024w, https:\/\/sites.smith.edu\/teachingromancelanguages\/wp-content\/uploads\/sites\/994\/2023\/12\/IMG_5464-300x225.jpg 300w, https:\/\/sites.smith.edu\/teachingromancelanguages\/wp-content\/uploads\/sites\/994\/2023\/12\/IMG_5464-768x576.jpg 768w, https:\/\/sites.smith.edu\/teachingromancelanguages\/wp-content\/uploads\/sites\/994\/2023\/12\/IMG_5464-1536x1152.jpg 1536w, https:\/\/sites.smith.edu\/teachingromancelanguages\/wp-content\/uploads\/sites\/994\/2023\/12\/IMG_5464-2048x1536.jpg 2048w, https:\/\/sites.smith.edu\/teachingromancelanguages\/wp-content\/uploads\/sites\/994\/2023\/12\/IMG_5464-1200x900.jpg 1200w, https:\/\/sites.smith.edu\/teachingromancelanguages\/wp-content\/uploads\/sites\/994\/2023\/12\/IMG_5464-1980x1485.jpg 1980w\" sizes=\"auto, (max-width: 1024px) 100vw, 1024px\" \/><\/figure>\n\n\n\n<p>Hicimos este p\u00f3dcast para combinar los recursos tecnol\u00f3gicos de Smith, la investigaci\u00f3n acad\u00e9mica, y la creatividad en un proyecto divertido y educativo. En el p\u00f3dcast exploramos algunas de las \u201cdiferencias ling\u00fc\u00edsticas\u201d entre el espa\u00f1ol de Espa\u00f1a, y el de Latinoam\u00e9rica. Elegimos este tema porque nos parec\u00eda interesante (\u00a1y un poco gracioso!) y porque entre nosotres tres hablamos tres variaciones de espa\u00f1ol, pero este formato de proyecto se puede utilizar para diversos fines educativos como los siguientes:<\/p>\n\n\n\n<ul class=\"wp-block-list\">\n<li>Por ejemplo, podr\u00eda servir no solo para compartir las conclusiones de un proyecto de investigaci\u00f3n, sino tambi\u00e9n para ser un ejercicio informal y divertido. Adem\u00e1s, un p\u00f3dcast se puede utilizar en conjunto con otras plataformas como<a href=\"https:\/\/ed.ted.com\/\"> TED-ED<\/a>, que nos permite a\u00f1adir preguntas y comentarios mientras se reproduce.<\/li>\n\n\n\n<li>El alumnado puede tambi\u00e9n hacer actividades de escucha donde por ejemplo, localicen las palabras los sin\u00f3nimos mencionados a lo largo del v\u00eddeo o que localicen formas verbales como el presente o el futuro, entre otros tantos usos.<\/li>\n\n\n\n<li>Tambi\u00e9n, el alumnado que quiera acceder a \u00e9l tiene a su disposici\u00f3n la transcripci\u00f3n, la cual no solo sirve para aquellos alumnes con dificultades auditivas, sino tambi\u00e9n para dise\u00f1ar alguna actividad que implique la comparaci\u00f3n entre audio y texto.<\/li>\n<\/ul>\n\n\n\n<p>Al hacer este p\u00f3dcast aprendimos como usar la tecnolog\u00eda de grabaci\u00f3n y enriquecimos nuestra habilidad de comunicarnos entre culturas diferentes del mundo hispanohablante. \u00a1Nos divertimos mucho y les recomendamos que prueben esta recurso educativo con su alumnado!&nbsp;<\/p>\n\n\n\n<figure class=\"wp-block-audio\"><audio controls src=\"https:\/\/sites.smith.edu\/teachingromancelanguages\/wp-content\/uploads\/sites\/994\/2023\/11\/Espanol_2_podcast1-1.mp3\"><\/audio><\/figure>\n\n\n<div class=\"h5p-iframe-wrapper\"><iframe id=\"h5p-iframe-1\" class=\"h5p-iframe\" data-content-id=\"1\" style=\"height:1px\" src=\"about:blank\" frameBorder=\"0\" scrolling=\"no\" title=\"See the transcript here!\"><\/iframe><\/div>\n\n\n\n<p class=\"has-small-font-size\">Agradecimientos a Abril Navarro (Neilson Library) y prof. Gugliotta por el apoyo a este proyecto.<\/p>\n","protected":false},"excerpt":{"rendered":"<p>Hicimos este p\u00f3dcast para combinar los recursos tecnol\u00f3gicos de Smith, la investigaci\u00f3n acad\u00e9mica, y la creatividad en un proyecto divertido y educativo. En el p\u00f3dcast exploramos algunas de las \u201cdiferencias ling\u00fc\u00edsticas\u201d entre el espa\u00f1ol de Espa\u00f1a, y el de Latinoam\u00e9rica. Elegimos este tema porque nos parec\u00eda interesante (\u00a1y un poco gracioso!) y porque entre nosotres [&hellip;]<\/p>\n","protected":false},"author":7103,"featured_media":0,"parent":0,"menu_order":0,"comment_status":"open","ping_status":"closed","template":"","meta":{"footnotes":""},"class_list":["post-257","page","type-page","status-publish","hentry"],"_links":{"self":[{"href":"https:\/\/sites.smith.edu\/teachingromancelanguages\/wp-json\/wp\/v2\/pages\/257","targetHints":{"allow":["GET"]}}],"collection":[{"href":"https:\/\/sites.smith.edu\/teachingromancelanguages\/wp-json\/wp\/v2\/pages"}],"about":[{"href":"https:\/\/sites.smith.edu\/teachingromancelanguages\/wp-json\/wp\/v2\/types\/page"}],"author":[{"embeddable":true,"href":"https:\/\/sites.smith.edu\/teachingromancelanguages\/wp-json\/wp\/v2\/users\/7103"}],"replies":[{"embeddable":true,"href":"https:\/\/sites.smith.edu\/teachingromancelanguages\/wp-json\/wp\/v2\/comments?post=257"}],"version-history":[{"count":10,"href":"https:\/\/sites.smith.edu\/teachingromancelanguages\/wp-json\/wp\/v2\/pages\/257\/revisions"}],"predecessor-version":[{"id":300,"href":"https:\/\/sites.smith.edu\/teachingromancelanguages\/wp-json\/wp\/v2\/pages\/257\/revisions\/300"}],"wp:attachment":[{"href":"https:\/\/sites.smith.edu\/teachingromancelanguages\/wp-json\/wp\/v2\/media?parent=257"}],"curies":[{"name":"wp","href":"https:\/\/api.w.org\/{rel}","templated":true}]}}