{"id":1453,"date":"2018-02-07T19:43:16","date_gmt":"2018-02-07T19:43:16","guid":{"rendered":"https:\/\/sites.smith.edu\/terezin\/?page_id=1453"},"modified":"2018-02-15T16:23:52","modified_gmt":"2018-02-15T16:23:52","slug":"current-photos","status":"publish","type":"page","link":"https:\/\/sites.smith.edu\/terezin\/documents\/post-war-life\/current-photos\/","title":{"rendered":"Current Photos"},"content":{"rendered":"<h4 style=\"text-align: center\">Theresienstadt Today<\/h4>\n<p style=\"text-align: center\">\r\n<style>\r\n\r\n\t\/*Used to keep captions inside the visible area*\/\r\n\t#foogallery-gallery-1503 .foo-item {\r\n\t\tmax-height: 300px;\r\n\t}\r\n\r\n\t#foogallery-gallery-1503.border-style-inset a::after {\r\n\t\tbox-shadow: inset 0 0 20px #000;\r\n\t\t-moz-box-shadow: inset 0 0 20px #000;\r\n\t\t-webkit-box-shadow: inset 0 0 calc(300)px\/4 rgba(0,0,0,0.8);\r\n\t}\r\n<\/style>\r\n\r\n<div id=\"foogallery-gallery-1503\" class=\"foogallery foogallery-container foogallery-owl-carousel foogallery-lightbox-foobox owl-carousel hover-effect-zoom border-style-rounded\">\r\n\r\n\t\t\t\t<div class=\"foo-item\" >\r\n\t\t\t<a  href=\"https:\/\/sites.smith.edu\/terezin\/wp-content\/uploads\/sites\/83\/2017\/05\/Terezin1.jpg\" data-caption-title=\"Terezin, 2016 (J. Cammy)\" data-attachment-id=\"762\" data-type=\"image\"><img loading=\"lazy\" decoding=\"async\"  src=\"https:\/\/sites.smith.edu\/terezin\/wp-content\/uploads\/sites\/83\/cache\/2017\/05\/Terezin1\/1165953069.jpg\" width=\"300\" height=\"300\" class=\"skip-lazy\" \/><\/a>\r\n\t\t\t<\/div>\r\n\r\n\t\t\t\t<div class=\"foo-item\" >\r\n\t\t\t<a  href=\"https:\/\/sites.smith.edu\/terezin\/wp-content\/uploads\/sites\/83\/2017\/05\/Terezin2.jpg\" data-caption-title=\"Terezin, 2016 (J. Cammy)\" data-attachment-id=\"761\" data-type=\"image\"><img loading=\"lazy\" decoding=\"async\"  src=\"https:\/\/sites.smith.edu\/terezin\/wp-content\/uploads\/sites\/83\/cache\/2017\/05\/Terezin2\/14464641.jpg\" width=\"300\" height=\"300\" class=\"skip-lazy\" \/><\/a>\r\n\t\t\t<\/div>\r\n\r\n\t\t\t\t<div class=\"foo-item\" >\r\n\t\t\t<a  href=\"https:\/\/sites.smith.edu\/terezin\/wp-content\/uploads\/sites\/83\/2017\/05\/Terezin3.jpg\" data-caption-title=\"Terezin, 2016 (J. Cammy)\" data-attachment-id=\"760\" data-type=\"image\"><img loading=\"lazy\" decoding=\"async\"  src=\"https:\/\/sites.smith.edu\/terezin\/wp-content\/uploads\/sites\/83\/cache\/2017\/05\/Terezin3\/2324881114.jpg\" width=\"300\" height=\"300\" class=\"skip-lazy\" \/><\/a>\r\n\t\t\t<\/div>\r\n\r\n\t\t\t\t<div class=\"foo-item\" >\r\n\t\t\t<a  href=\"https:\/\/sites.smith.edu\/terezin\/wp-content\/uploads\/sites\/83\/2017\/05\/Terezin6.jpg\" data-caption-title=\"Terezin, 2016 (J. Cammy)\" data-attachment-id=\"759\" data-type=\"image\"><img loading=\"lazy\" decoding=\"async\"  src=\"https:\/\/sites.smith.edu\/terezin\/wp-content\/uploads\/sites\/83\/cache\/2017\/05\/Terezin6\/948864040.jpg\" width=\"300\" height=\"300\" class=\"skip-lazy\" \/><\/a>\r\n\t\t\t<\/div>\r\n\r\n\t\t\t\t<div class=\"foo-item\" >\r\n\t\t\t<a  href=\"https:\/\/sites.smith.edu\/terezin\/wp-content\/uploads\/sites\/83\/2017\/05\/Terezin5.jpg\" data-caption-title=\"Terezin, 2016 (J. Cammy)\" data-attachment-id=\"758\" data-type=\"image\"><img loading=\"lazy\" decoding=\"async\"  src=\"https:\/\/sites.smith.edu\/terezin\/wp-content\/uploads\/sites\/83\/cache\/2017\/05\/Terezin5\/4041599758.jpg\" width=\"300\" height=\"300\" class=\"skip-lazy\" \/><\/a>\r\n\t\t\t<\/div>\r\n\r\n\t\t\t\t<div class=\"foo-item\" >\r\n\t\t\t<a  href=\"https:\/\/sites.smith.edu\/terezin\/wp-content\/uploads\/sites\/83\/2017\/05\/Terezin4.jpg\" data-caption-title=\"Terezin, 2016 (J. Cammy)\" data-attachment-id=\"757\" data-type=\"image\"><img loading=\"lazy\" decoding=\"async\"  src=\"https:\/\/sites.smith.edu\/terezin\/wp-content\/uploads\/sites\/83\/cache\/2017\/05\/Terezin4\/1832106849.jpg\" width=\"300\" height=\"300\" class=\"skip-lazy\" \/><\/a>\r\n\t\t\t<\/div>\r\n\r\n\t\t\t\t<div class=\"foo-item\" >\r\n\t\t\t<a  href=\"https:\/\/sites.smith.edu\/terezin\/wp-content\/uploads\/sites\/83\/2017\/05\/stamp.jpg\" data-caption-title=\"Communist-era stamp commemorating Theresienstadt\" data-attachment-id=\"817\" data-type=\"image\"><img loading=\"lazy\" decoding=\"async\"  src=\"https:\/\/sites.smith.edu\/terezin\/wp-content\/uploads\/sites\/83\/cache\/2017\/05\/stamp\/1502023682.jpg\" width=\"300\" height=\"300\" class=\"skip-lazy\" \/><\/a>\r\n\t\t\t<\/div>\r\n\r\n\t<\/div>\r\n\r\n<script>\r\n\/* The Owl Initialization Script\r\n\/* The first lines conditionally show the slide animation *\/\r\njQuery(window).on(\"load\", function(){\r\n\tvar $galleryContainer = jQuery( '#foogallery-gallery-1503' );\r\n\tvar $containerID = '#foogallery-gallery-1503';\r\n\r\n\tjQuery(document).on('keydown', function( event ) { \/\/attach event listener\r\n\t\tif (event.keyCode == 37) {\r\n\t\t\t$galleryContainer.trigger('prev.owl')\r\n\t\t}\r\n\t\tif (event.keyCode == 39) {\r\n\t\t\t$galleryContainer.trigger('next.owl')\r\n\t\t}\r\n\t});\r\n\r\n\t\r\n\t$galleryContainer.owlCarousel({\r\n\t\titems: 3,\r\n\t\tnav: false,\r\n\t\tmargin: 10,\r\n\t\tloop:false,\r\n\t\tautoplay: false,\r\n\t\tautoplaySpeed: 4000,\r\n\t\tsmartSpeed:250,\r\n\t\tnavSpeed: 1250,\r\n\t\tnavText: ['prev', 'next'],\r\n\t\tautoplayHoverPause: true,\r\n\t\tlazyLoad: 1,\r\n\t\tautoWidth: 0,\r\n\t\t\tURLhashListener: false,\r\n\t\tstartPosition: 'URLHash',\r\n\t\tdots: true,\r\n\t\t\tresponsiveClass: true,\r\n\t\tresponsive:{\r\n\t\t\t0:{\r\n\t\t\t\titems: 2,\r\n\t\t\t},\r\n\t\t\t480:{\r\n\t\t\t\titems: 3,\r\n\t\t\t},\r\n\t\t\t960:{\r\n\t\t\t\titems: 4,\r\n\t\t\t}\r\n\t\t},\r\n\r\n\t\t\t});\r\n});\r\n<\/script><\/p>\n<h4 style=\"text-align: center\">Sites Connected to Lotte&#8217;s Family in Prague Today<\/h4>\n<p style=\"text-align: center\">\r\n<style>\r\n\r\n\t\/*Used to keep captions inside the visible area*\/\r\n\t#foogallery-gallery-1506 .foo-item {\r\n\t\tmax-height: 300px;\r\n\t}\r\n\r\n\t#foogallery-gallery-1506.border-style-inset a::after {\r\n\t\tbox-shadow: inset 0 0 20px #000;\r\n\t\t-moz-box-shadow: inset 0 0 20px #000;\r\n\t\t-webkit-box-shadow: inset 0 0 calc(300)px\/4 rgba(0,0,0,0.8);\r\n\t}\r\n<\/style>\r\n\r\n<div id=\"foogallery-gallery-1506\" class=\"foogallery foogallery-container foogallery-owl-carousel foogallery-lightbox-foobox owl-carousel hover-effect-zoom border-style-rounded\">\r\n\r\n\t\t\t\t<div class=\"foo-item\" >\r\n\t\t\t<a  href=\"https:\/\/sites.smith.edu\/terezin\/wp-content\/uploads\/sites\/83\/2017\/05\/jubileeSynagogue.jpg\" data-caption-title=\"Jubilee Synagogue (also known as the Jerusalem Synagogue), site of Lotte and Ernest&#039;s marriage in 1938, Prague (2016, J. Cammy)\" data-attachment-id=\"752\" data-type=\"image\"><img loading=\"lazy\" decoding=\"async\"  src=\"https:\/\/sites.smith.edu\/terezin\/wp-content\/uploads\/sites\/83\/cache\/2017\/05\/jubileeSynagogue\/3740650078.jpg\" width=\"300\" height=\"300\" class=\"skip-lazy\" \/><\/a>\r\n\t\t\t<\/div>\r\n\r\n\t\t\t\t<div class=\"foo-item\" >\r\n\t\t\t<a  href=\"https:\/\/sites.smith.edu\/terezin\/wp-content\/uploads\/sites\/83\/2017\/05\/gravesWotizkyParents.jpg\" data-caption-title=\"Gravestone of Leo Wotizky (father) and memorial to Marketa (Greta) Wotizka (mother), \nNov\u00fd \u017eidovsk\u00fd h\u0159bitov (New Jewish Cemetery, Prague, 2016, J. Cammy)\" data-attachment-id=\"751\" data-type=\"image\"><img loading=\"lazy\" decoding=\"async\"  src=\"https:\/\/sites.smith.edu\/terezin\/wp-content\/uploads\/sites\/83\/cache\/2017\/05\/gravesWotizkyParents\/4131875147.jpg\" width=\"300\" height=\"300\" class=\"skip-lazy\" \/><\/a>\r\n\t\t\t<\/div>\r\n\r\n\t\t\t\t<div class=\"foo-item\" >\r\n\t\t\t<a  href=\"https:\/\/sites.smith.edu\/terezin\/wp-content\/uploads\/sites\/83\/2017\/05\/gravesWotizkyGrandparents.jpg\" data-caption-title=\"Gravestone of Ignac Wotizky and Karolina Wotizka (Lotte&#039;s paternal grandparents) and memorial to close relatives murdered in the Holocaust, Nov\u00fd \u017eidovsk\u00fd h\u0159bitov (New Jewish Cemetery, Prague, 2016, J. Cammy)\" data-attachment-id=\"750\" data-type=\"image\"><img loading=\"lazy\" decoding=\"async\"  src=\"https:\/\/sites.smith.edu\/terezin\/wp-content\/uploads\/sites\/83\/cache\/2017\/05\/gravesWotizkyGrandparents\/3228532257.jpg\" width=\"300\" height=\"300\" class=\"skip-lazy\" \/><\/a>\r\n\t\t\t<\/div>\r\n\r\n\t\t\t\t<div class=\"foo-item\" >\r\n\t\t\t<a  href=\"https:\/\/sites.smith.edu\/terezin\/wp-content\/uploads\/sites\/83\/2017\/05\/gravesLowy-e1515721859464.jpg\" data-caption-title=\"Gravestone of Semi Lowy and Ottilie Lowyova (Lotte&#039;s maternal grandparents) and memorial to aunts and uncles murdered in the Holocaust, Nov\u00fd \u017eidovsk\u00fd h\u0159bitov (New Jewish Cemetery, Prague, 2016, J. Cammy)\" data-attachment-id=\"749\" data-type=\"image\"><img loading=\"lazy\" decoding=\"async\"  src=\"https:\/\/sites.smith.edu\/terezin\/wp-content\/uploads\/sites\/83\/cache\/2017\/05\/gravesLowy-e1515721859464\/4097749327.jpg\" width=\"300\" height=\"300\" class=\"skip-lazy\" \/><\/a>\r\n\t\t\t<\/div>\r\n\r\n\t\t\t\t<div class=\"foo-item\" >\r\n\t\t\t<a  href=\"https:\/\/sites.smith.edu\/terezin\/wp-content\/uploads\/sites\/83\/2017\/05\/pinkasNames.jpg\" data-caption-title=\"Wall in Prague\u2019s Pinkas Synagogue commemorating Czech Jews. The memorial includes a list of names of Jews deported to their deaths.\" data-attachment-id=\"695\" data-type=\"image\"><img loading=\"lazy\" decoding=\"async\"  src=\"https:\/\/sites.smith.edu\/terezin\/wp-content\/uploads\/sites\/83\/cache\/2017\/05\/pinkasNames\/2726391373.jpg\" width=\"300\" height=\"300\" class=\"skip-lazy\" \/><\/a>\r\n\t\t\t<\/div>\r\n\r\n\t\t\t\t<div class=\"foo-item\" >\r\n\t\t\t<a  href=\"https:\/\/sites.smith.edu\/terezin\/wp-content\/uploads\/sites\/83\/2017\/05\/pinkasCloseup.jpg\" data-caption-title=\"Close up of Holocaust memorial in Pinkas synagogue showing Greta&#039;s name and birthdate.\" data-attachment-id=\"694\" data-type=\"image\"><img loading=\"lazy\" decoding=\"async\"  src=\"https:\/\/sites.smith.edu\/terezin\/wp-content\/uploads\/sites\/83\/cache\/2017\/05\/pinkasCloseup\/95953109.jpg\" width=\"300\" height=\"300\" class=\"skip-lazy\" \/><\/a>\r\n\t\t\t<\/div>\r\n\r\n\t<\/div>\r\n\r\n<script>\r\n\/* The Owl Initialization Script\r\n\/* The first lines conditionally show the slide animation *\/\r\njQuery(window).on(\"load\", function(){\r\n\tvar $galleryContainer = jQuery( '#foogallery-gallery-1506' );\r\n\tvar $containerID = '#foogallery-gallery-1506';\r\n\r\n\tjQuery(document).on('keydown', function( event ) { \/\/attach event listener\r\n\t\tif (event.keyCode == 37) {\r\n\t\t\t$galleryContainer.trigger('prev.owl')\r\n\t\t}\r\n\t\tif (event.keyCode == 39) {\r\n\t\t\t$galleryContainer.trigger('next.owl')\r\n\t\t}\r\n\t});\r\n\r\n\t\r\n\t$galleryContainer.owlCarousel({\r\n\t\titems: 3,\r\n\t\tnav: false,\r\n\t\tmargin: 10,\r\n\t\tloop:false,\r\n\t\tautoplay: false,\r\n\t\tautoplaySpeed: 4000,\r\n\t\tsmartSpeed:250,\r\n\t\tnavSpeed: 1250,\r\n\t\tnavText: ['prev', 'next'],\r\n\t\tautoplayHoverPause: true,\r\n\t\tlazyLoad: 1,\r\n\t\tautoWidth: 0,\r\n\t\t\tURLhashListener: false,\r\n\t\tstartPosition: 'URLHash',\r\n\t\tdots: true,\r\n\t\t\tresponsiveClass: true,\r\n\t\tresponsive:{\r\n\t\t\t0:{\r\n\t\t\t\titems: 2,\r\n\t\t\t},\r\n\t\t\t480:{\r\n\t\t\t\titems: 3,\r\n\t\t\t},\r\n\t\t\t960:{\r\n\t\t\t\titems: 4,\r\n\t\t\t}\r\n\t\t},\r\n\r\n\t\t\t});\r\n});\r\n<\/script><\/p>\n<p>&nbsp;<\/p>\n","protected":false},"excerpt":{"rendered":"<p>Theresienstadt Today Sites Connected to Lotte&#8217;s Family in Prague Today &nbsp;<\/p>\n","protected":false},"author":1009,"featured_media":761,"parent":480,"menu_order":10,"comment_status":"closed","ping_status":"closed","template":"page-templates\/full-width-page.php","meta":{"footnotes":""},"class_list":["post-1453","page","type-page","status-publish","has-post-thumbnail","hentry"],"_links":{"self":[{"href":"https:\/\/sites.smith.edu\/terezin\/wp-json\/wp\/v2\/pages\/1453","targetHints":{"allow":["GET"]}}],"collection":[{"href":"https:\/\/sites.smith.edu\/terezin\/wp-json\/wp\/v2\/pages"}],"about":[{"href":"https:\/\/sites.smith.edu\/terezin\/wp-json\/wp\/v2\/types\/page"}],"author":[{"embeddable":true,"href":"https:\/\/sites.smith.edu\/terezin\/wp-json\/wp\/v2\/users\/1009"}],"replies":[{"embeddable":true,"href":"https:\/\/sites.smith.edu\/terezin\/wp-json\/wp\/v2\/comments?post=1453"}],"version-history":[{"count":6,"href":"https:\/\/sites.smith.edu\/terezin\/wp-json\/wp\/v2\/pages\/1453\/revisions"}],"predecessor-version":[{"id":1510,"href":"https:\/\/sites.smith.edu\/terezin\/wp-json\/wp\/v2\/pages\/1453\/revisions\/1510"}],"up":[{"embeddable":true,"href":"https:\/\/sites.smith.edu\/terezin\/wp-json\/wp\/v2\/pages\/480"}],"wp:featuredmedia":[{"embeddable":true,"href":"https:\/\/sites.smith.edu\/terezin\/wp-json\/wp\/v2\/media\/761"}],"wp:attachment":[{"href":"https:\/\/sites.smith.edu\/terezin\/wp-json\/wp\/v2\/media?parent=1453"}],"curies":[{"name":"wp","href":"https:\/\/api.w.org\/{rel}","templated":true}]}}